{"id":22,"date":"2022-05-04T08:40:22","date_gmt":"2022-05-04T08:40:22","guid":{"rendered":"https:\/\/p\u00fcr.ee\/?page_id=22"},"modified":"2025-10-04T17:27:39","modified_gmt":"2025-10-04T14:27:39","slug":"mineraal-kosmeetika","status":"publish","type":"page","link":"https:\/\/purbeauty.eu\/en\/mineraal-kosmeetika\/","title":{"rendered":"Terms of Service"},"content":{"rendered":"<h3>\n\t\t\t\tTerms of Service\n\t\t\t<\/h3>\n\t<p>&nbsp;<\/p>\n<strong>1. Validity of sales conditions<\/strong>\n<p>1.1 The terms and conditions of sale apply to the rights and obligations arising from the purchase of goods between P\u00dcR customers (hereinafter the Customer) and P\u00dcR Cosmetics O\u00dc, registry code 16421821, address Jaama 76, Tartu, 50605, Estonia (hereinafter P\u00dcR).<\/p>\n<p>1.2 \u00a0 \u00a0In addition to these terms and conditions, the legal relationships arising from the purchase of P\u00dcR products are governed by the legislation in force in the Republic of Estonia.<\/p>\n<p>1.3 P\u00dcR reserves the right to make changes to sales conditions and sales prices. The mentioned changes will be reflected on the p\u00fcr.ee website.<\/p>\n<p>&nbsp;<\/p>\n<p><strong>2. Prices<\/strong><\/p>\n<p>&nbsp;<\/p>\n<p>2.1 All prices on the P\u00dcR website are VAT-free.<\/p>\n<p>2.2 The displayed discount percentages are rounded to the nearest whole number.<\/p>\n<p>&nbsp;<\/p>\n<p><strong>3. Completion of the order<\/strong><\/p>\n<p>&nbsp;<\/p>\n<p>3.1\u00a0\u00a0\u00a0\u00a0 To order products, find suitable products and add them to the shopping cart. You can view the contents of your shopping cart by clicking on the shopping cart icon in the header or footer of the web page.<\/p>\n<p>3.2 It is possible to change the quantities of products in the shopping cart by writing the desired number of products in the quantity field. You can remove products from the shopping cart by clicking on the cross on the same line.<\/p>\n<p>3.3 Before completing the order, please select a suitable delivery method for the delivery of the package.<\/p>\n<p>3.4 To place an order, press the &quot;place order&quot; button. If you are already a registered user of P\u00dcR, please log in to your account. If you are ordering products for the first time, press &quot;register&quot; and enter your contact information.<\/p>\n<p>3.5 Press the &quot;order and pay&quot; button to confirm the order. You will then be issued an advance invoice, which you can pay immediately by credit card, bank link or bank transfer. An order confirmation and a copy of the invoice will be sent to your email address. Order history and invoices can be managed under the &quot;account&quot; icon.<\/p>\n<p>3.6\u00a0\u00a0\u00a0\u00a0 We will post the products after payment of the invoice.<\/p>\n<p>&nbsp;<\/p>\n<p><strong>4. Entry into force of the sales contract<\/strong><\/p>\n<p>&nbsp;<\/p>\n<p>4.1 The customer binds himself to the order and payment for it after pressing the &quot;order and pay&quot; button.<\/p>\n<p>4.2 The sales contract enters into force from the moment the total amount of the order has been received on the current account of P\u00dcR Cosmetics O\u00dc.<\/p>\n<p>4.3. The customer has the right within 14 days from receiving the goods or completing the order, if the goods have not yet reached the customer, to notify P\u00dcR of the wish to withdraw from the contract and to demand the return of the entire amount paid. Purchased goods cannot be returned if the ordered goods are made as a special order considering the Customer's personal needs. The returned item must not be used and must be in the original packaging. The direct costs of returning the goods must be covered by the Customer. The goods must be returned within 14 days of submitting the withdrawal request.<\/p>\n<p>&nbsp;<\/p>\n<p><strong>Shipping &amp; returns<\/strong><\/p>\n<p>&nbsp;<\/p>\n<p>5.1. After the sales contract enters into force (payment of the customer's invoice), P\u00dcR completes the order and hands it over to P\u00dcR's logistics partner(s) for delivery.<\/p>\n<p>5.2. If you used the domestic Omniva\/DPD\/Itella Smartpost parcel machine service, the order will be issued from the parcel machine selected by the Customer within Estonia within 1-3 working days. When the order arrives at the parcel machine, a message is sent to the Customer's mobile phone, which contains the location of the parcel machine, opening hours and personal door code. When entering the code on the touch screen of the parcel machine, the door of the parcel machine opens and the Customer receives the package. Shipments are stored in the parcel machine free of charge for 7 calendar days, starting from the arrival of the message on the Customer's mobile phone. The package is then returned to P\u00dcR.<\/p>\n<p>5.3. If you used the international Itella Smartpost parcel machine service (extends only to Finnish customers), the order will be issued from the parcel machine selected by the Customer in Finland within 3-5 working days. When the order arrives at the parcel machine, a message is sent to the Customer&#039;s mobile phone, which contains the location of the parcel machine, opening hours and personal door code. When entering the code on the touch screen of the parcel machine, the door of the parcel machine opens and the Customer receives the package. Shipments are stored free of charge in the SmartPOST parcel machine for 7 calendar days, from the moment the message arrives on the Customer&#039;s mobile phone. The package is then returned to P\u00dcR.<\/p>\n<p>5.4. If you used the international Itella Smartpost post office service (extends only to Finnish customers), the order will be issued from the customer's chosen post office in Finland within 5-7 working days. When the package has reached its destination, the Customer will be notified of the package's arrival in the mailbox. The parcel is stored at the post office for 14 calendar days, from the arrival of the package at the post office. The package is then returned to P\u00dcR.<\/p>\n<p>5.5. Products damaged during transport, but not product packaging, will be replaced for the Customer. In the event that replacing the product should prove impossible, the Customer will be reimbursed for the cost of the goods.<\/p>\n<p>5.6. P\u00dcR is not responsible for the delay in the delivery of goods if the goods have been handed over to the logistics partner on time, but the delay in delivery is due to circumstances that P\u00dcR could not influence or foresee.<\/p>\n<p>&nbsp;<\/p>\n<p><strong>6. Right of Withdrawal<\/strong><\/p>\n<p>&nbsp;<\/p>\n<p>6.1 Products purchased from the P\u00dcR website are subject to a 14-day right of withdrawal from receipt of the goods. If the product ordered from the e-store does not suit the Customer, he can return it to the e-store.<\/p>\n<p>6.2 In order to return the goods, you must submit an application for withdrawal from the purchase of the goods, the form of which can be found here: application for withdrawal or contact P\u00dcR customer service by sending an e-mail to \u00a0<a tabindex=\"0\" href=\"mailto:info@p\u00fcr.ee\">info@p\u00fcr.ee<\/a>. After receiving the withdrawal statement, P\u00dcR sends the Customer a confirmation of the receipt of the withdrawal statement.<\/p>\n<p>6.3 The purchased product must be returned immediately, but no later than within 14 days from the submission of the product return application.<\/p>\n<p>6.4 In order to exercise the right of return, the returned product must be unused and the product packaging must be intact and undamaged.<\/p>\n<p>6.5 The 14-day right of withdrawal does not apply to goods if:<\/p>\n<ol>\n<li>the product cannot be returned for reasons of health protection or hygiene (e.g. make-up, cosmetics, perfumes, hygiene products, nutritional supplements and food products, drinks, blankets, pillows, etc.) or the product has been used or opened or whose use (or non-use) cannot be controlled;<\/li>\n<li>the content of the order is flowers, floral arrangements or flower bouquets in accordance with V\u00d5S \u00a7 53 (4) p. 4;<\/li>\n<li>the product is mixed or combined with some other product or goods so that they can no longer be separated from each other;<\/li>\n<li>the product has been used for economic and professional purposes;<\/li>\n<li>the failure was caused by improper use of the device (failure to follow the instructions);<\/li>\n<li>the device has been used with an inappropriate voltage;<\/li>\n<li>the product has mechanical damage or is broken (e.g. due to a fall);<\/li>\n<li>this is in case of normal wear and tear of the device and errors that do not impair the value or use of the device;<\/li>\n<li>the device has been repaired by a maintenance person not authorized by the importer.<\/li>\n<\/ol>\n<p>6.6 The costs of returning the goods are borne by the Customer, unless the reason for the return is non-conformity with what was ordered or scrap goods.<\/p>\n<p>6.7 In case of returning the goods, the amount paid for the purchase will be returned to the Customer as soon as possible, but no later than within 14 days from the submission of the withdrawal request. P\u00dcR may refuse to make refunds until the item that is the subject of the contract has been returned or until the Customer has provided evidence that he has returned the item, depending on which occurs earlier.<\/p>\n<p>6.8 \u00a0 P\u00dcR reserves the right to refuse to accept an order or to refuse to fulfill an order, for example, but not only, in the event that the price list is published due to an error or technical failure.<\/p>\n<p>&nbsp;<\/p>\n<p><strong>7. Use of purchased goods\/products for economic or professional purposes (including legal entities)<\/strong><\/p>\n<p>&nbsp;<\/p>\n<p>7.1 If the purchased product has been used for economic or professional purposes or if the buyer has been a legal entity, then the usual procedure for submitting claims does not apply. In the case of the mentioned cases, as a rule, the time for submitting claims is 6 months or more, if the manufacturer has so allowed. During this period, the product will be replaced or repaired in the event of defects on the part of the manufacturer.<\/p>\n<p>7.2 Products will not be replaced if:<\/p>\n<ol>\n<li>the product is unfit for use due to health protection or hygiene reasons, or it has been used or opened (cosmetic products, etc.);<\/li>\n<li>the product is mixed or combined with some other product or goods so that they can no longer be separated from each other;<\/li>\n<li>the product has been used for economic and professional purposes;<\/li>\n<li>the product is unfit for use due to health protection or hygiene reasons, or it has been used or opened (cosmetic products, etc.);<\/li>\n<li>the device has been used with an inappropriate voltage;<\/li>\n<li>the product has mechanical damage or is broken (e.g. due to a fall);<\/li>\n<li>this is in case of normal wear and tear of the device and errors that do not impair the value or use of the device;<\/li>\n<li>the device has been repaired by a maintenance person not authorized by the importer.<\/li>\n<\/ol>\n<p>&nbsp;<\/p>\n<p><strong>8. Liability<\/strong><\/p>\n<p>&nbsp;<\/p>\n<p>P\u00dcR and the Customer are responsible for the damage caused to the other party by violation of these terms and conditions in the cases and to the extent provided by the legislation in force in the Republic of Estonia.<\/p>\n<p>&nbsp;<\/p>\n<p><strong>9. Force Majeure<\/strong><\/p>\n<p>&nbsp;<\/p>\n<p>5.6. P\u00dcR is not responsible for the delay in the delivery of goods if the goods have been handed over to the logistics partner on time, but the delay in delivery is due to circumstances that P\u00dcR could not influence or foresee.<\/p>\n<p>&nbsp;<\/p>\n<p><strong>10. Protection and security of personal data<\/strong><\/p>\n<p>&nbsp;<\/p>\n<p>Information and personal data collected during visits to the P\u00dcR page and ordering are treated as confidential and will not be disclosed to third parties. Encrypted data communication with banks when paying for purchases ensures the security of the Customer's personal bank credentials.<\/p>\n<p>&nbsp;<\/p>\n<p><strong>11. Procedure for submitting claims<\/strong><\/p>\n<p>&nbsp;<\/p>\n<p>11.1 P\u00dcR is responsible for the non-compliance of the goods sold to the Customer with the contract conditions or defects that appear within two years from the delivery of the goods to the Customer. In the event of product non-compliance or defects, please forward the claim to the email address <a tabindex=\"0\" href=\"mailto:info@p\u00fcr.ee\">info@p\u00fcr.ee<\/a>.<\/p>\n<p>11.2 The following must be stated in the claim:<\/p>\n<ol>\n<li>Customer's name and contact details;<\/li>\n<li>The date and order\/invoice number of the complaint;<\/li>\n<li>Lack of goods;<\/li>\n<li>Claim submitted to P\u00dcR;<\/li>\n<li>A document proving the execution of the transaction or guarantee must be referred to or a copy of it must be attached to the complaint.<\/li>\n<\/ol>\n<p>11.3 A claim regarding the discovery of non-compliance or defects of the product must be submitted within two months from the discovery of the non-compliance or defect of the product.<\/p>\n<p>11.4 In the event of a defect in the goods, please stop using the goods.<\/p>\n<p>11.5 P\u00dcR responds to the claim no later than 15 days after receiving the claim from the Customer.<\/p>\n<p>11.6 P\u00dcR is not responsible for the occurrence of product defects due to the Customer's fault, for defects that have arisen as a result of improper storage or use of the product. Defects include product defects, but not product packaging defects.<\/p>\n<p>11.7 In the event that the product does not meet the contract conditions, has defects or malfunctions, the Customer has the right to demand repair or replacement of the product. In the event that product repair or replacement is not possible, fails or causes unreasonable inconvenience to the Customer, the Customer has the right to withdraw from the contract and demand a refund.<\/p>\n<p>&nbsp;<\/p>\n<p><strong>12. Processing of the client's personal data<\/strong><\/p>\n<p>&nbsp;<\/p>\n<p>12.1. P\u00dcR processes the personal data submitted by the Client in accordance with the requirements established in the Personal Data Protection Act. Detailed information on the personal data processing process can be found on this page.<\/p>\n<p>12.2. The processed personal data are the data requested from the Customer when joining the loyalty program, registering an e-shop account and\/or placing an order (first and last name, address, telephone number, e-mail address, current account number, shopping cart contents and purchase history).<\/p>\n<p>12.3. P\u00dcR processes the Customer's personal data for order fulfillment (including delivery of order-related notifications), payment for products, delivery of products, preparation and delivery of offers and news.<\/p>\n<p>12.4. The controller of the customer's personal data of the e-shop www.p\u00fcr.ee is P\u00dcR Cosmetics O\u00dc, with registration code 16421821, address Jaama 76, Tartu, 50605 Republic of Estonia, telephone +372 5398 1101, e-mail\u00a0<a href=\"mailto: info@p\u00fcr.ee\">info@p\u00fcr.ee<\/a><\/p>\n<p>12.5. P\u00dcR does not forward the Customer's personal data to third parties, except for:<\/p>\n<p>12.5.1. to the company providing the courier service to the extent necessary for the delivery of the products to the Customer or the consumption of the service;<\/p>\n<p>12.5.2. to the suppliers of the products included in the order (customer name and phone number) to fulfill the order and ensure customer service.<\/p>\n<p>12.5.3. In the cases provided in clauses 12.5.1 and 12.5.2, the Customer's personal data is processed only for the purpose of fulfilling the order, and authorized processors ensure the same level of personal data protection as P\u00dcR.<\/p>\n<p>12.6. The customer has the right to consult his personal data at any time and to demand that these data be changed or deleted, unless the law provides otherwise, by contacting P\u00dcR by e-mail <a href=\"mailto:info@p\u00fcr.ee\">info@p\u00fcr.ee<\/a>.<\/p>\n<p>12.7. If the Customer has expressed a desire and consented to receive newsletters and\/or personal offers prepared by P\u00dcR, the Customer always has the right to withdraw this consent by sending a corresponding notification to P\u00dcR's e-mail address <a href=\"mailto:info@p\u00fcr.ee\">info@p\u00fcr.ee<\/a>\u00a0or by clicking on the link indicated for each offer sent by e-mail or SMS.<\/p>\n<p>12.8. The customer has the right at any time to apply for the transfer of his personal data to another data processor by contacting P\u00dcR with a digitally signed request at the e-mail address <a tabindex=\"0\" href=\"mailto:info@p\u00fcr.ee\">info@p\u00fcr.ee<\/a>. P\u00dcR has the right to refuse the direct transmission of personal data to another data processor in the event that data transmission to a third party is not safe in P\u00dcR's opinion.<\/p>\n<p>12.9. In the event that the Customer finds that his rights are violated during the processing of personal data within the framework of the loyalty program or in the shopping environment of the e-store, the Customer has the right to appeal to the Data Protection Inspectorate and the court.<\/p>\n<p>&nbsp;<\/p>\n<p><strong>13. Dispute Resolution Procedure<\/strong><\/p>\n<p>&nbsp;<\/p>\n<p>If the Customer has complaints about P\u00dcR, they must be sent to the e-mail address <a tabindex=\"0\" href=\"mailto:info@p\u00fcr.ee\">info@p\u00fcr.ee<\/a>. If the Customer and P\u00dcR cannot resolve the dispute by agreement, the buyer can turn to the Consumer Disputes Committee. You can familiarize yourself with the procedural conditions and submit an application here. The competence of the Consumer Disputes Committee is to resolve disputes arising from the contract concluded between the Customer and the P\u00dcr. Review of the customer's complaint by the commission is free of charge. The customer can turn to the platform for resolving consumer disputes of the European Union.<\/p>","protected":false},"excerpt":{"rendered":"<p>Terms of Sale 1. Validity of the Terms of Sale 1.1 The Terms of Sale apply to the rights and obligations arising from the purchase of goods between P\u00dcR customers (hereinafter referred to as the Customer) and P\u00dcR Cosmetics O\u00dc, registry code 16421821, address Jaama 76, Tartu, 50605, Estonia (hereinafter referred to as P\u00dcR). 1.2 In addition to these terms and conditions, the legal relations arising from the purchase of P\u00dcR products are regulated by the legislation in force in the Republic of Estonia. 1.3 P\u00dcR reserves the right\u2026<\/p>","protected":false},"author":1,"featured_media":0,"parent":0,"menu_order":0,"comment_status":"closed","ping_status":"closed","template":"","meta":{"_acf_changed":false,"footnotes":""},"class_list":["post-22","page","type-page","status-publish","hentry"],"acf":[],"jetpack_sharing_enabled":true,"_links":{"self":[{"href":"https:\/\/purbeauty.eu\/en\/wp-json\/wp\/v2\/pages\/22","targetHints":{"allow":["GET"]}}],"collection":[{"href":"https:\/\/purbeauty.eu\/en\/wp-json\/wp\/v2\/pages"}],"about":[{"href":"https:\/\/purbeauty.eu\/en\/wp-json\/wp\/v2\/types\/page"}],"author":[{"embeddable":true,"href":"https:\/\/purbeauty.eu\/en\/wp-json\/wp\/v2\/users\/1"}],"replies":[{"embeddable":true,"href":"https:\/\/purbeauty.eu\/en\/wp-json\/wp\/v2\/comments?post=22"}],"version-history":[{"count":0,"href":"https:\/\/purbeauty.eu\/en\/wp-json\/wp\/v2\/pages\/22\/revisions"}],"wp:attachment":[{"href":"https:\/\/purbeauty.eu\/en\/wp-json\/wp\/v2\/media?parent=22"}],"curies":[{"name":"wp","href":"https:\/\/api.w.org\/{rel}","templated":true}]}}