{"id":2935,"date":"2023-02-17T16:21:02","date_gmt":"2023-02-17T14:21:02","guid":{"rendered":"https:\/\/purestonia.ee\/?page_id=2935"},"modified":"2023-12-10T19:06:04","modified_gmt":"2023-12-10T17:06:04","slug":"rohkeminfot","status":"publish","type":"page","link":"https:\/\/purbeauty.eu\/en\/rohkeminfot\/","title":{"rendered":"Procedure for using cookies in the P\u00dcR e-shop"},"content":{"rendered":"<h3>\n\t\t\t\tProcedure for using cookies in the P\u00dcR e-shop\n\t\t\t<\/h3>\n\t\t\t\t\t\t<h5 tabindex=\"0\">What is a cookie?<\/h5>\n\t\t\t<p>Sarnaselt paljudele teistele kasutab ka P\u00dcR &#8221;k\u00fcpsisteks&#8221; kutsutavaid tekstifaile, mille eesm\u00e4rk on aidata meil lehte arendada ja tagada parim kasutajakogemus. K\u00fcpsis (cookie) on v\u00e4iksemahuline tekstifail, mille veebiserver saadab kasutaja veebilehitsejale, mis seej\u00e4rel salvestatakse kasutaja arvuti k\u00f5vakettale. K\u00fcpsised ise kasutaja seadmest informatsiooni ei loe ega levita seda ka internetiavarustes.<\/p>\n\t\t\t\t\t\t<h5 tabindex=\"0\">What cookies does P\u00dcR use?<\/h5>\n\t\t\t<p>Websites use cookies to provide the user with a personalized user experience and more convenient page navigation. As a result of visiting this website, your browser may store cookies in the following categories:<\/p>\n\t\t\t\t\t\t<h5 tabindex=\"0\">Cookies necessary to fulfill the main purposes of the website<\/h5>\n\t\t\t<p>These cookies are essential to ensure that the user has access to the customer-oriented services offered on this website and to use some features, such as access to secure areas. Without these cookies, desired services such as payment methods, secure account login and other bonuses that come with having a customer account would not be possible. These cookies are also important so that location-based information about products, delivery information, etc. reaches the customer.<\/p>\n\t\t\t\t\t\t<h5 tabindex=\"0\">Functionality and performance cookies<\/h5>\n\t\t\t<p>These cookies support the performance and functionality of our website, but are not necessarily essential for the website to function. With the help of these cookies, the website identifies the user and (if desired) remembers the customer&#039;s login data, allows the products added to the shopping cart to be stored for a certain period of time, etc.<\/p>\n\t\t\t\t\t\t<h5 tabindex=\"0\">Analytics<\/h5>\n\t\t\t<p>P\u00dcR uses the widely used Google analytics software and uses it to measure website traffic and map behavior patterns. The received data helps us better understand the behavior of visitors in the online store and gives us the opportunity to offer the best technical solutions to the user. These cookies are used only for statistical purposes and do not identify individual visitors.<\/p>\n\t\t\t\t\t\t<h5 tabindex=\"0\">Third Parties \/ Advertising and Social Media<\/h5>\n\t\t\t<p>P\u00dcR veebilehel kasutatakse mitmeid usaldusv\u00e4\u00e4rseid kolmandate osapoolte k\u00fcpsiseid. See v\u00f5imaldab kasutajal jagada lehti sotsiaalv\u00f5rgustikes ning kuvada personaliseeritud ja asjakohast reklaami. N\u00f5nda v\u00f5imaldavad need k\u00fcpsiseid kuvada reklaame n\u00e4iteks erinevatel Google&#8217;i ja Google&#8217;i partnerettev\u00f5tete platvormidel. Nende k\u00fcpsiste kasutamine ei h\u00f5lma isikuandmete k\u00e4sitlemist.<\/p>\n\t\t\t\t\t\t<h5 tabindex=\"0\">How to limit or delete the use of cookies?<\/h5>\n\t\t\t<p>In most cases, it is possible to configure the web browser in such a way that the use of cookies is restricted or terminated. All modern web browsers allow optimization of settings related to cookies. However, it is worth remembering that restricting the use of cookies necessary to fulfill the main purposes of the website may affect the user experience and\/or the service options we offer in the online store. More information about cookies and limiting their use can be found on the website www.youronlinechoices.com.<\/p>","protected":false},"excerpt":{"rendered":"<p>K\u00fcpsiste kasutamise kord P\u00dcR e-poes Mis on k\u00fcpsis? Sarnaselt paljudele teistele kasutab ka P\u00dcR &#8221;k\u00fcpsisteks&#8221; kutsutavaid tekstifaile, mille eesm\u00e4rk on aidata meil lehte arendada ja tagada parim kasutajakogemus. K\u00fcpsis (cookie) on v\u00e4iksemahuline tekstifail, mille veebiserver saadab kasutaja veebilehitsejale, mis seej\u00e4rel salvestatakse kasutaja arvuti k\u00f5vakettale. K\u00fcpsised ise kasutaja seadmest informatsiooni ei loe ega levita seda ka&hellip;<\/p>","protected":false},"author":1,"featured_media":0,"parent":0,"menu_order":0,"comment_status":"closed","ping_status":"closed","template":"","meta":{"_acf_changed":false,"footnotes":""},"class_list":["post-2935","page","type-page","status-publish","hentry"],"acf":[],"jetpack_sharing_enabled":true,"_links":{"self":[{"href":"https:\/\/purbeauty.eu\/en\/wp-json\/wp\/v2\/pages\/2935","targetHints":{"allow":["GET"]}}],"collection":[{"href":"https:\/\/purbeauty.eu\/en\/wp-json\/wp\/v2\/pages"}],"about":[{"href":"https:\/\/purbeauty.eu\/en\/wp-json\/wp\/v2\/types\/page"}],"author":[{"embeddable":true,"href":"https:\/\/purbeauty.eu\/en\/wp-json\/wp\/v2\/users\/1"}],"replies":[{"embeddable":true,"href":"https:\/\/purbeauty.eu\/en\/wp-json\/wp\/v2\/comments?post=2935"}],"version-history":[{"count":0,"href":"https:\/\/purbeauty.eu\/en\/wp-json\/wp\/v2\/pages\/2935\/revisions"}],"wp:attachment":[{"href":"https:\/\/purbeauty.eu\/en\/wp-json\/wp\/v2\/media?parent=2935"}],"curies":[{"name":"wp","href":"https:\/\/api.w.org\/{rel}","templated":true}]}}