{"id":22,"date":"2022-05-04T08:40:22","date_gmt":"2022-05-04T08:40:22","guid":{"rendered":"https:\/\/p\u00fcr.ee\/?page_id=22"},"modified":"2025-10-04T17:27:39","modified_gmt":"2025-10-04T14:27:39","slug":"mineraal-kosmeetika","status":"publish","type":"page","link":"https:\/\/purbeauty.eu\/fi\/mineraal-kosmeetika\/","title":{"rendered":"Myyntiehdot"},"content":{"rendered":"<h3>\n\t\t\t\tMyyntiehdot\n\t\t\t<\/h3>\n\t<p>&nbsp;<\/p>\n<strong>1. Myyntiehtojen voimassaolo<\/strong>\n<p>1.1 myyntiehtoja sovelletaan P\u00dcR asiakkaan (j\u00e4ljemp\u00e4n\u00e4 Asiakas) ja P\u00dcR Kosmetiikka O\u00dc, rekisterin 16421821, osoite jaama 76, Tartu, 50605, Viro (j\u00e4ljemp\u00e4n\u00e4 P\u00dcR) v\u00e4lill\u00e4 ostamalla tavaroita kehittyvill\u00e4 oikeudet ja velvollisuudet.<\/p>\n<p>1.2 n\u00e4iden ehtojen Lis\u00e4ksi ja ehtoja sovelletaan P\u00dcR tuotteita ostaessaan oikeudellisia suhteita, jotka johtuvat voimassa olevasta lains\u00e4\u00e4d\u00e4nn\u00f6st\u00e4 Virossa.<\/p>\n<p>1.3 P\u00dcR pid\u00e4tt\u00e4\u00e4 oikeuden tehd\u00e4 muutoksia olosuhteissa myynti ja myynti hinnat. N\u00e4m\u00e4 muutokset n\u00e4kyv\u00e4t p\u00fcr.ee verkkosivuilla.<\/p>\n<p>&nbsp;<\/p>\n<p><strong>2. Hinnat<\/strong><\/p>\n<p>&nbsp;<\/p>\n<p>2.1 Kaikki hinnat P\u00dcR verkkosivuilla on vapautettu.<\/p>\n<p>2.2 N\u00e4ytt\u00f6\u00f6n soodusprotsent on py\u00f6ristetty kokonaisluvuksi.<\/p>\n<p>&nbsp;<\/p>\n<p><strong>3. Tilaaminen<\/strong><\/p>\n<p>&nbsp;<\/p>\n<p>3.1 tuotteita, jotta l\u00f6yt\u00e4\u00e4 sopivat tuotteet ja lis\u00e4\u00e4 ne ostoskoriisi. Ostoskoriisi, voit n\u00e4hd\u00e4, jos painat sivuston yl\u00e4tunniste-tai alatunniste-ostoskori-kuvaketta.<\/p>\n<p>3.2 ostoskori m\u00e4\u00e4ri\u00e4 tuotteita voidaan muuttaa kirjoittamalla m\u00e4\u00e4r\u00e4 ruutuun haluamasi m\u00e4\u00e4r\u00e4 tuotteita. Tuotteet voit korista poistaa painamalla samalla rivill\u00e4 rajat.<\/p>\n<p>3.3 Ennen tilauksen, ole hyv\u00e4 ja valitse paketti toimitus sopiva toimitustapa.<\/p>\n<p>3.4 Voit tehd\u00e4 tilauksen painamalla &quot;Tee tilaus&quot; -painiketta. Jos olet jo P\u00dcR:n rekister\u00f6ity k\u00e4ytt\u00e4j\u00e4, kirjaudu sis\u00e4\u00e4n tilillesi. Jos tilaat tuotteita ensimm\u00e4ist\u00e4 kertaa, paina &quot;rekister\u00f6idy&quot; ja sy\u00f6t\u00e4 yhteystietosi.<\/p>\n<p>3.5 Vahvista tilaus painamalla &quot;tilaa ja maksa&quot; -painiketta. T\u00e4m\u00e4n j\u00e4lkeen sinulle l\u00e4hetet\u00e4\u00e4n ennakkolasku, jonka voit maksaa heti luottokortilla, pankkilinkill\u00e4 tai tilisiirrolla. Tilausvahvistus ja kopio laskusta l\u00e4hetet\u00e4\u00e4n s\u00e4hk\u00f6postiosoitteeseesi. Tilaushistoriaa ja laskuja voi hallita &quot;tili&quot;-kuvakkeen alla.<\/p>\n<p>3.6 Tuotteet, me julkaisemme sen j\u00e4lkeen, kun maksu laskun.<\/p>\n<p>&nbsp;<\/p>\n<p><strong>4. Myyntisopimuksen tultua voimaan<\/strong><\/p>\n<p>&nbsp;<\/p>\n<p>4.1 Asiakas sitoutuu tilaukseen ja sen maksamiseen painamalla &quot;Tilaa ja maksan&quot; -painiketta.<\/p>\n<p>4.2 Sopimus tulee voimaan siit\u00e4 hetkest\u00e4, kun tilauksen kokonaissumma on vastaanottanut P\u00dcR Kosmetiikka LLC pankkitili.<\/p>\n<p>4.3. Asiakkaalla on oikeus 14 p\u00e4iv\u00e4n kuluessa tavaran vastaanottamisesta tai j\u00e4rjestyksess\u00e4 tavarat, jos tavarat eiv\u00e4t ole viel\u00e4 Asiakas saavutti ilmoitettava P\u00dcR-le peruuttaa sopimus ja vaatia koko maksetun m\u00e4\u00e4r\u00e4n palauttamista. Ostettuja tuotteita ei voi palauttaa, kun tilatut tuotteet ovat Asiakkaan henkil\u00f6kohtaiset tarpeet mittatilausty\u00f6n\u00e4. Palautettava tavara ei saa olla k\u00e4ytetty ja sen on oltava alkuper\u00e4isess\u00e4 pakkauksessa. Kustannukset tavaroiden palauttamisesta aiheutuvista kustannuksista vastaa Asiakas. Tavarat on palautettava 14 p\u00e4iv\u00e4n kuluessa siit\u00e4 hetkest\u00e4 ilmoitus huolinta j\u00e4tt\u00e4misest\u00e4.<\/p>\n<p>&nbsp;<\/p>\n<p><strong>5. Toimitus<\/strong><\/p>\n<p>&nbsp;<\/p>\n<p>5.1. Kun myyntisopimus tulee voimaan (client-side maksaminen lasku) valmistunut malleja P\u00dcR j\u00e4rjestyksess\u00e4 ja antaa sen yli toimitus P\u00dcR logistikapartneri(s).<\/p>\n<p>5.2. Jos k\u00e4ytet\u00e4\u00e4n sis\u00e4ist\u00e4 Omniva\/DPD\/Itella Smartpost-paketti terminal services, niin j\u00e4rjestys on annettava Asiakkaalle valitun terminaalin Virossa, 1-3 arkip\u00e4iv\u00e4n kuluessa. Tilauksen saapumisesta terminaaliin l\u00e4hetet\u00e4\u00e4n Asiakkaan matkapuhelimeen viestin, joka sis\u00e4lt\u00e4\u00e4 p\u00e4\u00e4telaitteen sijainti, aukioloajat ja henkil\u00f6kohtainen k\u00e4ytt\u00e4minen ovikoodin. Koodi sy\u00f6tt\u00e4\u00e4 terminal touch screen, avaa terminaali oven, ja Asiakas voi noutaa paketin. Toimitus talletus on ilmainen paketti terminaali 7 kalenteri p\u00e4iv\u00e4\u00e4, alkaen viestin saapumisesta tilaajalle mobiili. Sitten palasi pack P\u00dcR-le.<\/p>\n<p>5.3.  Jos k\u00e4ytit kansainv\u00e4list\u00e4 Itella Smartpost -pakettiautomaattipalvelua (laajentuu vain suomalaisille asiakkaille), tilaus l\u00e4hetet\u00e4\u00e4n Asiakkaan valitsemasta pakettiautomaatista Suomessa 3-5 arkip\u00e4iv\u00e4n kuluessa. Kun tilaus saapuu pakettiautomaattiin, Asiakkaan matkapuhelimeen l\u00e4hetet\u00e4\u00e4n viesti, joka sis\u00e4lt\u00e4\u00e4 pakettiautomaatin sijainnin, aukioloajat ja henkil\u00f6kohtaisen ovikoodin. Kun koodi sy\u00f6tet\u00e4\u00e4n pakettiautomaatin kosketusn\u00e4yt\u00f6lle, pakettiautomaatin ovi avautuu ja Asiakas vastaanottaa paketin. L\u00e4hetyksi\u00e4 s\u00e4ilytet\u00e4\u00e4n maksutta SmartPOST-pakettiautomaatissa 7 kalenterip\u00e4iv\u00e4\u00e4 siit\u00e4 hetkest\u00e4, kun viesti saapuu Asiakkaan matkapuhelimeen. T\u00e4m\u00e4n j\u00e4lkeen paketti palautetaan P\u00dcR:lle.<\/p>\n<p>5.4. Jos olet k\u00e4ytt\u00e4nyt kansainv\u00e4lisen Itella Smartpost post office service (ulottuu vain suomalaiset asiakkaat), niin j\u00e4rjestys on annettava Asiakkaan valitseman postiin Suomessa, 5-7 ty\u00f6p\u00e4iv\u00e4\u00e4. Jos paketti on saapunut kohteeseen, on toimitettava Asiakkaalle pack saapumista viestej\u00e4 postilaatikkoon. L\u00e4hetyst\u00e4 s\u00e4ilytet\u00e4\u00e4n postissa 14 vuorokautta, paketin saapumisesta postiin. Sitten palasi pack P\u00dcR-le.<\/p>\n<p>5.5. Kuljetuksen aikana loukkaantunut tuotteita, mutta ei tootepakendid, korvataan Asiakkaalle. Jos tuote korvaaminen pit\u00e4isi olla mahdotonta, korvataan Asiakkaalle hinta hy\u00f6dyke.<\/p>\n<p>5.6. P\u00dcR ei ole vastuussa toimituksen j\u00e4\u00e4d\u00e4 tavarat, jos tavarat ovat logistikapartnerile siirt\u00e4\u00e4 ajoissa, mutta toimitus on pysy\u00e4, koska tosiasiat, ett\u00e4 P\u00dcR ei vaikuta tai ennakoida.<\/p>\n<p>&nbsp;<\/p>\n<p><strong>6. Peruuttamisoikeus<\/strong><\/p>\n<p>&nbsp;<\/p>\n<p>6.1 P\u00dcR verkkosivuilla ostettujen tuotteiden on oltava voimassa alkaen tavaran vastaanottamisesta 14 p\u00e4iv\u00e4n peruuttamisoikeus. Jos e-kauppa, mist\u00e4 tilattu tuote Asiakkaalle ei ole sopiva, voi olla e-store palauttaa.<\/p>\n<p>6.2 paluu Tavarat on toimitettava tavaroiden ostoon peruuttaminen lausunnon muodossa, joka l\u00f6ytyy t\u00e4\u00e4lt\u00e4: taganemisavaldus tai ota yhteytt\u00e4 P\u00dcR asiakaspalveluun l\u00e4hett\u00e4m\u00e4ll\u00e4 e-mail osoite \u00a0<a tabindex=\"0\" href=\"mailto:info@p\u00fcr.ee\">info@p\u00fcr.ee<\/a>. Sen j\u00e4lkeen, kun ilmoitus huolinta kuitti l\u00e4hett\u00e4\u00e4 P\u00dcR Asiakas vahvistus heti ilmoitus huolinta vastaanottamisesta.<\/p>\n<p>6.3 Ostettu tuote on palautettava viipym\u00e4tt\u00e4, mutta viimeist\u00e4\u00e4n 14 p\u00e4iv\u00e4n kuluessa tuotteen palautuksen esitt\u00e4minen vetoomuksen.<\/p>\n<p>6.4 Tagastamis\u00f5iguse k\u00e4ytt\u00f6 on palautettava tuote on k\u00e4ytt\u00e4m\u00e4t\u00f6n ja tuotteen pakkaus ehj\u00e4 ja vahingoittumaton.<\/p>\n<p>6.5 14 p\u00e4iv\u00e4n peruuttamisoikeus ei koske tavaroita, jos:<\/p>\n<ol>\n<li>tuote ei ole sinun luonto terveydensuojelu-tai hygieniasyist\u00e4 palauttaa (esim., meikki, kosmetiikka, hajuvedet, hygieniatuotteet, ravintolis\u00e4t ja elintarvikkeet, juomat, peitot, tyynyt, jne.) tai tuotetta on k\u00e4ytetty, tai avata tai k\u00e4ytt\u00e4\u00e4 (tai k\u00e4ytt\u00e4m\u00e4tt\u00e4 j\u00e4tt\u00e4minen) ei voi valvoa;<\/li>\n<li>tilaus on tehty kukkia, lilleseseaded tai kimppuja mukaan velvoiteoikeus \u00a753 lg 4 p 4;<\/li>\n<li>tuote on sekoitettu tai yhdistetty muihin tuotteisiin tai tavaroihin, niin ett\u00e4 he voivat ei en\u00e4\u00e4 voida erottaa toisistaan;<\/li>\n<li>tuotetta k\u00e4ytet\u00e4\u00e4n talous-ja ammattik\u00e4ytt\u00f6\u00f6n.<\/li>\n<li>vika on aiheutunut laitteen v\u00e4\u00e4r\u00e4st\u00e4 k\u00e4yt\u00f6st\u00e4 (ohjeen noudattamatta j\u00e4tt\u00e4minen);<\/li>\n<li>laite on k\u00e4ytetty sopimatonta voolupingega;<\/li>\n<li>tuote on mekaaninen vammoja, tai t\u00e4m\u00e4 on rikki (esim. putoaminen johtuu);<\/li>\n<li>se on laitteen normaali kuluminen ja viat, joka ei hajoa laitteen arvoa tai k\u00e4ytt\u00f6\u00e4;<\/li>\n<li>laite on parantunut, maahantuoja, jonka luvaton huolto.<\/li>\n<\/ol>\n<p>6.6 kustannukset palauttamalla Tavaran, vastaa Asiakas, ellei palautuksen syy on ep\u00e4suhta kysynn\u00e4n tai praakkaup.<\/p>\n<p>6.7 paluu Tavarat, jos palauteta Asiakkaalle ja summa maksetaan mahdollisimman pian, mutta viimeist\u00e4\u00e4n 14 p\u00e4iv\u00e4\u00e4 siit\u00e4 hetkest\u00e4 ilmoitus huolinta j\u00e4tt\u00e4misest\u00e4. P\u00dcR voi kielt\u00e4yty\u00e4 takaisinmaksusta tehd\u00e4, kunnes on sovittu, ett\u00e4 on tehty asiat sai takaisin tai kunnes Asiakas on esitt\u00e4nyt n\u00e4ytt\u00f6\u00e4 siit\u00e4, ett\u00e4 on olemassa asioita, ett\u00e4 on l\u00e4hett\u00e4nyt takaisin, riippuen siit\u00e4 kumpi ajankohta on aikaisempi.<\/p>\n<p>6.8 P\u00dcR pid\u00e4tt\u00e4\u00e4 oikeuden tilauksen hyv\u00e4ksymisest\u00e4 luopua tai jotta luovun, esimerkiksi, mutta ei ainoastaan, mik\u00e4li hintapyynt\u00f6 on julkaistu virhe tai tekninen vika, koska v\u00e4\u00e4r\u00e4 hinta.<\/p>\n<p>&nbsp;<\/p>\n<p><strong>7. Ostettujen tavaroiden\/tuotteiden k\u00e4ytt\u00f6 taloudellisen tai ammatillisiin tarkoituksiin (c.(oikeushenkil\u00f6)<\/strong><\/p>\n<p>&nbsp;<\/p>\n<p>7.1 jos ostettu tuote on k\u00e4ytetty talous-tai ammatillisiin tarkoituksiin tai on ostanut oikeushenkil\u00f6, normaali v\u00e4itt\u00e4\u00e4 j\u00e4tt\u00e4mist\u00e4 menettelyj\u00e4 ei sovelleta. N\u00e4m\u00e4 ep\u00e4onnistumiset ovat yleens\u00e4 vaatia aikaa 6 kuukautta tai enemm\u00e4n, jos valmistaja on luvannut. T\u00e4n\u00e4 aikana valmistajan vikoja esiintyy, tuote korvataan tai korjataan.<\/p>\n<p>7.2 Tuotteita ei korvata, jos:<\/p>\n<ol>\n<li>tuote on terveydensuojelu-tai hygieniasyist\u00e4, sopimaton k\u00e4ytt\u00f6, tai ett\u00e4 on k\u00e4ytetty tai avata (kosmeettiset tuotteet, jne.);<\/li>\n<li>tuote on sekoitettu tai yhdistetty muihin tuotteisiin tai tavaroihin, niin ett\u00e4 he voivat ei en\u00e4\u00e4 voida erottaa toisistaan;<\/li>\n<li>tuotetta k\u00e4ytet\u00e4\u00e4n talous-ja ammattik\u00e4ytt\u00f6\u00f6n.<\/li>\n<li>vika on aiheutunut laitteen v\u00e4\u00e4r\u00e4st\u00e4 k\u00e4yt\u00f6st\u00e4 (ohjeen noudattamatta j\u00e4tt\u00e4minen);<\/li>\n<li>tuote on k\u00e4ytetty sopimatonta voolupingega;<\/li>\n<li>tuote on mekaaninen vammoja, tai t\u00e4m\u00e4 on rikki (esim. putoaminen johtuu);<\/li>\n<li>tuotteen normaali kuluminen ja viat, joka ei hajoa laitteen arvoa tai k\u00e4ytt\u00f6\u00e4;<\/li>\n<li>tuote on parantunut maahantuoja, jonka luvaton huolto.<\/li>\n<\/ol>\n<p>&nbsp;<\/p>\n<p><strong>8. Vastuu<\/strong><\/p>\n<p>&nbsp;<\/p>\n<p>P\u00dcR ja Asiakas ovat vastuussa toiselle osapuolelle n\u00e4iden ehtojen rikkomisesta vahinkoa tehnyt, sill\u00e4 viron lains\u00e4\u00e4d\u00e4nn\u00f6n Tasavallan s\u00e4\u00e4dettyjen tapauksissa ja laajuudessa.<\/p>\n<p>&nbsp;<\/p>\n<p><strong>9. Force majeure<\/strong><\/p>\n<p>&nbsp;<\/p>\n<p>P\u00dcR ole vastuussa vahingoista tai tavaroiden toimitus pysy maksu, jos vahinko tai toimituksen pysy\u00e4 johtuu tosiasiat, ett\u00e4 P\u00dcR ei vaikuta tai ennakoida.<\/p>\n<p>&nbsp;<\/p>\n<p><strong>10. Tietosuoja ja turvallisuus<\/strong><\/p>\n<p>&nbsp;<\/p>\n<p>P\u00dcR lehek\u00fclastuste ja tilauksia, prosessi ker\u00e4tyt tiedot ja henkil\u00f6kohtaiset tiedot k\u00e4sitell\u00e4\u00e4n luottamuksellisina eik\u00e4 luovuteta kolmansille osapuolille. Salattu viestint\u00e4 pankkien ostot maksamalla asiakkaan henkil\u00f6kohtainen pangatunnuste turvallisuus.<\/p>\n<p>&nbsp;<\/p>\n<p><strong>11. V\u00e4itt\u00e4\u00e4, menettely arkistointi<\/strong><\/p>\n<p>&nbsp;<\/p>\n<p>11.1 P\u00dcR vastuussa Asiakkaalle myytyjen tavaroiden ei-vaatimustenmukaisuus tai puutteista, jotka ilmenev\u00e4t kahden vuoden kuluessa tavaran Asiakkaalle. Ei-vaatimustenmukaisuus tai vika monissa siirt\u00e4\u00e4 saatavan e-mail osoite <a tabindex=\"0\" href=\"mailto:info@p\u00fcr.ee\">info@p\u00fcr.ee<\/a>.<\/p>\n<p>11.2 V\u00e4itt\u00e4\u00e4, on huomattava:<\/p>\n<ol>\n<li>Asiakkaan nimi ja yhteystiedot;<\/li>\n<li>P\u00e4iv\u00e4m\u00e4\u00e4r\u00e4 valituksen ja tilauksen\/laskun numero;<\/li>\n<li>Tavaroiden pulaa;<\/li>\n<li>P\u00dcR-le vaatimus;<\/li>\n<li>Olisi viitattava toteuduttua tai takuut, jossa todistetaan asiakirjan, tai lis\u00e4t\u00e4 sen kopion kantelusta.<\/li>\n<\/ol>\n<p>11.3 Valituksen tuotteen vaatimustenvastaisuuden tai puutteen havaitseminen on toimitettava kahden kuukauden kuluessa siit\u00e4, kun laiminly\u00f6nti tai vika havaitseminen.<\/p>\n<p>11.4 Tavarat vika ilmenee, lopeta k\u00e4ytt\u00f6.<\/p>\n<p>11.5 P\u00dcR vastaa valitukseen viimeist\u00e4\u00e4n 15 p\u00e4iv\u00e4n kuluessa sen j\u00e4lkeen, kun Client-puolella v\u00e4itt\u00e4\u00e4 vastaan.<\/p>\n<p>11.6 P\u00dcR ole vastuussa Asiakkaan vika, tuotteen vikoja, jotka aiheutuvat puutteet, jotka ovat syntyneet tuotteen mittekorrap\u00e4rase talletus tai k\u00e4yt\u00f6n seurauksena. Haitat ovat tuotteen puutteita, mutta ei kontti puutteita.<\/p>\n<p>11.7 jos tuote ei t\u00e4yt\u00e4 sopimuksen ehtoja, on puutteita tai ep\u00e4onnistumisia, Asiakkaalla on oikeus vaatia tuotteen korjaamista tai vaihtamista. Jos tuotteen korjaus tai vaihto ei ole mahdollista, ep\u00e4onnistuu tai aiheuttaa Asiakkaan perusteettomia haitat, Asiakkaalla on oikeus peruuttaa sopimus ja vaatia rahat takaisin.<\/p>\n<p>&nbsp;<\/p>\n<p><strong>12. Asiakkaan henkil\u00f6kohtaisten tietojen k\u00e4sittely<\/strong><\/p>\n<p>&nbsp;<\/p>\n<p>12.1. P\u00dcR k\u00e4sittely Asiakkaan henkil\u00f6kohtaisten tietojen mukaisesti toimitettujen henkil\u00f6tietojen suojasta lain vaatimukset. Henkil\u00f6tietojen k\u00e4sittelyn k\u00e4sittelem\u00e4\u00e4n enemm\u00e4n tietoa t\u00e4\u00e4ll\u00e4 sivulla.<\/p>\n<p>12.2. K\u00e4sitell\u00e4\u00e4n henkil\u00f6tietoja ovat tiedot, joita pyydet\u00e4\u00e4n Asiakkaalta kanta-asiakasohjelma, j\u00e4senyys e-kauppa, tilin rekister\u00f6inti, ja\/tai tilauksen yhteydess\u00e4 (etunimi ja sukunimi, osoite, puhelinnumero, s\u00e4hk\u00f6postiosoite, pankkitilin numero, ostoskoriin ja ostaa historia).<\/p>\n<p>12.3. P\u00dcR k\u00e4sittely Asiakkaan henkil\u00f6kohtaisten tietojen k\u00e4sittelyyn, jotta (mukaan lukien tilaus-liittyv\u00e4t viestit), tuotteiden maksu, tuotteen toimitus, tarjouksia, uutisia ja olla valmis ja siirto.<\/p>\n<p>12.4. E-store www.p\u00fcr.ee Asiakkaan henkil\u00f6tietoja, rekisterinpit\u00e4j\u00e4n on P\u00dcR Kosmetiikka O\u00dc, registrikood kanssa 16421821, osoite jaama 76, Tartu, 50605 Viron tasavallan, puhelin +372 5398 1101, e-mail\u00a0<a href=\"mailto: info@p\u00fcr.ee\">info@p\u00fcr.ee<\/a><\/p>\n<p>12.5. P\u00dcR ei v\u00e4lit\u00e4 Asiakkaan henkil\u00f6tietoja kolmansille osapuolille, paitsi:<\/p>\n<p>12.5.1. kuriiri palvelun tarjoajat yritys siin\u00e4 m\u00e4\u00e4rin, ett\u00e4 on tarpeen tuotteen Asiakkaalle palvelun tai palvelun kulutusta;<\/p>\n<p>12.5.2. tilaus sis\u00e4lt\u00e4\u00e4 tuotteita toimittajat (asiakkaan nimi ja puhelinnumero), jotta t\u00e4ytt\u00e4minen ja asiakaspalvelu varmistaa, ett\u00e4.<\/p>\n<p>12.5.3. Vuonna (12.5.1 ja 12.5.2 m\u00e4\u00e4r\u00e4tyiss\u00e4 tapauksissa k\u00e4sitell\u00e4\u00e4n Asiakkaan isikandmeid vain tilausten tarkoituksiin, ja henkil\u00f6tietojen k\u00e4sittelij\u00e4n on varmistettava, ett\u00e4 tietosuojan on oltava samantasoinen, haluamme P\u00dcR.<\/p>\n<p>12.6. Asiakkaalla on milloin tahansa oikeus k\u00e4ytt\u00e4\u00e4 henkil\u00f6kohtaisia tietoja, ja pyyt\u00e4\u00e4 niiden tietoja muutetaan tai poistetaan, paitsi jos laissa toisin s\u00e4\u00e4det\u00e4, k\u00e4\u00e4nt\u00e4m\u00e4ll\u00e4 t\u00e4t\u00e4 varten lausunnon P\u00dcR s\u00e4hk\u00f6postitse <a href=\"mailto:info@p\u00fcr.ee\">info@p\u00fcr.ee<\/a>.<\/p>\n<p>12.7. Jos Asiakas on ilmaissut halua ja suostumusta P\u00dcR valmistettu uutiskirjeit\u00e4 ja\/tai yksil\u00f6llisten tarjoaa p\u00e4\u00e4st\u00e4, on Asiakkaalla aina oikeus peruuttaa t\u00e4m\u00e4 suostumus, l\u00e4hett\u00e4m\u00e4ll\u00e4 vastaava ilmoitus P\u00dcR-le e-mail osoite <a href=\"mailto:info@p\u00fcr.ee\">info@p\u00fcr.ee<\/a>\u00a0tai painamalla mit\u00e4 tahansa e-mail tai TEKSTIVIESTI l\u00e4hetet\u00e4\u00e4n tarjouksen, tilauksen n\u00e4kyy linkki.<\/p>\n<p>12.8. Asiakkaalla on milloin tahansa oikeus saada henkil\u00f6kohtaisia tietoja siirt\u00e4\u00e4 toiseen ohjain k\u00e4\u00e4nt\u00e4m\u00e4ll\u00e4 digitaalisesti allekirjoitettu hakemus, jossa P\u00dcR s\u00e4hk\u00f6postitse <a tabindex=\"0\" href=\"mailto:info@p\u00fcr.ee\">info@p\u00fcr.ee<\/a>. P\u00dcR-l on oikeus kielt\u00e4yty\u00e4 henkil\u00f6tiedot toiselle rekisterinpit\u00e4j\u00e4lle, joka on suoraan siirto, jos tietojen toimittaminen kolmannelle osapuolelle ei ole P\u00dcR arvioiden turvallista.<\/p>\n<p>12.9. Jos Asiakas katsoo, ett\u00e4 henkil\u00f6tietojen kanta-asiakasohjelmaan yhteydess\u00e4 tai e-myym\u00e4l\u00e4 ymp\u00e4rist\u00f6\u00f6n, rikkoo h\u00e4nen oikeuksiaan, Asiakkaalla on oikeus ottaa yhteytt\u00e4 tietosuojaa Tarkastusvirasto ja tuomioistuin.<\/p>\n<p>&nbsp;<\/p>\n<p><strong>13. Riitojenratkaisumenettelyt<\/strong><\/p>\n<p>&nbsp;<\/p>\n<p>Jos Asiakas on P\u00dcR valituksia, ne on l\u00e4hetett\u00e4v\u00e4 e-mail osoite <a tabindex=\"0\" href=\"mailto:info@p\u00fcr.ee\">info@p\u00fcr.ee<\/a>. Jos Asiakas ja P\u00dcR ei kykene ratkaisemaan riidan sopimuksen, ostaja voi ottaa yhteytt\u00e4 Kuluttaja-komission. Menetlustingimustega voidaan k\u00e4ytt\u00e4\u00e4, ja sovellus esitell\u00e4\u00e4n t\u00e4\u00e4ll\u00e4. Kuluttajariitojen komission toimivaltaa ratkaista asiakkaan ja P\u00dcr v\u00e4lisest\u00e4 sopimuksesta johtuvat riidat. Asiakkaan valituksen review committee on maksuton. Asiakas voi valittaa Euroopan Unionin verkkov\u00e4litteist\u00e4 riidanratkaisua kuluttaja-ratkaisun foorumi.<\/p>","protected":false},"excerpt":{"rendered":"<p>Myyntiehdot 1. Myyntiehtojen voimassaolo 1.1 Myyntiehdot koskevat P\u00dcR:n asiakkaiden (j\u00e4ljemp\u00e4n\u00e4 Asiakas) ja P\u00dcR Cosmetics O\u00dc:n, rekisterinumero 16421821, osoite Jaama 76, Tartto, 50605, Viro (j\u00e4ljemp\u00e4n\u00e4 P\u00dcR), v\u00e4lisi\u00e4 tavaroiden ostosta johtuvia oikeuksia ja velvollisuuksia. 1.2 N\u00e4iden ehtojen lis\u00e4ksi P\u00dcR:n tuotteiden ostosta johtuvia oikeussuhteita s\u00e4\u00e4nnell\u00e4\u00e4n Viron tasavallassa voimassa olevalla lains\u00e4\u00e4d\u00e4nn\u00f6ll\u00e4. 1.3 P\u00dcR pid\u00e4tt\u00e4\u00e4 oikeuden\u2026<\/p>","protected":false},"author":1,"featured_media":0,"parent":0,"menu_order":0,"comment_status":"closed","ping_status":"closed","template":"","meta":{"_acf_changed":false,"footnotes":""},"class_list":["post-22","page","type-page","status-publish","hentry"],"acf":[],"jetpack_sharing_enabled":true,"_links":{"self":[{"href":"https:\/\/purbeauty.eu\/fi\/wp-json\/wp\/v2\/pages\/22","targetHints":{"allow":["GET"]}}],"collection":[{"href":"https:\/\/purbeauty.eu\/fi\/wp-json\/wp\/v2\/pages"}],"about":[{"href":"https:\/\/purbeauty.eu\/fi\/wp-json\/wp\/v2\/types\/page"}],"author":[{"embeddable":true,"href":"https:\/\/purbeauty.eu\/fi\/wp-json\/wp\/v2\/users\/1"}],"replies":[{"embeddable":true,"href":"https:\/\/purbeauty.eu\/fi\/wp-json\/wp\/v2\/comments?post=22"}],"version-history":[{"count":0,"href":"https:\/\/purbeauty.eu\/fi\/wp-json\/wp\/v2\/pages\/22\/revisions"}],"wp:attachment":[{"href":"https:\/\/purbeauty.eu\/fi\/wp-json\/wp\/v2\/media?parent=22"}],"curies":[{"name":"wp","href":"https:\/\/api.w.org\/{rel}","templated":true}]}}