{"id":2284,"date":"2022-09-13T10:59:48","date_gmt":"2022-09-13T10:59:48","guid":{"rendered":"https:\/\/purestonia.ee\/?page_id=2284"},"modified":"2025-10-04T17:26:10","modified_gmt":"2025-10-04T14:26:10","slug":"mineraal-kosmeetika-2","status":"publish","type":"page","link":"https:\/\/purbeauty.eu\/fi\/mineraal-kosmeetika-2\/","title":{"rendered":"Toimitus"},"content":{"rendered":"<h3>\n\t\t\t\tToimitus\n\t\t\t<\/h3>\n\t<p>&nbsp;<\/p>\n<p><strong>ILMAINEN toimitus pakettiautomaatteihin 69 \u20ac ostoksesta alkaen.<\/strong><\/p>\nLuovutus tilaukset laitamme tiell\u00e4 <strong>1-3 ty\u00f6p\u00e4iv\u00e4\u00e4<\/strong> aikana, loput maat 3-7 ty\u00f6p\u00e4iv\u00e4\u00e4!<br \/>\nViikonloppuisin teloitettiin tilauksia polku ensimm\u00e4isen\u00e4 ty\u00f6p\u00e4iv\u00e4n\u00e4. Kampanjan aikana voi olla toimitus viive!\n<p>&nbsp;<\/p>\n<figure data-content-type=\"image\" data-appearance=\"full-width\" data-element=\"main\" data-pb-style=\"MR0CB2F\"><img decoding=\"async\" title=\"\" src=\"https:\/\/www.mactabeauty.com\/media\/wysiwyg\/smartpost_logo.png\" alt=\"\" data-element=\"desktop_image\" data-pb-style=\"AX97NM5\" \/><\/figure>\n<h5 data-content-type=\"heading\" data-appearance=\"default\" data-element=\"main\"><\/h5>\n<p>&nbsp;<\/p>\n<h5 data-content-type=\"heading\" data-appearance=\"default\" data-element=\"main\">SMARTPOST (POST BOX)<\/h5>\n<p>Hinta 3,00 \u20ac<\/p>\n<p>\u2013 Jos teet ostoksen klo 15:00 j\u00e4lkeen, paketti l\u00e4hetet\u00e4\u00e4n seuraavana arkip\u00e4iv\u00e4n\u00e4. Perjantaisin, lauantaisin, sunnuntaisin ja pyh\u00e4p\u00e4ivin\u00e4 klo 15 j\u00e4lkeen tehdyt ostot l\u00e4hetet\u00e4\u00e4n seuraavana arkip\u00e4iv\u00e4n\u00e4.<\/p>\n<p>\u2013 Kun paketti on saapunut kohdepakettiautomaattiin, l\u00e4hetet\u00e4\u00e4n tekstiviesti tilauksessa mainittuun matkapuhelimeen.<\/p>\n<p>\u2013 Kun olet saanut tekstiviestin, mene koneen luo ja sy\u00f6t\u00e4 tekstiviestiss\u00e4 oleva ovikoodi.<\/p>\n<p>\u2013 Paketti tulee noutaa 7 p\u00e4iv\u00e4n sis\u00e4ll\u00e4 sen saapumisesta pakettiautomaattiin.<\/p>\n<p><a tabindex=\"0\" href=\"https:\/\/www.smartpost.ee\/pakiautomaatide-asukohad\" target=\"_blank\" rel=\"noopener\">Smartpost-automaattien sijainnit ja aukioloajat<\/a><\/p>\n<p><a tabindex=\"0\" href=\"https:\/\/www.smartpost.ee\/pakkide-saatmine\/pakkide-liikumise-graafik\" target=\"_blank\" rel=\"noopener\">Automaatit suoritusajat<\/a><\/p>\n<h5 data-content-type=\"heading\" data-appearance=\"default\" data-element=\"main\"><\/h5>\n<h5 data-content-type=\"heading\" data-appearance=\"default\" data-element=\"main\">\u00a0<img decoding=\"async\" title=\"\" src=\"https:\/\/www.mactabeauty.com\/media\/wysiwyg\/omniva_logo.png\" alt=\"\" data-element=\"desktop_image\" data-pb-style=\"G5CQAMT\" \/><\/h5>\n<h5 data-content-type=\"heading\" data-appearance=\"default\" data-element=\"main\"><\/h5>\n<h5 data-content-type=\"heading\" data-appearance=\"default\" data-element=\"main\"><\/h5>\n<h5 data-content-type=\"heading\" data-appearance=\"default\" data-element=\"main\"><\/h5>\n<h5 data-content-type=\"heading\" data-appearance=\"default\" data-element=\"main\">OMNIVA (POST BOX)<\/h5>\n<p>Hinta 3,00 \u20ac<\/p>\n<p>\u2013 Jos teet ostoksen klo 15:00 j\u00e4lkeen, paketti l\u00e4hetet\u00e4\u00e4n seuraavana arkip\u00e4iv\u00e4n\u00e4. Perjantaisin, lauantaisin, sunnuntaisin ja pyh\u00e4p\u00e4ivin\u00e4 klo 15 j\u00e4lkeen tehdyt ostot l\u00e4hetet\u00e4\u00e4n seuraavana arkip\u00e4iv\u00e4n\u00e4.<\/p>\n<p>\u2013 Omniva-pakettiautomaatin k\u00e4ytt\u00f6\u00e4 varten ei tarvitse tulla kauppakeskukseen. Pakettiautomaatille p\u00e4\u00e4set helposti autolla, polkupy\u00f6r\u00e4ll\u00e4, rattailla tai koiralla.<\/p>\n\u2013 Kun paketti on saapunut kohdepakettiautomaattiin, l\u00e4hetet\u00e4\u00e4n tekstiviesti tilauksessa mainittuun matkapuhelimeen.\n<p>\u2013 Kun olet saanut tekstiviestin, mene koneen luo ja sy\u00f6t\u00e4 tekstiviestiss\u00e4 oleva ovikoodi.<\/p>\n<p><a tabindex=\"0\" href=\"https:\/\/www.omniva.ee\/abi\/kaart\" target=\"_blank\" rel=\"noopener\">Omniva automaattien sijainnit<\/a><\/p>\n<h5 data-content-type=\"heading\" data-appearance=\"default\" data-element=\"main\"><\/h5>\n<h5 data-content-type=\"heading\" data-appearance=\"default\" data-element=\"main\"><\/h5>\n<h5 data-content-type=\"heading\" data-appearance=\"default\" data-element=\"main\">VIRON L\u00c4HIMAADE MENETELMI\u00c4:<\/h5>\n<ol>\n<li>Suomi l\u00e4het\u00e4mme paketit Itella SmartPOST-paketti terminaali osaksi postikulut kanssa 11.00\u20ac.<\/li>\n<li>Latvia saadam paketteja Omniva paketti terminaali osaksi postikulut kanssa 9.60\u20ac ja Itella SmartPOST-paketti terminaali osaksi postikulut 7 \u20ac.<\/li>\n<li>Liettuassa l\u00e4het\u00e4mme paketit Omniva paketti terminaali osaksi 9.60\u20ac ja Itella SmartPOST-paketti terminaali osaksi postikulut 8\u20ac.<\/li>\n<\/ol>\n<p>&nbsp;<\/p>","protected":false},"excerpt":{"rendered":"<p>Toimitus ILMAINEN toimitus pakettiautomaatteihin alkaen 69\u20ac ostoksesta. Toimitamme tilaukset Viron sis\u00e4ll\u00e4 1-3 ty\u00f6p\u00e4iv\u00e4n sis\u00e4ll\u00e4, muihin maihin 3-7 arkip\u00e4iv\u00e4n sis\u00e4ll\u00e4! Viikonloppuisin tehdyt tilaukset toimitetaan ensimm\u00e4isest\u00e4 ty\u00f6p\u00e4iv\u00e4st\u00e4 alkaen. Toimitus saattaa viiv\u00e4sty\u00e4 kampanjan aikana!   SMARTPOST (PAKTIAUTOMAATIO) Hinta 3,00 \u20ac - Jos teet ostoksen klo 15:00 j\u00e4lkeen, paketti l\u00e4hetet\u00e4\u00e4n seuraavana arkip\u00e4iv\u00e4n\u00e4. Perjantaina j\u00e4lkeen\u2026<\/p>","protected":false},"author":1,"featured_media":0,"parent":0,"menu_order":0,"comment_status":"closed","ping_status":"closed","template":"","meta":{"_acf_changed":false,"footnotes":""},"class_list":["post-2284","page","type-page","status-publish","hentry"],"acf":[],"jetpack_sharing_enabled":true,"_links":{"self":[{"href":"https:\/\/purbeauty.eu\/fi\/wp-json\/wp\/v2\/pages\/2284","targetHints":{"allow":["GET"]}}],"collection":[{"href":"https:\/\/purbeauty.eu\/fi\/wp-json\/wp\/v2\/pages"}],"about":[{"href":"https:\/\/purbeauty.eu\/fi\/wp-json\/wp\/v2\/types\/page"}],"author":[{"embeddable":true,"href":"https:\/\/purbeauty.eu\/fi\/wp-json\/wp\/v2\/users\/1"}],"replies":[{"embeddable":true,"href":"https:\/\/purbeauty.eu\/fi\/wp-json\/wp\/v2\/comments?post=2284"}],"version-history":[{"count":0,"href":"https:\/\/purbeauty.eu\/fi\/wp-json\/wp\/v2\/pages\/2284\/revisions"}],"wp:attachment":[{"href":"https:\/\/purbeauty.eu\/fi\/wp-json\/wp\/v2\/media?parent=2284"}],"curies":[{"name":"wp","href":"https:\/\/api.w.org\/{rel}","templated":true}]}}