{"id":2935,"date":"2023-02-17T16:21:02","date_gmt":"2023-02-17T14:21:02","guid":{"rendered":"https:\/\/purestonia.ee\/?page_id=2935"},"modified":"2023-12-10T19:06:04","modified_gmt":"2023-12-10T17:06:04","slug":"rohkeminfot","status":"publish","type":"page","link":"https:\/\/purbeauty.eu\/fi\/rohkeminfot\/","title":{"rendered":"Ev\u00e4steiden k\u00e4ytt\u00f6menettely P\u00dcR-verkkokaupassa"},"content":{"rendered":"<h3>\n\t\t\t\tEv\u00e4steiden k\u00e4ytt\u00f6menettely P\u00dcR-verkkokaupassa\n\t\t\t<\/h3>\n\t\t\t\t\t\t<h5 tabindex=\"0\">Mik\u00e4 on ev\u00e4ste?<\/h5>\n\t\t\t<p>Sarnaselt paljudele teistele kasutab ka P\u00dcR &#8221;k\u00fcpsisteks&#8221; kutsutavaid tekstifaile, mille eesm\u00e4rk on aidata meil lehte arendada ja tagada parim kasutajakogemus. K\u00fcpsis (cookie) on v\u00e4iksemahuline tekstifail, mille veebiserver saadab kasutaja veebilehitsejale, mis seej\u00e4rel salvestatakse kasutaja arvuti k\u00f5vakettale. K\u00fcpsised ise kasutaja seadmest informatsiooni ei loe ega levita seda ka internetiavarustes.<\/p>\n\t\t\t\t\t\t<h5 tabindex=\"0\">Mit\u00e4 ev\u00e4steit\u00e4 P\u00dcR k\u00e4ytt\u00e4\u00e4?<\/h5>\n\t\t\t<p>Verkkosivustot k\u00e4ytt\u00e4v\u00e4t ev\u00e4steit\u00e4 tarjotakseen k\u00e4ytt\u00e4j\u00e4lle henkil\u00f6kohtaisen k\u00e4ytt\u00f6kokemuksen ja helpomman sivunavigoinnin. T\u00e4ll\u00e4 verkkosivustolla vierailun seurauksena selaimesi saattaa tallentaa ev\u00e4steit\u00e4 seuraaviin luokkiin:<\/p>\n\t\t\t\t\t\t<h5 tabindex=\"0\">Ev\u00e4steet, joita tarvitaan verkkosivuston p\u00e4\u00e4tarkoitusten toteuttamiseen<\/h5>\n\t\t\t<p>N\u00e4m\u00e4 ev\u00e4steet ovat v\u00e4ltt\u00e4m\u00e4tt\u00f6mi\u00e4 sen varmistamiseksi, ett\u00e4 k\u00e4ytt\u00e4j\u00e4ll\u00e4 on p\u00e4\u00e4sy t\u00e4ll\u00e4 verkkosivustolla tarjottaviin asiakasl\u00e4ht\u00f6isiin palveluihin ja joidenkin ominaisuuksien, kuten p\u00e4\u00e4syn suojatuille alueille, k\u00e4ytt\u00f6. Ilman n\u00e4it\u00e4 ev\u00e4steit\u00e4 halutut palvelut, kuten maksutavat, suojattu sis\u00e4\u00e4nkirjautuminen ja muut asiakastilin omistamiseen liittyv\u00e4t bonukset eiv\u00e4t olisi mahdollisia. N\u00e4m\u00e4 ev\u00e4steet ovat t\u00e4rkeit\u00e4 my\u00f6s siksi, ett\u00e4 paikkaperusteiset tiedot tuotteista, toimitustiedot jne. saavuttavat asiakkaan.<\/p>\n\t\t\t\t\t\t<h5 tabindex=\"0\">Toiminnallisuus ja suorituskyky ev\u00e4steet<\/h5>\n\t\t\t<p>N\u00e4m\u00e4 ev\u00e4steet tukevat verkkosivustomme suorituskyky\u00e4 ja toimivuutta, mutta eiv\u00e4t v\u00e4ltt\u00e4m\u00e4tt\u00e4 ole v\u00e4ltt\u00e4m\u00e4tt\u00f6mi\u00e4 verkkosivuston toiminnalle. N\u00e4iden ev\u00e4steiden avulla verkkosivusto tunnistaa k\u00e4ytt\u00e4j\u00e4n ja (haluttaessa) muistaa asiakkaan kirjautumistiedot, mahdollistaa ostoskoriin lis\u00e4ttyjen tuotteiden s\u00e4ilytyksen tietyn ajan jne.<\/p>\n\t\t\t\t\t\t<h5 tabindex=\"0\">Analytics<\/h5>\n\t\t\t<p>P\u00dcR k\u00e4ytt\u00e4\u00e4 laajalti k\u00e4ytetty\u00e4 Googlen analytiikkaohjelmistoa ja k\u00e4ytt\u00e4\u00e4 sit\u00e4 verkkosivuston liikenteen mittaamiseen ja k\u00e4ytt\u00e4ytymismallien kartoittamiseen. Saadut tiedot auttavat meit\u00e4 ymm\u00e4rt\u00e4m\u00e4\u00e4n paremmin k\u00e4vij\u00f6iden k\u00e4ytt\u00e4ytymist\u00e4 verkkokaupassa ja antavat meille mahdollisuuden tarjota k\u00e4ytt\u00e4j\u00e4lle parhaat tekniset ratkaisut. N\u00e4it\u00e4 ev\u00e4steit\u00e4 k\u00e4ytet\u00e4\u00e4n vain tilastollisiin tarkoituksiin, eiv\u00e4tk\u00e4 ne tunnista yksitt\u00e4isi\u00e4 k\u00e4vij\u00f6it\u00e4.<\/p>\n\t\t\t\t\t\t<h5 tabindex=\"0\">Kolmannet osapuolet \/ Mainonta ja sosiaalinen media<\/h5>\n\t\t\t<p>P\u00dcR veebilehel kasutatakse mitmeid usaldusv\u00e4\u00e4rseid kolmandate osapoolte k\u00fcpsiseid. See v\u00f5imaldab kasutajal jagada lehti sotsiaalv\u00f5rgustikes ning kuvada personaliseeritud ja asjakohast reklaami. N\u00f5nda v\u00f5imaldavad need k\u00fcpsiseid kuvada reklaame n\u00e4iteks erinevatel Google&#8217;i ja Google&#8217;i partnerettev\u00f5tete platvormidel. Nende k\u00fcpsiste kasutamine ei h\u00f5lma isikuandmete k\u00e4sitlemist.<\/p>\n\t\t\t\t\t\t<h5 tabindex=\"0\">Kuinka rajoittaa tai poistaa ev\u00e4steiden k\u00e4ytt\u00f6\u00e4?<\/h5>\n\t\t\t<p>Useimmissa tapauksissa verkkoselain on mahdollista konfiguroida siten, ett\u00e4 ev\u00e4steiden k\u00e4ytt\u00f6\u00e4 rajoitetaan tai se lopetetaan. Kaikki nykyaikaiset verkkoselaimet mahdollistavat ev\u00e4steisiin liittyvien asetusten optimoinnin. On kuitenkin syyt\u00e4 muistaa, ett\u00e4 verkkosivuston p\u00e4\u00e4tarkoituksiin tarvittavien ev\u00e4steiden k\u00e4yt\u00f6n rajoittaminen voi vaikuttaa k\u00e4ytt\u00f6kokemukseen ja\/tai verkkokaupassa tarjoamiimme palveluvaihtoehtoihin. Lis\u00e4tietoja ev\u00e4steist\u00e4 ja niiden k\u00e4yt\u00f6n rajoittamisesta l\u00f6ytyy verkkosivustolta www.youronlinechoices.com.<\/p>","protected":false},"excerpt":{"rendered":"<p>K\u00fcpsiste kasutamise kord P\u00dcR e-poes Mis on k\u00fcpsis? Sarnaselt paljudele teistele kasutab ka P\u00dcR &#8221;k\u00fcpsisteks&#8221; kutsutavaid tekstifaile, mille eesm\u00e4rk on aidata meil lehte arendada ja tagada parim kasutajakogemus. K\u00fcpsis (cookie) on v\u00e4iksemahuline tekstifail, mille veebiserver saadab kasutaja veebilehitsejale, mis seej\u00e4rel salvestatakse kasutaja arvuti k\u00f5vakettale. K\u00fcpsised ise kasutaja seadmest informatsiooni ei loe ega levita seda ka&hellip;<\/p>","protected":false},"author":1,"featured_media":0,"parent":0,"menu_order":0,"comment_status":"closed","ping_status":"closed","template":"","meta":{"_acf_changed":false,"footnotes":""},"class_list":["post-2935","page","type-page","status-publish","hentry"],"acf":[],"jetpack_sharing_enabled":true,"_links":{"self":[{"href":"https:\/\/purbeauty.eu\/fi\/wp-json\/wp\/v2\/pages\/2935","targetHints":{"allow":["GET"]}}],"collection":[{"href":"https:\/\/purbeauty.eu\/fi\/wp-json\/wp\/v2\/pages"}],"about":[{"href":"https:\/\/purbeauty.eu\/fi\/wp-json\/wp\/v2\/types\/page"}],"author":[{"embeddable":true,"href":"https:\/\/purbeauty.eu\/fi\/wp-json\/wp\/v2\/users\/1"}],"replies":[{"embeddable":true,"href":"https:\/\/purbeauty.eu\/fi\/wp-json\/wp\/v2\/comments?post=2935"}],"version-history":[{"count":0,"href":"https:\/\/purbeauty.eu\/fi\/wp-json\/wp\/v2\/pages\/2935\/revisions"}],"wp:attachment":[{"href":"https:\/\/purbeauty.eu\/fi\/wp-json\/wp\/v2\/media?parent=2935"}],"curies":[{"name":"wp","href":"https:\/\/api.w.org\/{rel}","templated":true}]}}