{"id":3,"date":"2022-02-03T11:30:39","date_gmt":"2022-02-03T11:30:39","guid":{"rendered":"https:\/\/xn--pr-xka.ee\/?page_id=3"},"modified":"2025-10-04T17:29:21","modified_gmt":"2025-10-04T14:29:21","slug":"privaatsuspoliitika","status":"publish","type":"page","link":"https:\/\/purbeauty.eu\/fi\/privaatsuspoliitika\/","title":{"rendered":"Tietosuojak\u00e4yt\u00e4nt\u00f6"},"content":{"rendered":"<h3>\n\t\t\t\tTietosuojak\u00e4yt\u00e4nt\u00f6\n\t\t\t<\/h3>\n\t<p>E-store p\u00fcr.ee henkil\u00f6tietojen rekisterinpit\u00e4j\u00e4 on P\u00dcR Kosmetiikka O\u00dc, rekisterin 16421821, osoite, Viro, Tartumaa, Tartto, Jaama 76, 50605, puhelin +372 5398 1101 ja e-mail info@p\u00fcr.ee (j\u00e4ljemp\u00e4n\u00e4 <strong>&quot;kauppias&quot;<\/strong>).<\/p>\n<p><strong>Mit\u00e4 henkil\u00f6tietoja k\u00e4sitell\u00e4\u00e4n<\/strong><\/p>\n<ul>\n<li>nimi;<\/li>\n<li>yhteystiedot, kuten puhelinnumero ja e-mail osoite;<\/li>\n<li>maksaja, ja toimitusosoite;<\/li>\n<li>pankkitilin numero;<\/li>\n<li>tavaroiden ja palvelujen kustannukset ja maksut liittyv\u00e4t tiedot (ostohistoria);<\/li>\n<li>asiakaspalvelu tiedot;<\/li>\n<li>muiden kuluttajien etsint\u00e4-ja\/tai tarjouksia liittyvi\u00e4 tietoja.<\/li>\n<\/ul>\n<p>Ev\u00e4steiden k\u00e4ytt\u00f6 ja varastointi voit menn\u00e4 lukemaan t\u00e4\u00e4ll\u00e4 sivulla.<\/p>\n<strong>Mit\u00e4 tarkoitusta varten henkil\u00f6tietoja k\u00e4sitell\u00e4\u00e4n<\/strong><br \/>\nHenkil\u00f6tietojen k\u00e4sittely tapahtuu asiakkaan kanssa sopimuksen noudattamista varten. Henkil\u00f6tietojen k\u00e4sittely on laillista velvoitetta noudattaa (esim. kirjanpito ja vaihtoehtoinen riidanratkaisu kuluttajariitojen).<br \/>\nHenkil\u00f6tietoja k\u00e4ytet\u00e4\u00e4n asiakkaan tilausten, varaston hallinta ja tavaran toimitus.<br \/>\nOstaa historiatiedot (ostop\u00e4iv\u00e4, tavarat, m\u00e4\u00e4r\u00e4, asiakkaan tiedot) k\u00e4ytet\u00e4\u00e4n ostaa tavaroita ja palveluja, yleiskatsaus valmistelu, ja kliendieelistuste analyysi.<br \/>\nPankkitilin numero, jota k\u00e4ytet\u00e4\u00e4n asiakas maksaa takaisin maksut.<br \/>\nHenkil\u00f6kohtaisia tietoja, kuten s\u00e4hk\u00f6postiosoite, puhelinnumero, asiakkaan nimi, k\u00e4sitell\u00e4\u00e4n ratkaisemiseksi tavaroiden ja palvelujen tarjoamiseen liittyvi\u00e4 kysymyksi\u00e4 (asiakaspalvelu), sek\u00e4 tarjoukset ja uutiset olla valmis ja siirto.<br \/>\nE-tallentaa k\u00e4ytt\u00e4j\u00e4n IP-osoitteen tai muita v\u00f5rguidentifikaator voidaan k\u00e4sitell\u00e4 e-kaupasta, kun tietoyhteiskunnan palvelu ja veebikasutusstatistika tehd\u00e4.\n<strong>Henkil\u00f6tietojen siirto prosessorit<\/strong><br \/>\nKauppias pit\u00e4\u00e4 asiakkaan henkil\u00f6kohtaisia tietoja, jotka se on tullut tunnetuksi k\u00e4ytt\u00e4j\u00e4n tilin rekister\u00f6inti ja k\u00e4yt\u00f6n aikana, salaisuuksia ja julkaista niit\u00e4 kolmannelle osapuolelle vain asiakkaan suostumuksella, paitsi. jos julkaisemien tietojen velvollisuus tai oikeus syntyy lains\u00e4\u00e4d\u00e4nt\u00f6\u00e4. E-store, k\u00e4ytt\u00e4j\u00e4 hyv\u00e4ksyy, ett\u00e4 kauppias on oikea asiakkaita, asianmukaisia palveluja, k\u00e4sitell\u00e4 h\u00e4nen \/ h\u00e4nen tiedot, mukaan lukien siirt\u00e4\u00e4 asiakkaan tietoja henkil\u00f6ist\u00e4, jotka liittyv\u00e4t kauppias asiakaspalveluun. Luettelo sallituista prosessorit:\n<p>Tietotekniikan palveluntarjoajat - Henkil\u00f6tietoja siirret\u00e4\u00e4n tietotekniikan palveluntarjoajille, koska se on v\u00e4ltt\u00e4m\u00e4t\u00f6nt\u00e4 verkkokaupan toimivuuden ja tietojen yll\u00e4pidon varmistamiseksi<\/p>\n<ol>\n<li>Zone.ee<\/li>\n<\/ol>\n<p>Talous- ja varastoohjelmistot - kirjanpitoon ja varastotoimintoihin<\/p>\n<ol>\n<li>SmartAccounts<\/li>\n<\/ol>\n<p>Toimittajat - toimittaa tilaukset asiakkaalle:<\/p>\n<ol>\n<li>DPD<\/li>\n<li>Itella<\/li>\n<li>Omniva<\/li>\n<\/ol>\n<p>Maksuv\u00e4litt\u00e4j\u00e4t - tilausten maksamiseen<\/p>\n<ol>\n<li>Swedbank<\/li>\n<li>SEB<\/li>\n<li>Danske<\/li>\n<li>Luminor<\/li>\n<li>LHV<\/li>\n<li>Coop<\/li>\n<li>Citadele<\/li>\n<li>PayPal<\/li>\n<li>Monton antonio<\/li>\n<\/ol>\n<p>Tilastojen ker\u00e4\u00e4minen - tiedon ker\u00e4\u00e4minen verkkokaupan k\u00e4ytt\u00f6kokemuksen parantamiseksi:<\/p>\n<ol>\n<li>Google Analytics<\/li>\n<li>Facebook<\/li>\n<li>MailChimp<\/li>\n<\/ol>\n<strong>Turvallisuus ja tietojen saatavuutta<\/strong><br \/>\nHenkil\u00f6kohtaiset tiedot s\u00e4ilytet\u00e4\u00e4n Zone.ee palvelimet, jotka sijaitsevat Euroopan Unionin j\u00e4senvaltion tai Euroopan Unionin talousalueella liittyi valtion alueella. Tiedot voidaan siirt\u00e4\u00e4 maihin, joiden tietosuojan taso on Euroopan Komissio on arvioinut riitt\u00e4v\u00e4ksi, ja USA: n yritykset, jotka ovat liittyneet tietosuojan kilpi (Yksityisyyden Suoja) puitteissa.\n<p>E-store on toteutettava asianmukaiset fyysiset, organisatoriset ja infotehnilisi turvatoimet henkil\u00f6tietojen suojaamiseksi vahingossa tapahtuvalta tai laittomalta tuhoamiselta, h\u00e4vi\u00e4miselt\u00e4, muuttamiselta taikka luvattomalta k\u00e4yt\u00f6lt\u00e4 ja luovuttamiselta.<\/p>\n<p>Henkil\u00f6tietojen siirto verkkokaupan valtuutetuille k\u00e4sittelij\u00f6ille - henkil\u00f6tietojen k\u00e4sittely tapahtuu verkkokaupan ja valtuutettujen k\u00e4sittelij\u00f6iden kanssa tehtyjen sopimusten perusteella. Valtuutetut k\u00e4sittelij\u00e4t ovat velvollisia varmistamaan asianmukaiset suojatoimenpiteet henkil\u00f6tietoja k\u00e4sitelless\u00e4\u00e4n.<\/p>\n<strong>Henkil\u00f6kohtaisten tietojen k\u00e4ytt\u00f6 ja korjaus<\/strong><br \/>\nE-myym\u00e4l\u00e4, tallentaa henkil\u00f6kohtaisia tietoja voidaan k\u00e4sitell\u00e4 ja tehd\u00e4 parannuksia e-store kontohalduses.\n<strong>Suostumuksen peruuttaminen<\/strong><br \/>\nJos isikundmeid k\u00e4sittely asiakkaan suostumuksella, silloin asiakkaalla on oikeus peruuttaa suostumus e-store kontohalduses .\n<strong>Varastointi<\/strong><br \/>\nE-store asiakastili poistetaan, kun suljet henkil\u00f6kohtaisia tietoja, lukuun ottamatta tapauksia, joissa t\u00e4llaisia tietoja on yll\u00e4pidett\u00e4v\u00e4 tilej\u00e4 tai kuluttajariitojen ratkaisemista.\n<p>Jos e-shop on tehnyt ostoksen vieraana (ilman kasutajakontota), sitten tallennetaan henkil\u00f6kohtainen osto historia kolme vuotta.<\/p>\n<p>Maksut ja kuluttajariitojen riita on tallennettu henkil\u00f6kohtaisia tietoja, kunnes vaatimus on t\u00e4ytetty tai vanhentumisajan loppuun (kolme vuotta).<\/p>\n<p>Kirjanpitoa varten tarvittavat henkil\u00f6tiedot on s\u00e4ilytett\u00e4v\u00e4 seitsem\u00e4n vuoden ajan.<\/p>\n<strong>Poista<\/strong><br \/>\nE-shop tallennettujen henkil\u00f6tietojen k\u00e4ytt\u00e4j\u00e4tili, voit poistaa e-store kontohalduses.\n<p>Muiden tietojen poistamista koskevien henkil\u00f6tietojen voit kyselyn tiedot kyselyn muodossa. Tietojen poistaminen pyynt\u00f6\u00f6n on vastattava viimeist\u00e4\u00e4n kuukauden kuluessa ja, jos se on tarpeen, m\u00e4\u00e4rit\u00e4 tiedot poistetaan aikana.<\/p>\n<strong>Siirto<\/strong><br \/>\nE-store tallennettu henkil\u00f6kohtainen s\u00e4hk\u00f6inen ote, voit ladata e-store kontohalduses.\n<p>Muut henkil\u00f6kohtaiset tiedot, siirto, voit kyselyn tiedot kyselyn muodossa. Tiedonsiirto pyynt\u00f6\u00f6n vastataan viimeist\u00e4\u00e4n kuukauden sis\u00e4ll\u00e4, jossa asiakaspalvelu voi havaita henkil\u00f6llisyys ja ilmoitettava siirrosta sovelletaan henkil\u00f6tietoja.<\/p>\n<strong>Otseturustusteated<\/strong><br \/>\nE-mail osoite ja puhelin numeroita k\u00e4ytet\u00e4\u00e4n otseturundusteadete l\u00e4hett\u00e4\u00e4, jos asiakas on antanut vastaavan suostumuksen. Jos asiakas ei halua vastaanottaa otseturustusteateid, sinun pit\u00e4isi valitse e-mail header vastaava viite tai ottamalla yhteytt\u00e4 asiakastukeen.\n<p>Jos tietoja k\u00e4sitell\u00e4\u00e4n suoramarkkinointia varten (profilointi), asiakkaalla on oikeus henkil\u00f6tietojensa, sek\u00e4 alkuper\u00e4inen sek\u00e4 jatkojalostusta, mukaan lukien suora markkinoijat, jotka liittyv\u00e4t profilointi joten aihe, milloin tahansa vastustaa ilmoittaa asiakkaalle s\u00e4hk\u00f6postitse.<\/p>\n<strong>Riitojen ratkaisu<\/strong><br \/>\nHenkil\u00f6tietojen k\u00e4sittely, jotka koskevat riitojen menossa asiakastuki kautta. Valvontaviranomaisen on viron tietosuojan Tarkastuslaitos (info@aki.ee). Kuluttajansuoja komissio ja ODR-foorumi.","protected":false},"excerpt":{"rendered":"<p>Tietosuojak\u00e4yt\u00e4nt\u00f6 Verkkokaupan pyr.ee henkil\u00f6tietojen rekisterinpit\u00e4j\u00e4 on P\u00dcR Cosmetics O\u00dc, rekisteritunnus 16421821, osoite Viro, Tartumaa, Tartu, Jaama 76, 50605, puhelin +372 5398 1101 ja s\u00e4hk\u00f6posti info@p\u00fcr.ee ( j\u00e4ljemp\u00e4n\u00e4 &quot;kauppias&quot;). Mit\u00e4 henkil\u00f6tietoja k\u00e4sitell\u00e4\u00e4n nimi; yhteystiedot, kuten puhelinnumero ja s\u00e4hk\u00f6postiosoite; maksaja ja toimitusosoite; Pankkitilin numero; tavaroiden ja palveluiden kustannukset ja maksuihin liittyv\u00e4t tiedot (ostohistoria); asiakastukitiedot; myyd\u00e4\u2026<\/p>","protected":false},"author":1,"featured_media":0,"parent":0,"menu_order":0,"comment_status":"closed","ping_status":"closed","template":"","meta":{"_acf_changed":false,"footnotes":""},"class_list":["post-3","page","type-page","status-publish","hentry"],"acf":[],"jetpack_sharing_enabled":true,"_links":{"self":[{"href":"https:\/\/purbeauty.eu\/fi\/wp-json\/wp\/v2\/pages\/3","targetHints":{"allow":["GET"]}}],"collection":[{"href":"https:\/\/purbeauty.eu\/fi\/wp-json\/wp\/v2\/pages"}],"about":[{"href":"https:\/\/purbeauty.eu\/fi\/wp-json\/wp\/v2\/types\/page"}],"author":[{"embeddable":true,"href":"https:\/\/purbeauty.eu\/fi\/wp-json\/wp\/v2\/users\/1"}],"replies":[{"embeddable":true,"href":"https:\/\/purbeauty.eu\/fi\/wp-json\/wp\/v2\/comments?post=3"}],"version-history":[{"count":0,"href":"https:\/\/purbeauty.eu\/fi\/wp-json\/wp\/v2\/pages\/3\/revisions"}],"wp:attachment":[{"href":"https:\/\/purbeauty.eu\/fi\/wp-json\/wp\/v2\/media?parent=3"}],"curies":[{"name":"wp","href":"https:\/\/api.w.org\/{rel}","templated":true}]}}