{"id":1241,"date":"2022-05-22T08:56:53","date_gmt":"2022-05-22T08:56:53","guid":{"rendered":"https:\/\/purestonia.ee\/?post_type=product&#038;p=1241"},"modified":"2025-01-09T12:05:58","modified_gmt":"2025-01-09T10:05:58","slug":"pur-e-kinkekaart-50e","status":"publish","type":"product","link":"https:\/\/purbeauty.eu\/fi\/tuote\/pur-e-kinkekaart-50e\/","title":{"rendered":"P\u00dcR E-lahjakortti"},"content":{"rendered":"","protected":false},"excerpt":{"rendered":"<p>Haluaisitko antaa jotain verkkokaupastamme lahjaksi, mutta et ole varma, kummasta lahjan saaja haluaisi eniten? P\u00dcR-tuotteiden lahjakortilla lahjan saaja voi valita itselleen sopivan!<\/p>\n<p><strong>T\u00e4ss\u00e4 muutamia syit\u00e4, miksi sinun kannattaa valita lahjakortti P\u00dcR-tuotteille:<\/strong><br \/>\n\u2022 lahjakortti l\u00e4hetet\u00e4\u00e4n oston yhteydess\u00e4 sinun tai saajan s\u00e4hk\u00f6postiisi <strong>minuuteissa<\/strong><br \/>\n\u2022 fiksu valinta, koska vastaanottaja voi vapaasti valita P\u00dcR-tuotteista<br \/>\n\u2022 voimassaoloaika on 1<strong>\u00a0vuosi<\/strong>\u00a0\u2013 ei tarvitse huolehtia lahjakortin vanhenemisesta liian nopeasti.<\/p>\n<p>Vastaanottajan on itse p\u00e4\u00e4tett\u00e4v\u00e4, mit\u00e4 tuotetta h\u00e4n haluaa kokeilla.<\/p>","protected":false},"featured_media":1238,"template":"","meta":{"_acf_changed":false},"product_brand":[],"product_cat":[158],"product_tag":[],"class_list":{"0":"post-1241","1":"product","2":"type-product","3":"status-publish","4":"has-post-thumbnail","6":"product_cat-kinkekaart","8":"first","9":"instock","10":"virtual","11":"sold-individually","12":"purchasable","13":"product-type-simple"},"acf":[],"jetpack_sharing_enabled":true,"_links":{"self":[{"href":"https:\/\/purbeauty.eu\/fi\/wp-json\/wp\/v2\/product\/1241","targetHints":{"allow":["GET"]}}],"collection":[{"href":"https:\/\/purbeauty.eu\/fi\/wp-json\/wp\/v2\/product"}],"about":[{"href":"https:\/\/purbeauty.eu\/fi\/wp-json\/wp\/v2\/types\/product"}],"wp:featuredmedia":[{"embeddable":true,"href":"https:\/\/purbeauty.eu\/fi\/wp-json\/wp\/v2\/media\/1238"}],"wp:attachment":[{"href":"https:\/\/purbeauty.eu\/fi\/wp-json\/wp\/v2\/media?parent=1241"}],"wp:term":[{"taxonomy":"product_brand","embeddable":true,"href":"https:\/\/purbeauty.eu\/fi\/wp-json\/wp\/v2\/product_brand?post=1241"},{"taxonomy":"product_cat","embeddable":true,"href":"https:\/\/purbeauty.eu\/fi\/wp-json\/wp\/v2\/product_cat?post=1241"},{"taxonomy":"product_tag","embeddable":true,"href":"https:\/\/purbeauty.eu\/fi\/wp-json\/wp\/v2\/product_tag?post=1241"}],"curies":[{"name":"wp","href":"https:\/\/api.w.org\/{rel}","templated":true}]}}