{"id":178,"date":"2022-02-11T13:06:01","date_gmt":"2022-02-11T13:06:01","guid":{"rendered":"https:\/\/p\u00fcr.ee\/?post_type=product&#038;p=178"},"modified":"2026-04-15T06:30:02","modified_gmt":"2026-04-15T03:30:02","slug":"4-in-love-your-selfie-longwear-foundation-concealer","status":"publish","type":"product","link":"https:\/\/purbeauty.eu\/fi\/tuote\/4-in-love-your-selfie-longwear-foundation-concealer\/","title":{"rendered":"4-in-1 Love Your Selfie \u2013 Longwear Foundation &amp; Concealer"},"content":{"rendered":"","protected":false},"excerpt":{"rendered":"<p class=\"p1\">On aika rakastua ihoosi, selfieihisi ja kauniin meikkisi jokaiseen nurkkaan. 4-in-1 Love Your Selfie\u2122 on innovatiivinen meikkivoide ja peitevoide yhdess\u00e4, joka ei ainoastaan peit\u00e4 ep\u00e4t\u00e4ydellisyyksi\u00e4, vaan my\u00f6s ravitsee ihoasi samanaikaisesti. Ik\u00e4\u00e4ntymist\u00e4 ehk\u00e4isev\u00e4. <span class=\"s1\"><b>Ceretin Complex<\/b><\/span> ja runsaasti antioksidantteja <span class=\"s1\"><b>Energiakompleksi<\/b><\/span> (vihre\u00e4 tee, ginseng, B-vitamiini) tekev\u00e4t t\u00e4st\u00e4 meikkivoiteesta todellisen ihonhoidon ihmeen.<\/p>\n<p class=\"p1\">Keskipeitt\u00e4v\u00e4 ja t\u00e4ydellinen peitt\u00e4vyys auttaa suojaamaan ihoa siniselt\u00e4 valolta ja jokap\u00e4iv\u00e4isilt\u00e4 ymp\u00e4rist\u00f6n rasituksilta. Yli 80 vegaanista s\u00e4vy\u00e4 \u2013 pinkki, neutraali ja kultainen \u2013 sulautuvat t\u00e4ydellisesti ihoon ja antavat virheett\u00f6m\u00e4n lopputuloksen.<\/p>\n<p class=\"p1\">Piilota ep\u00e4puhtaudet, tummat l\u00e4isk\u00e4t ja ep\u00e4tasaisuudet k\u00e4tev\u00e4ll\u00e4 applikaattorilla tai k\u00e4yt\u00e4 pumppua saadaksesi peitt\u00e4v\u00e4n lopputuloksen koko kasvoille.<\/p>\n<p class=\"p1\"><span class=\"s1\"><b>Suodatinta ei tarvita!<\/b><\/span><\/p>\n<p class=\"\">\u00a0<\/p>","protected":false},"featured_media":4313,"template":"","meta":{"_acf_changed":false},"product_brand":[],"product_cat":[20,154,147,136,126,152,128,155,127,113,102,150,31,22,101,28,151,144,41,29,130,123,124,129],"product_tag":[],"class_list":{"0":"post-178","1":"product","2":"type-product","3":"status-publish","4":"has-post-thumbnail","6":"product_cat-4in1","7":"product_cat-a-e","8":"product_cat-akne-plekid","9":"product_cat-b-vitamiin","10":"product_cat-ceretini-kompleks","11":"product_cat-ebauhtlane-nahatoon","12":"product_cat-energiakompleks","13":"product_cat-f-z","14":"product_cat-kapseldatud-retinool","15":"product_cat-konsiiler","16":"product_cat-koostise-jargi","17":"product_cat-kortsud","18":"product_cat-meigipohi","19":"product_cat-meik","20":"product_cat-muugihitid","21":"product_cat-naotuup","22":"product_cat-niisutus","23":"product_cat-normaalne","24":"product_cat-pohi","25":"product_cat-probleem","26":"product_cat-roheline-tee","27":"product_cat-saastusevastane","28":"product_cat-sinise-valguse-kaitse","29":"product_cat-zenzenn","31":"first","32":"instock","33":"shipping-taxable","34":"purchasable","35":"product-type-variable"},"acf":[],"jetpack_sharing_enabled":true,"_links":{"self":[{"href":"https:\/\/purbeauty.eu\/fi\/wp-json\/wp\/v2\/product\/178","targetHints":{"allow":["GET"]}}],"collection":[{"href":"https:\/\/purbeauty.eu\/fi\/wp-json\/wp\/v2\/product"}],"about":[{"href":"https:\/\/purbeauty.eu\/fi\/wp-json\/wp\/v2\/types\/product"}],"wp:featuredmedia":[{"embeddable":true,"href":"https:\/\/purbeauty.eu\/fi\/wp-json\/wp\/v2\/media\/4313"}],"wp:attachment":[{"href":"https:\/\/purbeauty.eu\/fi\/wp-json\/wp\/v2\/media?parent=178"}],"wp:term":[{"taxonomy":"product_brand","embeddable":true,"href":"https:\/\/purbeauty.eu\/fi\/wp-json\/wp\/v2\/product_brand?post=178"},{"taxonomy":"product_cat","embeddable":true,"href":"https:\/\/purbeauty.eu\/fi\/wp-json\/wp\/v2\/product_cat?post=178"},{"taxonomy":"product_tag","embeddable":true,"href":"https:\/\/purbeauty.eu\/fi\/wp-json\/wp\/v2\/product_tag?post=178"}],"curies":[{"name":"wp","href":"https:\/\/api.w.org\/{rel}","templated":true}]}}