{"id":2329,"date":"2022-09-30T08:32:43","date_gmt":"2022-09-30T05:32:43","guid":{"rendered":"https:\/\/purestonia.ee\/?post_type=product&#038;p=2329"},"modified":"2026-04-15T06:25:01","modified_gmt":"2026-04-15T03:25:01","slug":"on-point-eyeshadow-palettes","status":"publish","type":"product","link":"https:\/\/purbeauty.eu\/fi\/tuote\/on-point-eyeshadow-palettes\/","title":{"rendered":"On Point Eyeshadow Palettes"},"content":{"rendered":"","protected":false},"excerpt":{"rendered":"<p class=\"p1\"><b>On Point Glitter -yhdistelm\u00e4luomiv\u00e4ripaletti<\/b><b><\/b><\/p>\n<p class=\"p2\">Luomiv\u00e4ripaletti, jossa on kuusi helposti h\u00e4ivytett\u00e4v\u00e4\u00e4 matta-, hohtavaa ja metallinhohtoista s\u00e4vy\u00e4, jotka on rikastettu ihonhoitoaineilla. T\u00e4ydellinen sek\u00e4 p\u00e4iv\u00e4- ett\u00e4 viikonloppuk\u00e4ytt\u00f6\u00f6n, ja sen avulla voit luoda erilaisia intensiivisi\u00e4 ja muokattavia meikkityylej\u00e4.<\/p>","protected":false},"featured_media":2337,"template":"","meta":{"_acf_changed":false},"product_brand":[],"product_cat":[155,102,134,290,22,34],"product_tag":[],"class_list":{"0":"post-2329","1":"product","2":"type-product","3":"status-publish","4":"has-post-thumbnail","6":"product_cat-f-z","7":"product_cat-koostise-jargi","8":"product_cat-kurkum","9":"product_cat-lauvarvid","10":"product_cat-meik","11":"product_cat-silmad","13":"first","14":"outofstock","15":"shipping-taxable","16":"purchasable","17":"product-type-variable"},"acf":[],"jetpack_sharing_enabled":true,"_links":{"self":[{"href":"https:\/\/purbeauty.eu\/fi\/wp-json\/wp\/v2\/product\/2329","targetHints":{"allow":["GET"]}}],"collection":[{"href":"https:\/\/purbeauty.eu\/fi\/wp-json\/wp\/v2\/product"}],"about":[{"href":"https:\/\/purbeauty.eu\/fi\/wp-json\/wp\/v2\/types\/product"}],"wp:featuredmedia":[{"embeddable":true,"href":"https:\/\/purbeauty.eu\/fi\/wp-json\/wp\/v2\/media\/2337"}],"wp:attachment":[{"href":"https:\/\/purbeauty.eu\/fi\/wp-json\/wp\/v2\/media?parent=2329"}],"wp:term":[{"taxonomy":"product_brand","embeddable":true,"href":"https:\/\/purbeauty.eu\/fi\/wp-json\/wp\/v2\/product_brand?post=2329"},{"taxonomy":"product_cat","embeddable":true,"href":"https:\/\/purbeauty.eu\/fi\/wp-json\/wp\/v2\/product_cat?post=2329"},{"taxonomy":"product_tag","embeddable":true,"href":"https:\/\/purbeauty.eu\/fi\/wp-json\/wp\/v2\/product_tag?post=2329"}],"curies":[{"name":"wp","href":"https:\/\/api.w.org\/{rel}","templated":true}]}}