{"id":2370,"date":"2022-10-05T16:25:19","date_gmt":"2022-10-05T13:25:19","guid":{"rendered":"https:\/\/purestonia.ee\/?post_type=product&#038;p=2370"},"modified":"2026-04-15T06:25:01","modified_gmt":"2026-04-15T03:25:01","slug":"silky-pout-creamy-lip-chubby","status":"publish","type":"product","link":"https:\/\/purbeauty.eu\/fi\/tuote\/silky-pout-creamy-lip-chubby\/","title":{"rendered":"Silky Pout Creamy Lip Chubby"},"content":{"rendered":"","protected":false},"excerpt":{"rendered":"<p class=\"p1\">L\u00f6yd\u00e4 P\u00dcR-t\u00e4ydellisten huultesi salaisuus! Creamy Lip Chubby on superkosteuttava ja mukava k\u00e4ytt\u00e4\u00e4 \u2013 t\u00e4ydellinen kumppani arkeen ja erityistilaisuuksiin. Nauti rikkaista v\u00e4ripigmenteist\u00e4 ja hoitavasta koostumuksesta, joka ravitsee ja suojaa huuliasi. Valmistaudu viettelev\u00e4\u00e4n ja terveeseen huulipunaan, joka kest\u00e4\u00e4 ja n\u00e4ytt\u00e4\u00e4 luonnolliselta!<\/p>","protected":false},"featured_media":2377,"template":"","meta":{"_acf_changed":false},"product_brand":[],"product_cat":[18,118,22,41,305],"product_tag":[],"class_list":{"0":"post-2370","1":"product","2":"type-product","3":"status-publish","4":"has-post-thumbnail","6":"product_cat-best-sellers","7":"product_cat-huuled","8":"product_cat-meik","9":"product_cat-pohi","10":"product_cat-soodustus","12":"first","13":"outofstock","14":"sale","15":"shipping-taxable","16":"purchasable","17":"product-type-variable"},"acf":[],"jetpack_sharing_enabled":true,"_links":{"self":[{"href":"https:\/\/purbeauty.eu\/fi\/wp-json\/wp\/v2\/product\/2370","targetHints":{"allow":["GET"]}}],"collection":[{"href":"https:\/\/purbeauty.eu\/fi\/wp-json\/wp\/v2\/product"}],"about":[{"href":"https:\/\/purbeauty.eu\/fi\/wp-json\/wp\/v2\/types\/product"}],"wp:featuredmedia":[{"embeddable":true,"href":"https:\/\/purbeauty.eu\/fi\/wp-json\/wp\/v2\/media\/2377"}],"wp:attachment":[{"href":"https:\/\/purbeauty.eu\/fi\/wp-json\/wp\/v2\/media?parent=2370"}],"wp:term":[{"taxonomy":"product_brand","embeddable":true,"href":"https:\/\/purbeauty.eu\/fi\/wp-json\/wp\/v2\/product_brand?post=2370"},{"taxonomy":"product_cat","embeddable":true,"href":"https:\/\/purbeauty.eu\/fi\/wp-json\/wp\/v2\/product_cat?post=2370"},{"taxonomy":"product_tag","embeddable":true,"href":"https:\/\/purbeauty.eu\/fi\/wp-json\/wp\/v2\/product_tag?post=2370"}],"curies":[{"name":"wp","href":"https:\/\/api.w.org\/{rel}","templated":true}]}}