{"id":2420,"date":"2022-10-05T17:58:34","date_gmt":"2022-10-05T14:58:34","guid":{"rendered":"https:\/\/purestonia.ee\/?post_type=product&#038;p=2420"},"modified":"2026-04-15T06:25:01","modified_gmt":"2026-04-15T03:25:01","slug":"4-in-1-cloud-cream-gel-to-water-hydrating-essence-moisturizer","status":"publish","type":"product","link":"https:\/\/purbeauty.eu\/fi\/tuote\/4-in-1-cloud-cream-gel-to-water-hydrating-essence-moisturizer\/","title":{"rendered":"4-in-1 pilvivoidegeelist\u00e4 veteen muuttuva kosteuttava essenssi"},"content":{"rendered":"","protected":false},"excerpt":{"rendered":"<h2><b>P\u00dcR 4-in-1 Pilvivoide \u2013 kosteuttavaa ylellisyytt\u00e4 ihollesi<\/b><\/h2>\n<p>&nbsp;<\/p>\n<p class=\"p3\">Inspiroitunut raikkaudesta ja keveydest\u00e4, <span class=\"s2\"><b>P\u00dcR 4-in-1 Pilvivoide<\/b><\/span> Poikkeuksellisen kosteuttava, mutta hell\u00e4varainen ja kevyt geelim\u00e4inen kosteusvoide, joka j\u00e4tt\u00e4\u00e4 ihon pehme\u00e4ksi ja silkkisen tuntuiseksi.<\/p>\n<p class=\"p3\">T\u00e4m\u00e4 innovatiivinen kosteusvoide muuttuu iholla geelist\u00e4 vesipohjaiseksi voiteeksi, tarjoten v\u00e4lit\u00f6nt\u00e4 raikkautta ja syv\u00e4kosteutusta.<\/p>\n<p class=\"p3\">Rikastettu <span class=\"s2\"><b>ik\u00e4\u00e4ntymist\u00e4 ehk\u00e4isev\u00e4ll\u00e4 Ceretin\u2122-yhdisteell\u00e4<\/b><\/span>, joka auttaa tasoittamaan ihon rakennetta, v\u00e4hent\u00e4m\u00e4\u00e4n kuivuutta ja valmistelee ihon t\u00e4ydellisesti meikki\u00e4 varten.<\/p>\n<p class=\"p3\">Ihanteellinen p\u00e4ivitt\u00e4iseen ihonhoitorutiiniisi \u2013 k\u00e4tev\u00e4 valinta, jos etsit tuotetta, joka <span class=\"s2\"><b>kosteuttaa, hoitaa ja luo t\u00e4ydellisen pohjan meikille.<\/b><\/span><\/p>\n<p>&nbsp;<\/p>\n<p class=\"p4\"><b>Sopii p\u00e4ivitt\u00e4iseen ihonhoitoon \u2013 k\u00e4tev\u00e4 valinta, jos haluat kosteuttavan ja meikki\u00e4 valmistelevan tuotteen samassa.<\/b><b><\/b><\/p>\n<p class=\"p4\"><b>Lis\u00e4\u00e4 ostoskoriin ja kokeile.<\/b><\/p>\n<p><b>Paino:<\/b>\u00a0 50 g<\/p>","protected":false},"featured_media":3721,"template":"","meta":{"_acf_changed":false},"product_brand":[],"product_cat":[147,152,146,150,101,153,321,23,42,28,151,144,143,29,149,145],"product_tag":[],"class_list":{"0":"post-2420","1":"product","2":"type-product","3":"status-publish","4":"has-post-thumbnail","6":"product_cat-akne-plekid","7":"product_cat-ebauhtlane-nahatoon","8":"product_cat-kombineeritud","9":"product_cat-kortsud","10":"product_cat-muugihitid","11":"product_cat-nagu-naohooldus","12":"product_cat-nahatuubid","13":"product_cat-naohooldus","14":"product_cat-naokreemid","15":"product_cat-naotuup","16":"product_cat-niisutus","17":"product_cat-normaalne","18":"product_cat-oline","19":"product_cat-probleem","20":"product_cat-punetus","21":"product_cat-tundlik","23":"first","24":"instock","25":"shipping-taxable","26":"purchasable","27":"product-type-simple"},"acf":[],"jetpack_sharing_enabled":true,"_links":{"self":[{"href":"https:\/\/purbeauty.eu\/fi\/wp-json\/wp\/v2\/product\/2420","targetHints":{"allow":["GET"]}}],"collection":[{"href":"https:\/\/purbeauty.eu\/fi\/wp-json\/wp\/v2\/product"}],"about":[{"href":"https:\/\/purbeauty.eu\/fi\/wp-json\/wp\/v2\/types\/product"}],"wp:featuredmedia":[{"embeddable":true,"href":"https:\/\/purbeauty.eu\/fi\/wp-json\/wp\/v2\/media\/3721"}],"wp:attachment":[{"href":"https:\/\/purbeauty.eu\/fi\/wp-json\/wp\/v2\/media?parent=2420"}],"wp:term":[{"taxonomy":"product_brand","embeddable":true,"href":"https:\/\/purbeauty.eu\/fi\/wp-json\/wp\/v2\/product_brand?post=2420"},{"taxonomy":"product_cat","embeddable":true,"href":"https:\/\/purbeauty.eu\/fi\/wp-json\/wp\/v2\/product_cat?post=2420"},{"taxonomy":"product_tag","embeddable":true,"href":"https:\/\/purbeauty.eu\/fi\/wp-json\/wp\/v2\/product_tag?post=2420"}],"curies":[{"name":"wp","href":"https:\/\/api.w.org\/{rel}","templated":true}]}}