{"id":2434,"date":"2022-10-10T19:18:21","date_gmt":"2022-10-10T16:18:21","guid":{"rendered":"https:\/\/purestonia.ee\/?post_type=product&#038;p=2434"},"modified":"2026-04-15T06:25:01","modified_gmt":"2026-04-15T03:25:01","slug":"mellow-eyes-hemp-infused-eye-patches","status":"publish","type":"product","link":"https:\/\/purbeauty.eu\/fi\/tuote\/mellow-eyes-hemp-infused-eye-patches\/","title":{"rendered":"Mellow Eyes Hemp-Infused Eye Patches"},"content":{"rendered":"","protected":false},"excerpt":{"rendered":"<p class=\"p1\">\n<p><b>Mellow Eyes -silm\u00e4tyynyt<\/b><\/p>\n<p class=\"p3\"><b>Ravitsevaa hoitoa v\u00e4syneille ja turvonneille silmille \u2013 30 paria<\/b><b><\/b><\/p>\n<p class=\"p4\">N\u00e4ytt\u00e4v\u00e4tk\u00f6 silm\u00e4si v\u00e4syneilt\u00e4 ja turvonneilta? <span class=\"s2\"><b>Lempe\u00e4t silm\u00e4t<\/b><\/span> Silm\u00e4tyynyt ovat juuri sit\u00e4 mit\u00e4 tarvitset! N\u00e4m\u00e4 <span class=\"s2\"><b>hampusta johdettu<\/b><\/span> hydrogeelityynyt auttavat <span class=\"s2\"><b>v\u00e4hent\u00e4\u00e4 turvotusta, silottaa<\/b><\/span> silmien alla oleva iho ja <span class=\"s2\"><b>antaakseen kirkkaamman ihonv\u00e4rin<\/b><\/span>.<\/p>\n<p class=\"p4\">K\u00e4yt\u00e4 niit\u00e4 pitk\u00e4n illanvieton j\u00e4lkeen, ennen t\u00e4rke\u00e4\u00e4 tapahtumaa tai hiljaisena sunnuntaina kotona.<\/p>","protected":false},"featured_media":4300,"template":"","meta":{"_acf_changed":false},"product_brand":[],"product_cat":[18,152,146,150,142,101,153,321,23,119,28,151,144,143,29,149,120,43,145],"product_tag":[],"class_list":{"0":"post-2434","1":"product","2":"type-product","3":"status-publish","4":"has-post-thumbnail","6":"product_cat-best-sellers","7":"product_cat-ebauhtlane-nahatoon","8":"product_cat-kombineeritud","9":"product_cat-kortsud","10":"product_cat-kuiv","11":"product_cat-muugihitid","12":"product_cat-nagu-naohooldus","13":"product_cat-nahatuubid","14":"product_cat-naohooldus","15":"product_cat-naomaskid","16":"product_cat-naotuup","17":"product_cat-niisutus","18":"product_cat-normaalne","19":"product_cat-oline","20":"product_cat-probleem","21":"product_cat-punetus","22":"product_cat-silmaalla","23":"product_cat-silmakreemid","24":"product_cat-tundlik","26":"first","27":"instock","28":"shipping-taxable","29":"purchasable","30":"product-type-simple"},"acf":[],"jetpack_sharing_enabled":true,"_links":{"self":[{"href":"https:\/\/purbeauty.eu\/fi\/wp-json\/wp\/v2\/product\/2434","targetHints":{"allow":["GET"]}}],"collection":[{"href":"https:\/\/purbeauty.eu\/fi\/wp-json\/wp\/v2\/product"}],"about":[{"href":"https:\/\/purbeauty.eu\/fi\/wp-json\/wp\/v2\/types\/product"}],"wp:featuredmedia":[{"embeddable":true,"href":"https:\/\/purbeauty.eu\/fi\/wp-json\/wp\/v2\/media\/4300"}],"wp:attachment":[{"href":"https:\/\/purbeauty.eu\/fi\/wp-json\/wp\/v2\/media?parent=2434"}],"wp:term":[{"taxonomy":"product_brand","embeddable":true,"href":"https:\/\/purbeauty.eu\/fi\/wp-json\/wp\/v2\/product_brand?post=2434"},{"taxonomy":"product_cat","embeddable":true,"href":"https:\/\/purbeauty.eu\/fi\/wp-json\/wp\/v2\/product_cat?post=2434"},{"taxonomy":"product_tag","embeddable":true,"href":"https:\/\/purbeauty.eu\/fi\/wp-json\/wp\/v2\/product_tag?post=2434"}],"curies":[{"name":"wp","href":"https:\/\/api.w.org\/{rel}","templated":true}]}}