{"id":257,"date":"2022-02-11T16:38:29","date_gmt":"2022-02-11T14:38:29","guid":{"rendered":"https:\/\/p\u00fcr.ee\/?post_type=product&#038;p=257"},"modified":"2026-04-15T06:30:01","modified_gmt":"2026-04-15T03:30:01","slug":"skin-perfecting-powder-blushing-act","status":"publish","type":"product","link":"https:\/\/purbeauty.eu\/fi\/tuote\/skin-perfecting-powder-blushing-act\/","title":{"rendered":"Ihotyypeille) Jauhe \u2013 Punastuminen Toimia"},"content":{"rendered":"","protected":false},"excerpt":{"rendered":"<p class=\"p1\">Anna kasvoillesi s\u00e4teilev\u00e4 ja raikas ilme Blushing Act -poskipunalla. T\u00e4m\u00e4 ihoa helliv\u00e4 puuteris\u00e4vy on rikastettu ihonhoitoa tukevilla ainesosilla, kuten ravitsevalla Energy Complexilla ja Ceretin Complexilla \u2014 P\u00dcRin ainutlaatuisella kosteuttavien keramiinien sekoituksella. Skin Perfecting Powder parantaa ihon ulkon\u00e4k\u00f6\u00e4 joka kerta, kun v\u00e4ri\u00e4 levitet\u00e4\u00e4n hell\u00e4varaisesti poskelle. Kaunis Peach-s\u00e4vy tarjoaa monikerroksisen ja luonnollisen kauniin mattapinnan, joka sopii ihanteellisesti kaikille ihons\u00e4vyille. Kevyt ja kerrostettava koostumus mahdollistaa hienovaraisen poskipunan tai intensiivisemm\u00e4n, rohkeamman ilmeen luomisen.<\/p>\n<p class=\"p1\"><span class=\"s1\"><b>Nettom\u00e4\u00e4r\u00e4:<\/b><\/span> 8 g \/ 0,28 unssia<\/p>\n<p class=\"\">","protected":false},"featured_media":258,"template":"","meta":{"_acf_changed":false},"product_brand":[],"product_cat":[154,136,126,128,155,127,102,142,22,28,132,151,41,116,29,130,129],"product_tag":[],"class_list":{"0":"post-257","1":"product","2":"type-product","3":"status-publish","4":"has-post-thumbnail","6":"product_cat-a-e","7":"product_cat-b-vitamiin","8":"product_cat-ceretini-kompleks","9":"product_cat-energiakompleks","10":"product_cat-f-z","11":"product_cat-kapseldatud-retinool","12":"product_cat-koostise-jargi","13":"product_cat-kuiv","14":"product_cat-meik","15":"product_cat-naotuup","16":"product_cat-niatsiinamiid","17":"product_cat-niisutus","18":"product_cat-pohi","19":"product_cat-posepuna","20":"product_cat-probleem","21":"product_cat-roheline-tee","22":"product_cat-zenzenn","24":"first","25":"instock","26":"shipping-taxable","27":"purchasable","28":"product-type-simple"},"acf":[],"jetpack_sharing_enabled":true,"_links":{"self":[{"href":"https:\/\/purbeauty.eu\/fi\/wp-json\/wp\/v2\/product\/257","targetHints":{"allow":["GET"]}}],"collection":[{"href":"https:\/\/purbeauty.eu\/fi\/wp-json\/wp\/v2\/product"}],"about":[{"href":"https:\/\/purbeauty.eu\/fi\/wp-json\/wp\/v2\/types\/product"}],"wp:featuredmedia":[{"embeddable":true,"href":"https:\/\/purbeauty.eu\/fi\/wp-json\/wp\/v2\/media\/258"}],"wp:attachment":[{"href":"https:\/\/purbeauty.eu\/fi\/wp-json\/wp\/v2\/media?parent=257"}],"wp:term":[{"taxonomy":"product_brand","embeddable":true,"href":"https:\/\/purbeauty.eu\/fi\/wp-json\/wp\/v2\/product_brand?post=257"},{"taxonomy":"product_cat","embeddable":true,"href":"https:\/\/purbeauty.eu\/fi\/wp-json\/wp\/v2\/product_cat?post=257"},{"taxonomy":"product_tag","embeddable":true,"href":"https:\/\/purbeauty.eu\/fi\/wp-json\/wp\/v2\/product_tag?post=257"}],"curies":[{"name":"wp","href":"https:\/\/api.w.org\/{rel}","templated":true}]}}