{"id":264,"date":"2022-02-11T16:43:16","date_gmt":"2022-02-11T14:43:16","guid":{"rendered":"https:\/\/p\u00fcr.ee\/?post_type=product&#038;p=264"},"modified":"2026-04-15T06:45:02","modified_gmt":"2026-04-15T03:45:02","slug":"4-in-1-loose-setting-powder","status":"publish","type":"product","link":"https:\/\/purbeauty.eu\/fi\/tuote\/4-in-1-loose-setting-powder\/","title":{"rendered":"4-in-1-Loose Setting Powder"},"content":{"rendered":"","protected":false},"excerpt":{"rendered":"<p class=\"p1\">Tutustu jokap\u00e4iv\u00e4iseen 4-in-1-irtopuuteriin, joka pit\u00e4\u00e4 meikin ja peitevoiteen paikoillaan pidemp\u00e4\u00e4n ja j\u00e4tt\u00e4\u00e4 samalla luonnollisen ja kevyen lopputuloksen \u2013 ilman paakkuuntumista tai tahmeutta. Pehme\u00e4 ja hienojakoinen puuteri antaa l\u00e4pikuultavan mattapinnan, joka ei painu juonteisiin tai ihohuokosiin ja sulautuu saumattomasti ihoon auttaen ehk\u00e4isem\u00e4\u00e4n hienojen juonteiden muodostumista.<\/p>\n<p class=\"p1\">Ginsengin, vihre\u00e4n teen ja B-vitamiinin yhdistelm\u00e4n ansiosta t\u00e4m\u00e4 puuteri raikastaa ihoa ja v\u00e4hent\u00e4\u00e4 ihohuokosten n\u00e4kyvyytt\u00e4 toimien kuin n\u00e4kym\u00e4t\u00f6n huntu, joka pit\u00e4\u00e4 meikkisi virheett\u00f6m\u00e4n\u00e4 koko p\u00e4iv\u00e4n.<\/p>","protected":false},"featured_media":265,"template":"","meta":{"_acf_changed":false},"product_brand":[],"product_cat":[147,152,146,150,142,31,22,321,46,28,151,144,143,148,41,29,149,145],"product_tag":[],"class_list":{"0":"post-264","1":"product","2":"type-product","3":"status-publish","4":"has-post-thumbnail","6":"product_cat-akne-plekid","7":"product_cat-ebauhtlane-nahatoon","8":"product_cat-kombineeritud","9":"product_cat-kortsud","10":"product_cat-kuiv","11":"product_cat-meigipohi","12":"product_cat-meik","13":"product_cat-nahatuubid","14":"product_cat-naospreid","15":"product_cat-naotuup","16":"product_cat-niisutus","17":"product_cat-normaalne","18":"product_cat-oline","19":"product_cat-paikesekaitse","20":"product_cat-pohi","21":"product_cat-probleem","22":"product_cat-punetus","23":"product_cat-tundlik","25":"first","26":"instock","27":"shipping-taxable","28":"purchasable","29":"product-type-simple"},"acf":[],"jetpack_sharing_enabled":true,"_links":{"self":[{"href":"https:\/\/purbeauty.eu\/fi\/wp-json\/wp\/v2\/product\/264","targetHints":{"allow":["GET"]}}],"collection":[{"href":"https:\/\/purbeauty.eu\/fi\/wp-json\/wp\/v2\/product"}],"about":[{"href":"https:\/\/purbeauty.eu\/fi\/wp-json\/wp\/v2\/types\/product"}],"wp:featuredmedia":[{"embeddable":true,"href":"https:\/\/purbeauty.eu\/fi\/wp-json\/wp\/v2\/media\/265"}],"wp:attachment":[{"href":"https:\/\/purbeauty.eu\/fi\/wp-json\/wp\/v2\/media?parent=264"}],"wp:term":[{"taxonomy":"product_brand","embeddable":true,"href":"https:\/\/purbeauty.eu\/fi\/wp-json\/wp\/v2\/product_brand?post=264"},{"taxonomy":"product_cat","embeddable":true,"href":"https:\/\/purbeauty.eu\/fi\/wp-json\/wp\/v2\/product_cat?post=264"},{"taxonomy":"product_tag","embeddable":true,"href":"https:\/\/purbeauty.eu\/fi\/wp-json\/wp\/v2\/product_tag?post=264"}],"curies":[{"name":"wp","href":"https:\/\/api.w.org\/{rel}","templated":true}]}}