{"id":301,"date":"2022-02-18T18:10:54","date_gmt":"2022-02-18T16:10:54","guid":{"rendered":"https:\/\/p\u00fcr.ee\/?post_type=product&#038;p=301"},"modified":"2026-04-15T06:30:01","modified_gmt":"2026-04-15T03:30:01","slug":"big-look-ripsmeid-pikendav-ripsmetuss-argaania-oliga","status":"publish","type":"product","link":"https:\/\/purbeauty.eu\/fi\/tuote\/big-look-ripsmeid-pikendav-ripsmetuss-argaania-oliga\/","title":{"rendered":"Big Look Ripsiv\u00e4ri"},"content":{"rendered":"","protected":false},"excerpt":{"rendered":"<p class=\"p1\">Vie ripsesi uudelle tasolle P\u00dcR Long Luxe Lashes -ripsiv\u00e4rill\u00e4! Jos etsit parasta paakkuuntumatonta ripsiv\u00e4ri\u00e4, olet l\u00f6yt\u00e4nyt sen. Argan\u00f6ljyll\u00e4 rikastettu tuuheuttava ripsiv\u00e4ri peitt\u00e4\u00e4 ripset ravitsevalla ja intensiivisell\u00e4 v\u00e4rill\u00e4 antaen samalla volyymia ja raikkaan, m\u00e4r\u00e4n kiillon. Ainutlaatuinen paakkuuntumaton harja mahdollistaa tasaisen ja tasaisen peitt\u00e4vyyden \u2013 jopa hankalissa sis\u00e4nurkissa! Todellinen kauneusihme jokaiselle ripselle.<\/p>\n<p class=\"\">","protected":false},"featured_media":5410,"template":"","meta":{"_acf_changed":false},"product_brand":[],"product_cat":[154,137,102,22,28,144,139,34],"product_tag":[],"class_list":{"0":"post-301","1":"product","2":"type-product","3":"status-publish","4":"has-post-thumbnail","6":"product_cat-a-e","7":"product_cat-e-vitamiin","8":"product_cat-koostise-jargi","9":"product_cat-meik","10":"product_cat-naotuup","11":"product_cat-normaalne","12":"product_cat-ripsmetusid","13":"product_cat-silmad","15":"first","16":"instock","17":"shipping-taxable","18":"purchasable","19":"product-type-simple"},"acf":[],"jetpack_sharing_enabled":true,"_links":{"self":[{"href":"https:\/\/purbeauty.eu\/fi\/wp-json\/wp\/v2\/product\/301","targetHints":{"allow":["GET"]}}],"collection":[{"href":"https:\/\/purbeauty.eu\/fi\/wp-json\/wp\/v2\/product"}],"about":[{"href":"https:\/\/purbeauty.eu\/fi\/wp-json\/wp\/v2\/types\/product"}],"wp:featuredmedia":[{"embeddable":true,"href":"https:\/\/purbeauty.eu\/fi\/wp-json\/wp\/v2\/media\/5410"}],"wp:attachment":[{"href":"https:\/\/purbeauty.eu\/fi\/wp-json\/wp\/v2\/media?parent=301"}],"wp:term":[{"taxonomy":"product_brand","embeddable":true,"href":"https:\/\/purbeauty.eu\/fi\/wp-json\/wp\/v2\/product_brand?post=301"},{"taxonomy":"product_cat","embeddable":true,"href":"https:\/\/purbeauty.eu\/fi\/wp-json\/wp\/v2\/product_cat?post=301"},{"taxonomy":"product_tag","embeddable":true,"href":"https:\/\/purbeauty.eu\/fi\/wp-json\/wp\/v2\/product_tag?post=301"}],"curies":[{"name":"wp","href":"https:\/\/api.w.org\/{rel}","templated":true}]}}