{"id":319,"date":"2022-02-18T19:17:35","date_gmt":"2022-02-18T17:17:35","guid":{"rendered":"https:\/\/p\u00fcr.ee\/?post_type=product&#038;p=319"},"modified":"2026-04-15T06:15:01","modified_gmt":"2026-04-15T03:15:01","slug":"chisel-brush","status":"publish","type":"product","link":"https:\/\/purbeauty.eu\/fi\/tuote\/chisel-brush\/","title":{"rendered":"Taltta Brush"},"content":{"rendered":"","protected":false},"excerpt":{"rendered":"<p class=\"p1\">Chisel Brush on ammattimainen meikkisivellin, joka on suunniteltu erityisesti P\u00dcR 4-in-1 -mineraalimeikin t\u00e4ydelliseen levitykseen. Sen ergonominen muoto ja tihe\u00e4sti pakkautuneet harjakset takaavat tasaisen, sile\u00e4n ja virheett\u00f6m\u00e4n lopputuloksen, joka kest\u00e4\u00e4 koko p\u00e4iv\u00e4n. Se sopii my\u00f6s t\u00e4ydellisesti k\u00e4ytett\u00e4v\u00e4ksi muiden P\u00dcR-puuterimeikkituotteiden kanssa ammattimaisen lopputuloksen saavuttamiseksi kotona tai studiossa.<\/p>","protected":false},"featured_media":320,"template":"","meta":{"_acf_changed":false},"product_brand":[],"product_cat":[31,22,41,99],"product_tag":[],"class_list":{"0":"post-319","1":"product","2":"type-product","3":"status-publish","4":"has-post-thumbnail","6":"product_cat-meigipohi","7":"product_cat-meik","8":"product_cat-pohi","9":"product_cat-tarvikud","11":"first","12":"instock","13":"shipping-taxable","14":"purchasable","15":"product-type-simple"},"acf":[],"jetpack_sharing_enabled":true,"_links":{"self":[{"href":"https:\/\/purbeauty.eu\/fi\/wp-json\/wp\/v2\/product\/319","targetHints":{"allow":["GET"]}}],"collection":[{"href":"https:\/\/purbeauty.eu\/fi\/wp-json\/wp\/v2\/product"}],"about":[{"href":"https:\/\/purbeauty.eu\/fi\/wp-json\/wp\/v2\/types\/product"}],"wp:featuredmedia":[{"embeddable":true,"href":"https:\/\/purbeauty.eu\/fi\/wp-json\/wp\/v2\/media\/320"}],"wp:attachment":[{"href":"https:\/\/purbeauty.eu\/fi\/wp-json\/wp\/v2\/media?parent=319"}],"wp:term":[{"taxonomy":"product_brand","embeddable":true,"href":"https:\/\/purbeauty.eu\/fi\/wp-json\/wp\/v2\/product_brand?post=319"},{"taxonomy":"product_cat","embeddable":true,"href":"https:\/\/purbeauty.eu\/fi\/wp-json\/wp\/v2\/product_cat?post=319"},{"taxonomy":"product_tag","embeddable":true,"href":"https:\/\/purbeauty.eu\/fi\/wp-json\/wp\/v2\/product_tag?post=319"}],"curies":[{"name":"wp","href":"https:\/\/api.w.org\/{rel}","templated":true}]}}