{"id":332,"date":"2022-02-18T19:49:20","date_gmt":"2022-02-18T19:49:20","guid":{"rendered":"https:\/\/p\u00fcr.ee\/?post_type=product&#038;p=332"},"modified":"2026-04-15T06:30:01","modified_gmt":"2026-04-15T03:30:01","slug":"forever-clean-naopuhastusvahend","status":"publish","type":"product","link":"https:\/\/purbeauty.eu\/fi\/tuote\/forever-clean-naopuhastusvahend\/","title":{"rendered":"Forever Clean \u2013 Gentle Foaming Cleanser"},"content":{"rendered":"","protected":false},"excerpt":{"rendered":"<p class=\"p1\">Vie ihonhoitorutiinisi uudelle tasolle Forever Cleanin avulla. Se on hell\u00e4varainen ja virkist\u00e4v\u00e4 puhdistusaine, joka poistaa tehokkaasti lian, rasvan ja j\u00e4\u00e4m\u00e4t j\u00e4tt\u00e4en ihon kosteutetuksi ja rauhoitetuksi. Antioksidanttirikas koostumus, joka sis\u00e4lt\u00e4\u00e4 vihre\u00e4\u00e4 teet\u00e4 ja aloe vera -uutteita, auttaa kosteuttamaan ja rauhoittamaan ihoa syv\u00e4lt\u00e4. Erityinen perhosruohouute suojaa ihoa haitalliselta siniselt\u00e4 valolta ja pit\u00e4\u00e4 sen n\u00e4ytt\u00e4v\u00e4n nuoremmalta ja terveemm\u00e4lt\u00e4. T\u00e4ydellinen p\u00e4ivitt\u00e4iseen k\u00e4ytt\u00f6\u00f6n, auttaa v\u00e4hent\u00e4m\u00e4\u00e4n ep\u00e4tasaista ihons\u00e4vy\u00e4 ja ennenaikaisen ik\u00e4\u00e4ntymisen merkkej\u00e4. Forever Clean tarjoaa nyt uusia, ymp\u00e4rist\u00f6yst\u00e4v\u00e4llisempi\u00e4 ja kierr\u00e4tett\u00e4vi\u00e4 pakkauksia, jotka auttavat v\u00e4hent\u00e4m\u00e4\u00e4n pakkausj\u00e4tett\u00e4.<\/p>","protected":false},"featured_media":5370,"template":"","meta":{"_acf_changed":false},"product_brand":[],"product_cat":[152,24,146,150,101,153,321,23,28,151,144,29,44,145],"product_tag":[],"class_list":{"0":"post-332","1":"product","2":"type-product","3":"status-publish","4":"has-post-thumbnail","6":"product_cat-ebauhtlane-nahatoon","7":"product_cat-eripakkumised","8":"product_cat-kombineeritud","9":"product_cat-kortsud","10":"product_cat-muugihitid","11":"product_cat-nagu-naohooldus","12":"product_cat-nahatuubid","13":"product_cat-naohooldus","14":"product_cat-naotuup","15":"product_cat-niisutus","16":"product_cat-normaalne","17":"product_cat-probleem","18":"product_cat-puhastusvahendid","19":"product_cat-tundlik","21":"first","22":"instock","23":"shipping-taxable","24":"purchasable","25":"product-type-simple"},"acf":[],"jetpack_sharing_enabled":true,"_links":{"self":[{"href":"https:\/\/purbeauty.eu\/fi\/wp-json\/wp\/v2\/product\/332","targetHints":{"allow":["GET"]}}],"collection":[{"href":"https:\/\/purbeauty.eu\/fi\/wp-json\/wp\/v2\/product"}],"about":[{"href":"https:\/\/purbeauty.eu\/fi\/wp-json\/wp\/v2\/types\/product"}],"wp:featuredmedia":[{"embeddable":true,"href":"https:\/\/purbeauty.eu\/fi\/wp-json\/wp\/v2\/media\/5370"}],"wp:attachment":[{"href":"https:\/\/purbeauty.eu\/fi\/wp-json\/wp\/v2\/media?parent=332"}],"wp:term":[{"taxonomy":"product_brand","embeddable":true,"href":"https:\/\/purbeauty.eu\/fi\/wp-json\/wp\/v2\/product_brand?post=332"},{"taxonomy":"product_cat","embeddable":true,"href":"https:\/\/purbeauty.eu\/fi\/wp-json\/wp\/v2\/product_cat?post=332"},{"taxonomy":"product_tag","embeddable":true,"href":"https:\/\/purbeauty.eu\/fi\/wp-json\/wp\/v2\/product_tag?post=332"}],"curies":[{"name":"wp","href":"https:\/\/api.w.org\/{rel}","templated":true}]}}