{"id":344,"date":"2022-02-18T20:03:44","date_gmt":"2022-02-18T18:03:44","guid":{"rendered":"https:\/\/p\u00fcr.ee\/?post_type=product&#038;p=344"},"modified":"2026-04-15T06:30:02","modified_gmt":"2026-04-15T03:30:02","slug":"joystick-exfoliating-sugav-pooride-puhastaja","status":"publish","type":"product","link":"https:\/\/purbeauty.eu\/fi\/tuote\/joystick-exfoliating-sugav-pooride-puhastaja\/","title":{"rendered":"Joystick Exfoliating Deep Pore Cleanser"},"content":{"rendered":"","protected":false},"excerpt":{"rendered":"<p class=\"p1\"><b>P\u00dcR See No More Deep Pore Cleanser Cleanser Stick \u2013 Syv\u00e4puhdistava ja kuoriva kasvojenpuhdistusaine<\/b><b><\/b><\/p>\n<p class=\"p3\">Saavuta sile\u00e4mpi, kirkkaampi ja terveempi iho P\u00dcR See No More Deep Cleansing Cleansing Stick -puhdistuspuikolla. T\u00e4m\u00e4 3-in-1-kasvojenpuhdistusaine puhdistaa, kuorii ja virkist\u00e4\u00e4 ihoa samanaikaisesti, auttaen poistamaan tehokkaasti likaa, ylim\u00e4\u00e4r\u00e4ist\u00e4 \u00f6ljy\u00e4 ja tukoksia. Vaahtoava koostumus aktivoituu veden kanssa, puhdistaa ihohuokoset syv\u00e4lt\u00e4 ja j\u00e4tt\u00e4\u00e4 ihon raikkaaksi ja tasapainoiseksi. Ihanteellinen p\u00e4ivitt\u00e4iseen k\u00e4ytt\u00f6\u00f6n kaikille ihotyypeille, mutta erityisesti ongelmaiholle ja akneen taipuvaiselle iholle.<\/p>","protected":false},"featured_media":345,"template":"","meta":{"_acf_changed":false},"product_brand":[],"product_cat":[147,152,146,150,142,153,321,23,119,28,151,144,143,29,44,145],"product_tag":[],"class_list":{"0":"post-344","1":"product","2":"type-product","3":"status-publish","4":"has-post-thumbnail","6":"product_cat-akne-plekid","7":"product_cat-ebauhtlane-nahatoon","8":"product_cat-kombineeritud","9":"product_cat-kortsud","10":"product_cat-kuiv","11":"product_cat-nagu-naohooldus","12":"product_cat-nahatuubid","13":"product_cat-naohooldus","14":"product_cat-naomaskid","15":"product_cat-naotuup","16":"product_cat-niisutus","17":"product_cat-normaalne","18":"product_cat-oline","19":"product_cat-probleem","20":"product_cat-puhastusvahendid","21":"product_cat-tundlik","23":"first","24":"instock","25":"shipping-taxable","26":"purchasable","27":"product-type-simple"},"acf":[],"jetpack_sharing_enabled":true,"_links":{"self":[{"href":"https:\/\/purbeauty.eu\/fi\/wp-json\/wp\/v2\/product\/344","targetHints":{"allow":["GET"]}}],"collection":[{"href":"https:\/\/purbeauty.eu\/fi\/wp-json\/wp\/v2\/product"}],"about":[{"href":"https:\/\/purbeauty.eu\/fi\/wp-json\/wp\/v2\/types\/product"}],"wp:featuredmedia":[{"embeddable":true,"href":"https:\/\/purbeauty.eu\/fi\/wp-json\/wp\/v2\/media\/345"}],"wp:attachment":[{"href":"https:\/\/purbeauty.eu\/fi\/wp-json\/wp\/v2\/media?parent=344"}],"wp:term":[{"taxonomy":"product_brand","embeddable":true,"href":"https:\/\/purbeauty.eu\/fi\/wp-json\/wp\/v2\/product_brand?post=344"},{"taxonomy":"product_cat","embeddable":true,"href":"https:\/\/purbeauty.eu\/fi\/wp-json\/wp\/v2\/product_cat?post=344"},{"taxonomy":"product_tag","embeddable":true,"href":"https:\/\/purbeauty.eu\/fi\/wp-json\/wp\/v2\/product_tag?post=344"}],"curies":[{"name":"wp","href":"https:\/\/api.w.org\/{rel}","templated":true}]}}