{"id":3500,"date":"2023-06-20T22:28:24","date_gmt":"2023-06-20T19:28:24","guid":{"rendered":"https:\/\/purbeauty.eu\/toode\/pm-5pc-brush-set-silver\/"},"modified":"2026-04-15T06:20:01","modified_gmt":"2026-04-15T03:20:01","slug":"pm-5pc-brush-set-silver","status":"publish","type":"product","link":"https:\/\/purbeauty.eu\/fi\/tuote\/pm-5pc-brush-set-silver\/","title":{"rendered":"Meikkisivellinsetti 5 kpl"},"content":{"rendered":"","protected":false},"excerpt":{"rendered":"<p>T\u00e4ll\u00e4 ylellisell\u00e4 P\u00dcR x CARE 5-osaisella Cruelty Free -harjasetill\u00e4, jossa on pidike, voit luoda loputtoman meikin lookin - jokainen tiiviisti pakattu meikkisivellin koostuu aaltoilevista ja suorista synteettisist\u00e4 kuiduista, mik\u00e4 mahdollistaa hallitun levityksen ja v\u00e4hemm\u00e4n laskeuman.<\/p>\n<p><strong>Setti sis\u00e4lt\u00e4\u00e4:<\/strong><br \/>\nPoskipunasivellin, puuterisivellin, luomiv\u00e4ripohjasivellin, luomiv\u00e4rien sekoitussivellin ja luomiv\u00e4rien rypistyssivellin<\/p>\n<p><strong>Mit\u00e4 se tekee:<\/strong><br \/>\nAmmattimainen laatu, auttaa luomaan virheett\u00f6m\u00e4n ulkon\u00e4\u00f6n, kevyt, tiiviisti pakattu, synteettiset kuidut, vegaaninen ja valvottu k\u00e4ytt\u00f6<\/p>\n<p><strong>*P\u00dcR x CARE -kokoelmatuotteen ostosta saadut tulot johtavat 100 000 dollarin lahjoitukseen CARElle, joka auttaa torjumaan k\u00f6yhyytt\u00e4 ymp\u00e4ri maailmaa. Liity meihin t\u00e4ss\u00e4 taistelussa.<\/strong><\/p>","protected":false},"featured_media":3503,"template":"","meta":{"_acf_changed":false},"product_brand":[],"product_cat":[299,22,99,21],"product_tag":[],"class_list":{"0":"post-3500","1":"product","2":"type-product","3":"status-publish","4":"has-post-thumbnail","6":"product_cat-komplektid","7":"product_cat-meik","8":"product_cat-tarvikud","9":"product_cat-uued","11":"first","12":"instock","13":"shipping-taxable","14":"purchasable","15":"product-type-simple"},"acf":[],"jetpack_sharing_enabled":true,"_links":{"self":[{"href":"https:\/\/purbeauty.eu\/fi\/wp-json\/wp\/v2\/product\/3500","targetHints":{"allow":["GET"]}}],"collection":[{"href":"https:\/\/purbeauty.eu\/fi\/wp-json\/wp\/v2\/product"}],"about":[{"href":"https:\/\/purbeauty.eu\/fi\/wp-json\/wp\/v2\/types\/product"}],"wp:featuredmedia":[{"embeddable":true,"href":"https:\/\/purbeauty.eu\/fi\/wp-json\/wp\/v2\/media\/3503"}],"wp:attachment":[{"href":"https:\/\/purbeauty.eu\/fi\/wp-json\/wp\/v2\/media?parent=3500"}],"wp:term":[{"taxonomy":"product_brand","embeddable":true,"href":"https:\/\/purbeauty.eu\/fi\/wp-json\/wp\/v2\/product_brand?post=3500"},{"taxonomy":"product_cat","embeddable":true,"href":"https:\/\/purbeauty.eu\/fi\/wp-json\/wp\/v2\/product_cat?post=3500"},{"taxonomy":"product_tag","embeddable":true,"href":"https:\/\/purbeauty.eu\/fi\/wp-json\/wp\/v2\/product_tag?post=3500"}],"curies":[{"name":"wp","href":"https:\/\/api.w.org\/{rel}","templated":true}]}}