{"id":352,"date":"2022-02-18T20:12:54","date_gmt":"2022-02-18T18:12:54","guid":{"rendered":"https:\/\/p\u00fcr.ee\/?post_type=product&#038;p=352"},"modified":"2026-04-15T06:30:02","modified_gmt":"2026-04-15T03:30:02","slug":"lit-mist-illuminating-setting-spray","status":"publish","type":"product","link":"https:\/\/purbeauty.eu\/fi\/tuote\/lit-mist-illuminating-setting-spray\/","title":{"rendered":"Palaa Mist Illuminating Setting Spray"},"content":{"rendered":"","protected":false},"excerpt":{"rendered":"<p class=\"p1\">Anna v\u00e4syneelle ja samealle ihollesi uusi el\u00e4m\u00e4 P\u00dcR:n avulla <span class=\"s1\"><b>Lit Mist<\/b><\/span> kiiltoa antavalla meikinkiinnityssuihkeella, joka <span class=\"s1\"><b>kosteuttaa ihoa, kiinnitt\u00e4\u00e4 meikin ja suojaa ymp\u00e4rist\u00f6n vaikutuksilta<\/b><\/span>, mukaan lukien n\u00e4kyv\u00e4n sinisen valon aiheuttamat vauriot. T\u00e4m\u00e4 kevyt ja virkist\u00e4v\u00e4 suihke j\u00e4tt\u00e4\u00e4 iholle kauniin, hehkuvan s\u00e4vyn \u2013 aivan kuin her\u00e4isit virkistyneen\u00e4 ja s\u00e4teilev\u00e4n\u00e4.<\/p>","protected":false},"featured_media":4697,"template":"","meta":{"_acf_changed":false},"product_brand":[],"product_cat":[147,152,146,150,142,22,153,321,23,45,46,28,151,144,143,41,29,145,129],"product_tag":[],"class_list":{"0":"post-352","1":"product","2":"type-product","3":"status-publish","4":"has-post-thumbnail","6":"product_cat-akne-plekid","7":"product_cat-ebauhtlane-nahatoon","8":"product_cat-kombineeritud","9":"product_cat-kortsud","10":"product_cat-kuiv","11":"product_cat-meik","12":"product_cat-nagu-naohooldus","13":"product_cat-nahatuubid","14":"product_cat-naohooldus","15":"product_cat-naoseerumid-olid","16":"product_cat-naospreid","17":"product_cat-naotuup","18":"product_cat-niisutus","19":"product_cat-normaalne","20":"product_cat-oline","21":"product_cat-pohi","22":"product_cat-probleem","23":"product_cat-tundlik","24":"product_cat-zenzenn","26":"first","27":"instock","28":"shipping-taxable","29":"purchasable","30":"product-type-simple"},"acf":[],"jetpack_sharing_enabled":true,"_links":{"self":[{"href":"https:\/\/purbeauty.eu\/fi\/wp-json\/wp\/v2\/product\/352","targetHints":{"allow":["GET"]}}],"collection":[{"href":"https:\/\/purbeauty.eu\/fi\/wp-json\/wp\/v2\/product"}],"about":[{"href":"https:\/\/purbeauty.eu\/fi\/wp-json\/wp\/v2\/types\/product"}],"wp:featuredmedia":[{"embeddable":true,"href":"https:\/\/purbeauty.eu\/fi\/wp-json\/wp\/v2\/media\/4697"}],"wp:attachment":[{"href":"https:\/\/purbeauty.eu\/fi\/wp-json\/wp\/v2\/media?parent=352"}],"wp:term":[{"taxonomy":"product_brand","embeddable":true,"href":"https:\/\/purbeauty.eu\/fi\/wp-json\/wp\/v2\/product_brand?post=352"},{"taxonomy":"product_cat","embeddable":true,"href":"https:\/\/purbeauty.eu\/fi\/wp-json\/wp\/v2\/product_cat?post=352"},{"taxonomy":"product_tag","embeddable":true,"href":"https:\/\/purbeauty.eu\/fi\/wp-json\/wp\/v2\/product_tag?post=352"}],"curies":[{"name":"wp","href":"https:\/\/api.w.org\/{rel}","templated":true}]}}