{"id":369,"date":"2022-02-18T20:42:21","date_gmt":"2022-02-18T20:42:21","guid":{"rendered":"https:\/\/p\u00fcr.ee\/?post_type=product&#038;p=369"},"modified":"2026-04-15T06:25:01","modified_gmt":"2026-04-15T03:25:01","slug":"pro-eyelashes","status":"publish","type":"product","link":"https:\/\/purbeauty.eu\/fi\/tuote\/pro-eyelashes\/","title":{"rendered":"PRO Silm\u00e4ripset"},"content":{"rendered":"","protected":false},"excerpt":{"rendered":"<p class=\"\"><span class=\"\">P\u00dcR Pro -ripsien avulla voit viimeistell\u00e4 silm\u00e4meikin \u2013 n\u00e4m\u00e4 3D Cruelty-Free Luxe Lashes ovat k\u00e4sintehtyj\u00e4 ja sis\u00e4lt\u00e4v\u00e4t kevyit\u00e4 synteettisi\u00e4 silkkikuituja.\u00a0<\/span><\/p>\n<p>&nbsp;<\/p>","protected":false},"featured_media":4700,"template":"","meta":{"_acf_changed":false},"product_brand":[],"product_cat":[22,140,34,99],"product_tag":[156],"class_list":{"0":"post-369","1":"product","2":"type-product","3":"status-publish","4":"has-post-thumbnail","6":"product_cat-meik","7":"product_cat-ripsmed","8":"product_cat-silmad","9":"product_cat-tarvikud","10":"product_tag-test","12":"first","13":"outofstock","14":"shipping-taxable","15":"purchasable","16":"product-type-variable"},"acf":[],"jetpack_sharing_enabled":true,"_links":{"self":[{"href":"https:\/\/purbeauty.eu\/fi\/wp-json\/wp\/v2\/product\/369","targetHints":{"allow":["GET"]}}],"collection":[{"href":"https:\/\/purbeauty.eu\/fi\/wp-json\/wp\/v2\/product"}],"about":[{"href":"https:\/\/purbeauty.eu\/fi\/wp-json\/wp\/v2\/types\/product"}],"wp:featuredmedia":[{"embeddable":true,"href":"https:\/\/purbeauty.eu\/fi\/wp-json\/wp\/v2\/media\/4700"}],"wp:attachment":[{"href":"https:\/\/purbeauty.eu\/fi\/wp-json\/wp\/v2\/media?parent=369"}],"wp:term":[{"taxonomy":"product_brand","embeddable":true,"href":"https:\/\/purbeauty.eu\/fi\/wp-json\/wp\/v2\/product_brand?post=369"},{"taxonomy":"product_cat","embeddable":true,"href":"https:\/\/purbeauty.eu\/fi\/wp-json\/wp\/v2\/product_cat?post=369"},{"taxonomy":"product_tag","embeddable":true,"href":"https:\/\/purbeauty.eu\/fi\/wp-json\/wp\/v2\/product_tag?post=369"}],"curies":[{"name":"wp","href":"https:\/\/api.w.org\/{rel}","templated":true}]}}