{"id":3930,"date":"2023-12-27T22:06:25","date_gmt":"2023-12-27T20:06:25","guid":{"rendered":"https:\/\/purbeauty.eu\/toode\/rescue-c-brightening-eye-cream\/"},"modified":"2026-04-15T06:35:01","modified_gmt":"2026-04-15T03:35:01","slug":"rescue-c-brightening-eye-cream","status":"publish","type":"product","link":"https:\/\/purbeauty.eu\/fi\/tuote\/rescue-c-brightening-eye-cream\/","title":{"rendered":"Rescue C kirkastava C-vitamiini- ja peptidi silm\u00e4nymp\u00e4rysvoide"},"content":{"rendered":"","protected":false},"excerpt":{"rendered":"<p class=\"p1\"><span class=\"s1\"><b>C-vitamiinilla ja peptideill\u00e4 tehostettu silm\u00e4nymp\u00e4rysvoide<\/b><\/span> \u2013 tehokkaasti kosteuttava ja virkist\u00e4v\u00e4 hoito, joka raikastaa v\u00e4syneiden silmien ulkon\u00e4k\u00f6\u00e4 ja luo lev\u00e4nneen hehkun!<\/p>","protected":false},"featured_media":3970,"template":"","meta":{"_acf_changed":false},"product_brand":[],"product_cat":[147,152,146,150,142,153,321,23,28,151,144,143,29,149,120,43,145],"product_tag":[],"class_list":{"0":"post-3930","1":"product","2":"type-product","3":"status-publish","4":"has-post-thumbnail","6":"product_cat-akne-plekid","7":"product_cat-ebauhtlane-nahatoon","8":"product_cat-kombineeritud","9":"product_cat-kortsud","10":"product_cat-kuiv","11":"product_cat-nagu-naohooldus","12":"product_cat-nahatuubid","13":"product_cat-naohooldus","14":"product_cat-naotuup","15":"product_cat-niisutus","16":"product_cat-normaalne","17":"product_cat-oline","18":"product_cat-probleem","19":"product_cat-punetus","20":"product_cat-silmaalla","21":"product_cat-silmakreemid","22":"product_cat-tundlik","24":"first","25":"instock","26":"shipping-taxable","27":"purchasable","28":"product-type-simple"},"acf":[],"jetpack_sharing_enabled":true,"_links":{"self":[{"href":"https:\/\/purbeauty.eu\/fi\/wp-json\/wp\/v2\/product\/3930","targetHints":{"allow":["GET"]}}],"collection":[{"href":"https:\/\/purbeauty.eu\/fi\/wp-json\/wp\/v2\/product"}],"about":[{"href":"https:\/\/purbeauty.eu\/fi\/wp-json\/wp\/v2\/types\/product"}],"wp:featuredmedia":[{"embeddable":true,"href":"https:\/\/purbeauty.eu\/fi\/wp-json\/wp\/v2\/media\/3970"}],"wp:attachment":[{"href":"https:\/\/purbeauty.eu\/fi\/wp-json\/wp\/v2\/media?parent=3930"}],"wp:term":[{"taxonomy":"product_brand","embeddable":true,"href":"https:\/\/purbeauty.eu\/fi\/wp-json\/wp\/v2\/product_brand?post=3930"},{"taxonomy":"product_cat","embeddable":true,"href":"https:\/\/purbeauty.eu\/fi\/wp-json\/wp\/v2\/product_cat?post=3930"},{"taxonomy":"product_tag","embeddable":true,"href":"https:\/\/purbeauty.eu\/fi\/wp-json\/wp\/v2\/product_tag?post=3930"}],"curies":[{"name":"wp","href":"https:\/\/api.w.org\/{rel}","templated":true}]}}