{"id":3931,"date":"2023-12-27T22:06:26","date_gmt":"2023-12-27T20:06:26","guid":{"rendered":"https:\/\/purbeauty.eu\/toode\/ceretin-boost\/"},"modified":"2026-04-15T07:50:01","modified_gmt":"2026-04-15T04:50:01","slug":"ceretin-boost","status":"publish","type":"product","link":"https:\/\/purbeauty.eu\/fi\/tuote\/ceretin-boost\/","title":{"rendered":"Ceret En Boost Ik\u00e4 Taattu Seerumin Retinolia"},"content":{"rendered":"<p class=\"p1\"><b>Ik\u00e4\u00e4ntymist\u00e4 ehk\u00e4isev\u00e4 retinoliseerumi<\/b><b><\/b><\/p>\n<p class=\"p2\">Anna ihollesi tehokas annos ik\u00e4\u00e4ntymisen merkkej\u00e4 vastaan \u2013 t\u00e4m\u00e4 ihonhoitoretinoliseerumi auttaa tekem\u00e4\u00e4n ihosta n\u00e4kyv\u00e4sti sile\u00e4n ja t\u00e4ytel\u00e4isen. P\u00e4ivitetty koostumus sis\u00e4lt\u00e4\u00e4 nelj\u00e4 kertaa tehokkaamman Ceretin Complex -yhdisteen, joka auttaa v\u00e4hent\u00e4m\u00e4\u00e4n hienoja juonteita ja antaa iholle nuorekkaan hehkun.<\/p>\n<p class=\"p2\"><span class=\"s1\"><b>T\u00e4ytteen paino:<\/b><\/span> 30 ml \/ 1 fl oz<\/p>","protected":false},"excerpt":{"rendered":"<p class=\"p1\"><b>Ik\u00e4\u00e4ntymist\u00e4 ehk\u00e4isev\u00e4 retinoliseerumi<\/b><b><\/b><\/p>\n<p class=\"p2\">Anna ihollesi tehokas annos ik\u00e4\u00e4ntymisen merkkej\u00e4 vastaan \u2013 t\u00e4m\u00e4 ihonhoitoretinoliseerumi auttaa tekem\u00e4\u00e4n ihosta n\u00e4kyv\u00e4sti sile\u00e4n ja t\u00e4ytel\u00e4isen. P\u00e4ivitetty koostumus sis\u00e4lt\u00e4\u00e4 nelj\u00e4 kertaa tehokkaamman Ceretin Complex -yhdisteen, joka auttaa v\u00e4hent\u00e4m\u00e4\u00e4n hienoja juonteita ja antaa iholle nuorekkaan hehkun.<\/p>\n<p class=\"p2\"><span class=\"s1\"><b>T\u00e4ytteen paino:<\/b><\/span> 30 ml \/ 1 fl oz<\/p>","protected":false},"featured_media":3509,"template":"","meta":{"_acf_changed":false},"product_brand":[],"product_cat":[147,152,146,150,142,153,321,23,45,28,151,144,143,29,149,121,145],"product_tag":[],"class_list":{"0":"post-3931","1":"product","2":"type-product","3":"status-publish","4":"has-post-thumbnail","6":"product_cat-akne-plekid","7":"product_cat-ebauhtlane-nahatoon","8":"product_cat-kombineeritud","9":"product_cat-kortsud","10":"product_cat-kuiv","11":"product_cat-nagu-naohooldus","12":"product_cat-nahatuubid","13":"product_cat-naohooldus","14":"product_cat-naoseerumid-olid","15":"product_cat-naotuup","16":"product_cat-niisutus","17":"product_cat-normaalne","18":"product_cat-oline","19":"product_cat-probleem","20":"product_cat-punetus","21":"product_cat-seerumid","22":"product_cat-tundlik","24":"first","25":"instock","26":"shipping-taxable","27":"purchasable","28":"product-type-simple"},"acf":[],"jetpack_sharing_enabled":true,"_links":{"self":[{"href":"https:\/\/purbeauty.eu\/fi\/wp-json\/wp\/v2\/product\/3931","targetHints":{"allow":["GET"]}}],"collection":[{"href":"https:\/\/purbeauty.eu\/fi\/wp-json\/wp\/v2\/product"}],"about":[{"href":"https:\/\/purbeauty.eu\/fi\/wp-json\/wp\/v2\/types\/product"}],"wp:featuredmedia":[{"embeddable":true,"href":"https:\/\/purbeauty.eu\/fi\/wp-json\/wp\/v2\/media\/3509"}],"wp:attachment":[{"href":"https:\/\/purbeauty.eu\/fi\/wp-json\/wp\/v2\/media?parent=3931"}],"wp:term":[{"taxonomy":"product_brand","embeddable":true,"href":"https:\/\/purbeauty.eu\/fi\/wp-json\/wp\/v2\/product_brand?post=3931"},{"taxonomy":"product_cat","embeddable":true,"href":"https:\/\/purbeauty.eu\/fi\/wp-json\/wp\/v2\/product_cat?post=3931"},{"taxonomy":"product_tag","embeddable":true,"href":"https:\/\/purbeauty.eu\/fi\/wp-json\/wp\/v2\/product_tag?post=3931"}],"curies":[{"name":"wp","href":"https:\/\/api.w.org\/{rel}","templated":true}]}}