{"id":3932,"date":"2023-12-27T22:06:28","date_gmt":"2023-12-27T20:06:28","guid":{"rendered":"https:\/\/purbeauty.eu\/toode\/get-a-lift-facial-cream\/"},"modified":"2026-04-15T06:35:01","modified_gmt":"2026-04-15T03:35:01","slug":"get-a-lift-facial-cream","status":"publish","type":"product","link":"https:\/\/purbeauty.eu\/fi\/tuote\/get-a-lift-facial-cream\/","title":{"rendered":"Saada Nosta Kiinteytt\u00e4v\u00e4 Kerma Kosteusvoide"},"content":{"rendered":"","protected":false},"excerpt":{"rendered":"<p>Get A Lift on kiinteytt\u00e4v\u00e4 ja kosteuttava luksuskasvovoide, joka yhdist\u00e4\u00e4 useita ik\u00e4\u00e4ntymist\u00e4 est\u00e4vi\u00e4 ainesosia kohottamaan ja palauttamaan ihon nuorekkaan kimmoisuuden.<\/p>\n<p class=\"p1\">Rikastettu huolella valituilla ainesosilla, jotka parantavat ihon kimmoisuutta ja v\u00e4hent\u00e4v\u00e4t hienojen juonteiden ja ryppyjen n\u00e4kymist\u00e4. Sopii p\u00e4ivitt\u00e4iseen k\u00e4ytt\u00f6\u00f6n kaikille ihotyypeille.<\/p>\n<p class=\"p2\">\n<ul>\n<li>\n<p class=\"p1\">Syv\u00e4kosteuttava ja helposti imeytyv\u00e4<\/p>\n<\/li>\n<li>\n<p class=\"p1\">Parantaa ihon rakennetta ja kimmoisuutta<\/p>\n<\/li>\n<li>\n<p class=\"p1\">V\u00e4hent\u00e4\u00e4 ik\u00e4\u00e4ntymisen merkkej\u00e4<\/p>\n<\/li>\n<li>\n<p class=\"p1\">Ihanteellinen ihon kiinteytt\u00e4miseen ja kirkastamiseen<\/p>\n<\/li>\n<\/ul>\n<p>&nbsp;<\/p>\n<p>Tuotteen paino: 50 g<\/p>","protected":false},"featured_media":4725,"template":"","meta":{"_acf_changed":false},"product_brand":[],"product_cat":[147,152,146,150,142,153,321,23,42,28,151,144,143,29,149,145],"product_tag":[],"class_list":{"0":"post-3932","1":"product","2":"type-product","3":"status-publish","4":"has-post-thumbnail","6":"product_cat-akne-plekid","7":"product_cat-ebauhtlane-nahatoon","8":"product_cat-kombineeritud","9":"product_cat-kortsud","10":"product_cat-kuiv","11":"product_cat-nagu-naohooldus","12":"product_cat-nahatuubid","13":"product_cat-naohooldus","14":"product_cat-naokreemid","15":"product_cat-naotuup","16":"product_cat-niisutus","17":"product_cat-normaalne","18":"product_cat-oline","19":"product_cat-probleem","20":"product_cat-punetus","21":"product_cat-tundlik","23":"first","24":"instock","25":"shipping-taxable","26":"purchasable","27":"product-type-simple"},"acf":[],"jetpack_sharing_enabled":true,"_links":{"self":[{"href":"https:\/\/purbeauty.eu\/fi\/wp-json\/wp\/v2\/product\/3932","targetHints":{"allow":["GET"]}}],"collection":[{"href":"https:\/\/purbeauty.eu\/fi\/wp-json\/wp\/v2\/product"}],"about":[{"href":"https:\/\/purbeauty.eu\/fi\/wp-json\/wp\/v2\/types\/product"}],"wp:featuredmedia":[{"embeddable":true,"href":"https:\/\/purbeauty.eu\/fi\/wp-json\/wp\/v2\/media\/4725"}],"wp:attachment":[{"href":"https:\/\/purbeauty.eu\/fi\/wp-json\/wp\/v2\/media?parent=3932"}],"wp:term":[{"taxonomy":"product_brand","embeddable":true,"href":"https:\/\/purbeauty.eu\/fi\/wp-json\/wp\/v2\/product_brand?post=3932"},{"taxonomy":"product_cat","embeddable":true,"href":"https:\/\/purbeauty.eu\/fi\/wp-json\/wp\/v2\/product_cat?post=3932"},{"taxonomy":"product_tag","embeddable":true,"href":"https:\/\/purbeauty.eu\/fi\/wp-json\/wp\/v2\/product_tag?post=3932"}],"curies":[{"name":"wp","href":"https:\/\/api.w.org\/{rel}","templated":true}]}}