{"id":4459,"date":"2024-06-06T12:16:11","date_gmt":"2024-06-06T09:16:11","guid":{"rendered":"https:\/\/purbeauty.eu\/?post_type=product&#038;p=4459"},"modified":"2026-04-15T06:35:03","modified_gmt":"2026-04-15T03:35:03","slug":"on-point-tint-creamy-eyeshadow-primer-with-peptides","status":"publish","type":"product","link":"https:\/\/purbeauty.eu\/fi\/tuote\/on-point-tint-creamy-eyeshadow-primer-with-peptides\/","title":{"rendered":"On Point Tint kermainen luomiv\u00e4ri &amp; primer peptideill\u00e4"},"content":{"rendered":"","protected":false},"excerpt":{"rendered":"<p class=\"p1\"><b>On Point Tint \u2013 kermainen luomiv\u00e4ri ja pohjustusvoide samassa!<\/b><b><\/b><\/p>\n<p class=\"p2\">Tutustu ylelliseen, kermaisesta puuterimaiseen koostumukseen, joka antaa silm\u00e4meikillesi kevyen tai keskipeitt\u00e4v\u00e4sti peitt\u00e4v\u00e4n s\u00e4vyn sek\u00e4 raikkaan ja s\u00e4teilev\u00e4n ilmeen. Runsaspigmenttinen koostumus takaa intensiivisen ja pitk\u00e4kestoisen lopputuloksen \u2013 ilman ryppyj\u00e4 tai juonteita!<\/p>","protected":false},"featured_media":4688,"template":"","meta":{"_acf_changed":false},"product_brand":[],"product_cat":[155,102,134,290,22,34,21],"product_tag":[],"class_list":{"0":"post-4459","1":"product","2":"type-product","3":"status-publish","4":"has-post-thumbnail","6":"product_cat-f-z","7":"product_cat-koostise-jargi","8":"product_cat-kurkum","9":"product_cat-lauvarvid","10":"product_cat-meik","11":"product_cat-silmad","12":"product_cat-uued","14":"first","15":"instock","16":"shipping-taxable","17":"purchasable","18":"product-type-variable"},"acf":[],"jetpack_sharing_enabled":true,"_links":{"self":[{"href":"https:\/\/purbeauty.eu\/fi\/wp-json\/wp\/v2\/product\/4459","targetHints":{"allow":["GET"]}}],"collection":[{"href":"https:\/\/purbeauty.eu\/fi\/wp-json\/wp\/v2\/product"}],"about":[{"href":"https:\/\/purbeauty.eu\/fi\/wp-json\/wp\/v2\/types\/product"}],"wp:featuredmedia":[{"embeddable":true,"href":"https:\/\/purbeauty.eu\/fi\/wp-json\/wp\/v2\/media\/4688"}],"wp:attachment":[{"href":"https:\/\/purbeauty.eu\/fi\/wp-json\/wp\/v2\/media?parent=4459"}],"wp:term":[{"taxonomy":"product_brand","embeddable":true,"href":"https:\/\/purbeauty.eu\/fi\/wp-json\/wp\/v2\/product_brand?post=4459"},{"taxonomy":"product_cat","embeddable":true,"href":"https:\/\/purbeauty.eu\/fi\/wp-json\/wp\/v2\/product_cat?post=4459"},{"taxonomy":"product_tag","embeddable":true,"href":"https:\/\/purbeauty.eu\/fi\/wp-json\/wp\/v2\/product_tag?post=4459"}],"curies":[{"name":"wp","href":"https:\/\/api.w.org\/{rel}","templated":true}]}}