{"id":4478,"date":"2024-06-06T12:54:58","date_gmt":"2024-06-06T09:54:58","guid":{"rendered":"https:\/\/purbeauty.eu\/?post_type=product&#038;p=4478"},"modified":"2026-04-15T06:35:03","modified_gmt":"2026-04-15T03:35:03","slug":"silky-tint-creamy-multitasking-stick-with-peptides","status":"publish","type":"product","link":"https:\/\/purbeauty.eu\/fi\/tuote\/silky-tint-creamy-multitasking-stick-with-peptides\/","title":{"rendered":"Silkkinen s\u00e4vy Kermainen monitoimitikku peptideill\u00e4"},"content":{"rendered":"","protected":false},"excerpt":{"rendered":"<p class=\"p1\">Luo kaunis ja s\u00e4teilev\u00e4 iho Silky Tint Creamy Multitasking -poskipunapuikolla, joka tasoittaa ja m\u00e4\u00e4rittelee ihosi antaen v\u00e4litt\u00f6m\u00e4sti raikkaan ilmeen. T\u00e4m\u00e4 silkkinen, peptidipitoinen 2-in-1-kermainen poskipunapuikko sulautuu saumattomasti ihoon ja antaa luonnollisen, terveen hehkun kermaisella viimeistelyll\u00e4.<\/p>\n<p class=\"p1\">M\u00e4\u00e4r\u00e4: 6 g<\/p>\n<p class=\"p1\">V\u00e4ris\u00e4vyt:<\/p>\n<p class=\"p3\">\n<ul>\n<li>\n<p class=\"p1\"><b>UUSI Kuohuviini Ros\u00e9<\/b><span class=\"s1\"> (kiilt\u00e4v\u00e4 vaaleanpunainen)<\/span><\/p>\n<\/li>\n<li>\n<p class=\"p1\"><span class=\"s1\"><b>Berry Paras<\/b><\/span> (pehme\u00e4\u00e4 vadelmaa)<\/p>\n<\/li>\n<li>\n<p class=\"p1\"><span class=\"s1\"><b>Coral Cosmo<\/b><\/span> (vaalea koralli)<\/p>\n<\/li>\n<\/ul>\n<p>&nbsp;<\/p>\n<p class=\"p1\">T\u00e4ydellinen tapa luoda raikas ja luonnollinen iho, jota on helppo levitt\u00e4\u00e4 ja h\u00e4ivytt\u00e4\u00e4!<\/p>\n<p class=\"p4\">","protected":false},"featured_media":4972,"template":"","meta":{"_acf_changed":false},"product_brand":[],"product_cat":[155,146,117,102,142,134,22,101,28,144,143,41,116,145,21],"product_tag":[],"class_list":{"0":"post-4478","1":"product","2":"type-product","3":"status-publish","4":"has-post-thumbnail","6":"product_cat-f-z","7":"product_cat-kombineeritud","8":"product_cat-kontuur","9":"product_cat-koostise-jargi","10":"product_cat-kuiv","11":"product_cat-kurkum","12":"product_cat-meik","13":"product_cat-muugihitid","14":"product_cat-naotuup","15":"product_cat-normaalne","16":"product_cat-oline","17":"product_cat-pohi","18":"product_cat-posepuna","19":"product_cat-tundlik","20":"product_cat-uued","22":"first","23":"instock","24":"shipping-taxable","25":"purchasable","26":"product-type-variable"},"acf":[],"jetpack_sharing_enabled":true,"_links":{"self":[{"href":"https:\/\/purbeauty.eu\/fi\/wp-json\/wp\/v2\/product\/4478","targetHints":{"allow":["GET"]}}],"collection":[{"href":"https:\/\/purbeauty.eu\/fi\/wp-json\/wp\/v2\/product"}],"about":[{"href":"https:\/\/purbeauty.eu\/fi\/wp-json\/wp\/v2\/types\/product"}],"wp:featuredmedia":[{"embeddable":true,"href":"https:\/\/purbeauty.eu\/fi\/wp-json\/wp\/v2\/media\/4972"}],"wp:attachment":[{"href":"https:\/\/purbeauty.eu\/fi\/wp-json\/wp\/v2\/media?parent=4478"}],"wp:term":[{"taxonomy":"product_brand","embeddable":true,"href":"https:\/\/purbeauty.eu\/fi\/wp-json\/wp\/v2\/product_brand?post=4478"},{"taxonomy":"product_cat","embeddable":true,"href":"https:\/\/purbeauty.eu\/fi\/wp-json\/wp\/v2\/product_cat?post=4478"},{"taxonomy":"product_tag","embeddable":true,"href":"https:\/\/purbeauty.eu\/fi\/wp-json\/wp\/v2\/product_tag?post=4478"}],"curies":[{"name":"wp","href":"https:\/\/api.w.org\/{rel}","templated":true}]}}