{"id":4864,"date":"2024-10-12T11:25:32","date_gmt":"2024-10-12T08:25:32","guid":{"rendered":"https:\/\/purbeauty.eu\/?post_type=product&#038;p=4864"},"modified":"2026-04-15T06:20:01","modified_gmt":"2026-04-15T03:20:01","slug":"liquid-chisel-brush","status":"publish","type":"product","link":"https:\/\/purbeauty.eu\/fi\/tuote\/liquid-chisel-brush\/","title":{"rendered":"Neste Taltta Brush"},"content":{"rendered":"","protected":false},"excerpt":{"rendered":"<p class=\"p1\"><strong>Ammattimainen meikkivoiteen levityssivellin<\/strong><\/p>\n<p class=\"p1\"><strong>T\u00e4ydellinen kumppani meikkivoiteelle tai nestem\u00e4iselle meikkivoiteelle<\/strong><\/p>\n<p class=\"p1\">T\u00e4m\u00e4 on P\u00dcRin kauniin meikin salaisuus. Saavuta virheet\u00f6n iho joka kerta levitt\u00e4m\u00e4ll\u00e4 meikkivoidetta helposti ja t\u00e4ydellisesti. Sivellin on suunniteltu erityisesti P\u00dcRin meikkivoiteille ja yhdist\u00e4\u00e4 synteettisi\u00e4 ja luonnonkuituja virheett\u00f6m\u00e4n ja ilmavan lopputuloksen saavuttamiseksi. Ihanteellinen nestem\u00e4isen meikin levitt\u00e4miseen ja kerrostamiseen, mutta sopii my\u00f6s luomiv\u00e4rin levitt\u00e4miseen.<\/p>","protected":false},"featured_media":4884,"template":"","meta":{"_acf_changed":false},"product_brand":[],"product_cat":[31,22,41,99],"product_tag":[],"class_list":{"0":"post-4864","1":"product","2":"type-product","3":"status-publish","4":"has-post-thumbnail","6":"product_cat-meigipohi","7":"product_cat-meik","8":"product_cat-pohi","9":"product_cat-tarvikud","11":"first","12":"instock","13":"shipping-taxable","14":"purchasable","15":"product-type-simple"},"acf":[],"jetpack_sharing_enabled":true,"_links":{"self":[{"href":"https:\/\/purbeauty.eu\/fi\/wp-json\/wp\/v2\/product\/4864","targetHints":{"allow":["GET"]}}],"collection":[{"href":"https:\/\/purbeauty.eu\/fi\/wp-json\/wp\/v2\/product"}],"about":[{"href":"https:\/\/purbeauty.eu\/fi\/wp-json\/wp\/v2\/types\/product"}],"wp:featuredmedia":[{"embeddable":true,"href":"https:\/\/purbeauty.eu\/fi\/wp-json\/wp\/v2\/media\/4884"}],"wp:attachment":[{"href":"https:\/\/purbeauty.eu\/fi\/wp-json\/wp\/v2\/media?parent=4864"}],"wp:term":[{"taxonomy":"product_brand","embeddable":true,"href":"https:\/\/purbeauty.eu\/fi\/wp-json\/wp\/v2\/product_brand?post=4864"},{"taxonomy":"product_cat","embeddable":true,"href":"https:\/\/purbeauty.eu\/fi\/wp-json\/wp\/v2\/product_cat?post=4864"},{"taxonomy":"product_tag","embeddable":true,"href":"https:\/\/purbeauty.eu\/fi\/wp-json\/wp\/v2\/product_tag?post=4864"}],"curies":[{"name":"wp","href":"https:\/\/api.w.org\/{rel}","templated":true}]}}