{"id":5091,"date":"2025-01-09T14:41:37","date_gmt":"2025-01-09T12:41:37","guid":{"rendered":"https:\/\/purbeauty.eu\/?post_type=product&#038;p=5091"},"modified":"2026-04-15T08:20:03","modified_gmt":"2026-04-15T05:20:03","slug":"on-point-eyeliner-pencil","status":"publish","type":"product","link":"https:\/\/purbeauty.eu\/fi\/tuote\/on-point-eyeliner-pencil\/","title":{"rendered":"On Point Eyeliner Pencil"},"content":{"rendered":"","protected":false},"excerpt":{"rendered":"<p class=\"p1\">Luo pehme\u00e4 rajaus t\u00e4ll\u00e4 helppok\u00e4ytt\u00f6isell\u00e4 geelim\u00e4isell\u00e4 rajauskyn\u00e4ll\u00e4, joka liukuu tasaisesti ja jonka avulla voit luoda juuri sinulle sopivan ilmeen. Kermainen, ihoa hoitava koostumus sis\u00e4lt\u00e4\u00e4 ihoa pehment\u00e4vi\u00e4 ainesosia, jotka antavat levittyv\u00e4n, pitk\u00e4kestoisen ja miellytt\u00e4v\u00e4n v\u00e4rin. Siin\u00e4 on my\u00f6s sis\u00e4\u00e4nrakennettu teroitin tarkkaa ja helppoa levityst\u00e4 varten joka kerta!<\/p>","protected":false},"featured_media":5092,"template":"","meta":{"_acf_changed":false},"product_brand":[],"product_cat":[141,22,34,21],"product_tag":[],"class_list":{"0":"post-5091","1":"product","2":"type-product","3":"status-publish","4":"has-post-thumbnail","6":"product_cat-lainerid-kulmud","7":"product_cat-meik","8":"product_cat-silmad","9":"product_cat-uued","11":"first","12":"instock","13":"shipping-taxable","14":"purchasable","15":"product-type-variable"},"acf":[],"jetpack_sharing_enabled":true,"_links":{"self":[{"href":"https:\/\/purbeauty.eu\/fi\/wp-json\/wp\/v2\/product\/5091","targetHints":{"allow":["GET"]}}],"collection":[{"href":"https:\/\/purbeauty.eu\/fi\/wp-json\/wp\/v2\/product"}],"about":[{"href":"https:\/\/purbeauty.eu\/fi\/wp-json\/wp\/v2\/types\/product"}],"wp:featuredmedia":[{"embeddable":true,"href":"https:\/\/purbeauty.eu\/fi\/wp-json\/wp\/v2\/media\/5092"}],"wp:attachment":[{"href":"https:\/\/purbeauty.eu\/fi\/wp-json\/wp\/v2\/media?parent=5091"}],"wp:term":[{"taxonomy":"product_brand","embeddable":true,"href":"https:\/\/purbeauty.eu\/fi\/wp-json\/wp\/v2\/product_brand?post=5091"},{"taxonomy":"product_cat","embeddable":true,"href":"https:\/\/purbeauty.eu\/fi\/wp-json\/wp\/v2\/product_cat?post=5091"},{"taxonomy":"product_tag","embeddable":true,"href":"https:\/\/purbeauty.eu\/fi\/wp-json\/wp\/v2\/product_tag?post=5091"}],"curies":[{"name":"wp","href":"https:\/\/api.w.org\/{rel}","templated":true}]}}