{"id":5611,"date":"2025-05-15T12:42:40","date_gmt":"2025-05-15T09:42:40","guid":{"rendered":"https:\/\/purbeauty.eu\/?post_type=product&#038;p=5611"},"modified":"2026-04-15T06:20:02","modified_gmt":"2026-04-15T03:20:02","slug":"cloud-balm-peptide-infused-lip-treatment","status":"publish","type":"product","link":"https:\/\/purbeauty.eu\/fi\/tuote\/cloud-balm-peptide-infused-lip-treatment\/","title":{"rendered":"Cloud Balm Peptideill\u00e4 Uudistettu Huulivoide"},"content":{"rendered":"<p class=\"p1\">Hemmottele huuliasi t\u00e4ll\u00e4 kiilt\u00e4v\u00e4ll\u00e4, helmi\u00e4ishohtoisella huulivoiteella, joka yhdist\u00e4\u00e4 ihonhoidon ja meikin yhdell\u00e4 helpolla pyyhk\u00e4isyll\u00e4 \u2014 <span class=\"s1\"><b>Cloud Balm kosteuttava huulivoide bakuchiolilla ja sheavoilla<\/b><\/span>T\u00e4m\u00e4 kosteuttava, pehme\u00e4 ja pilvim\u00e4inen koostumus sis\u00e4lt\u00e4\u00e4 huolella valittuja ravitsevia ainesosia, jotka tekev\u00e4t kuivista huulista t\u00e4ytel\u00e4isemm\u00e4t ja sile\u00e4mm\u00e4t, j\u00e4tt\u00e4en ne pehmeiksi ja hoidetuiksi.<\/p>\n<p class=\"p2\"><b>0,5 unssia | 15 ml<\/b><\/p>","protected":false},"excerpt":{"rendered":"<p class=\"p1\">Hemmottele huuliasi t\u00e4ll\u00e4 kiilt\u00e4v\u00e4ll\u00e4, helmi\u00e4ishohtoisella huulivoiteella, joka yhdist\u00e4\u00e4 ihonhoidon ja meikin yhdell\u00e4 helpolla pyyhk\u00e4isyll\u00e4 \u2014 <span class=\"s1\"><b>Cloud Balm kosteuttava huulivoide bakuchiolilla ja sheavoilla<\/b><\/span>T\u00e4m\u00e4 kosteuttava, pehme\u00e4 ja pilvim\u00e4inen koostumus sis\u00e4lt\u00e4\u00e4 huolella valittuja ravitsevia ainesosia, jotka tekev\u00e4t kuivista huulista t\u00e4ytel\u00e4isemm\u00e4t ja sile\u00e4mm\u00e4t, j\u00e4tt\u00e4en ne pehmeiksi ja hoidetuiksi.<\/p>\n<p class=\"p2\"><b>0,5 unssia | 15 ml<\/b><\/p>","protected":false},"featured_media":5612,"template":"","meta":{"_acf_changed":false},"product_brand":[],"product_cat":[154,137,101,153,23,121,21],"product_tag":[],"class_list":{"0":"post-5611","1":"product","2":"type-product","3":"status-publish","4":"has-post-thumbnail","6":"product_cat-a-e","7":"product_cat-e-vitamiin","8":"product_cat-muugihitid","9":"product_cat-nagu-naohooldus","10":"product_cat-naohooldus","11":"product_cat-seerumid","12":"product_cat-uued","14":"first","15":"instock","16":"shipping-taxable","17":"purchasable","18":"product-type-simple"},"acf":[],"jetpack_sharing_enabled":true,"_links":{"self":[{"href":"https:\/\/purbeauty.eu\/fi\/wp-json\/wp\/v2\/product\/5611","targetHints":{"allow":["GET"]}}],"collection":[{"href":"https:\/\/purbeauty.eu\/fi\/wp-json\/wp\/v2\/product"}],"about":[{"href":"https:\/\/purbeauty.eu\/fi\/wp-json\/wp\/v2\/types\/product"}],"wp:featuredmedia":[{"embeddable":true,"href":"https:\/\/purbeauty.eu\/fi\/wp-json\/wp\/v2\/media\/5612"}],"wp:attachment":[{"href":"https:\/\/purbeauty.eu\/fi\/wp-json\/wp\/v2\/media?parent=5611"}],"wp:term":[{"taxonomy":"product_brand","embeddable":true,"href":"https:\/\/purbeauty.eu\/fi\/wp-json\/wp\/v2\/product_brand?post=5611"},{"taxonomy":"product_cat","embeddable":true,"href":"https:\/\/purbeauty.eu\/fi\/wp-json\/wp\/v2\/product_cat?post=5611"},{"taxonomy":"product_tag","embeddable":true,"href":"https:\/\/purbeauty.eu\/fi\/wp-json\/wp\/v2\/product_tag?post=5611"}],"curies":[{"name":"wp","href":"https:\/\/api.w.org\/{rel}","templated":true}]}}