{"id":5619,"date":"2025-05-15T13:07:08","date_gmt":"2025-05-15T10:07:08","guid":{"rendered":"https:\/\/purbeauty.eu\/?post_type=product&#038;p=5619"},"modified":"2026-04-15T06:35:03","modified_gmt":"2026-04-15T03:35:03","slug":"glossy-lip-tint-plumping-tinted-lip-oil","status":"publish","type":"product","link":"https:\/\/purbeauty.eu\/fi\/tuote\/glossy-lip-tint-plumping-tinted-lip-oil\/","title":{"rendered":"Glossy Lip Tint -huulivoide, t\u00e4ytel\u00e4ist\u00e4v\u00e4 s\u00e4vytetty huuli\u00f6ljy"},"content":{"rendered":"<p><b>Glossy Lip Tint &#8211; niisutav ja tooniv huule\u00f5li<\/b><\/p>\r\n<p><b>Luonnollisen n\u00e4k\u00f6iset huulet nelj\u00e4ss\u00e4 universaalissa s\u00e4vyss\u00e4<\/b><\/p>\r\n<p>Glossy Lip Tint yhdist\u00e4\u00e4 huuli\u00f6ljyn kosteuttavat ominaisuudet huulipunan kevyeen s\u00e4vytt\u00e4v\u00e4\u00e4n vaikutukseen. T\u00e4m\u00e4 helposti levittyv\u00e4 huuli\u00f6ljy on valmistettu puhtaista ainesosista. <b>ravitsee, kosteuttaa ja korostaa luonnollista kauneutta<\/b>, j\u00e4tt\u00e4en huulet kiilt\u00e4v\u00e4n ja hyvin hoidetun n\u00e4k\u00f6isiksi.<\/p>\r\n<p><b>K\u00e4ytt\u00f6ohjeet:<\/b><\/p>\r\n<p>Levit\u00e4 suoraan huulille antaaksesi kevyen s\u00e4vyn ja kosteutuksen. K\u00e4yt\u00e4 sellaisenaan saadaksesi luonnollisen kiillon tai lis\u00e4\u00e4 suosikkihuulipunasi tai huultenrajauskyn\u00e4si p\u00e4\u00e4lle saadaksesi lis\u00e4\u00e4 syvyytt\u00e4 ja kiiltoa.<\/p>\r\n<p><b>NETTO: 9,5 ml<\/b><\/p>\r\n<hr \/>\r\n<p><b>Helppo tapa p\u00e4ivitt\u00e4\u00e4 arkimeikki\u00e4 ja tehd\u00e4 huulistasi pehme\u00e4t.<\/b><\/p>\r\n<p><b>Valitse suosikkis\u00e4vysi ja lis\u00e4\u00e4 ostoskoriin.<\/b><\/p>","protected":false},"excerpt":{"rendered":"<p><b>Glossy Lip Tint \u2013 kosteuttava s\u00e4vytetty huuli\u00f6ljy<\/b><\/p>\n<p class=\"p3\"><span class=\"s2\"><b>Kiilt\u00e4v\u00e4 huulipuna<\/b><\/span> on kosteuttava ja kevyt huuli\u00f6ljy, joka yhdist\u00e4\u00e4 meikin ja huultenhoidon ominaisuudet. Nelj\u00e4ss\u00e4 universaalissa s\u00e4vyss\u00e4 saatavilla oleva huuli\u00f6ljy korostaa huulten luonnollista s\u00e4vy\u00e4 ja j\u00e4tt\u00e4\u00e4 lasimaisen, kiilt\u00e4v\u00e4n lopputuloksen.<\/p>\n<ul>\n<li>\n<p class=\"p1\">Kosteuttaa ja pehment\u00e4\u00e4 kuivia huulia<\/p>\n<\/li>\n<li>\n<p class=\"p1\">Tarjoaa vaalean, kerrostettavan v\u00e4rin<\/p>\n<\/li>\n<li>\n<p class=\"p1\">Sopii jokap\u00e4iv\u00e4iseen k\u00e4ytt\u00f6\u00f6n<\/p>\n<\/li>\n<li>\n<p class=\"p1\">Sis\u00e4lt\u00e4\u00e4 ihoa hoitavia ainesosia, kuten sheavoita, auringonkukansiemenvahaa ja hyaluronihappoa<\/p>\n<\/li>\n<li>\n<p class=\"p1\">Ei sis\u00e4ll\u00e4 silikoneja tai synteettisi\u00e4 hajusteita<\/p>\n<\/li>\n<\/ul>\n<p>&nbsp;<\/p>\n<p class=\"p3\"><span class=\"s2\"><b>K\u00e4ytt\u00f6:<\/b><\/span> Levit\u00e4 huulille p\u00e4iv\u00e4n mittaan tarpeen mukaan. Voidaan k\u00e4ytt\u00e4\u00e4 my\u00f6s vaalean s\u00e4vyisen\u00e4 huulirasvana.<\/p>\n<p class=\"p3\"><span class=\"s2\"><b>Tilavuus:<\/b><\/span> 9,5 ml \/ 0,32 unssia<\/p>\n<hr \/>\n<p class=\"p3\" style=\"text-align: left;\"><b>Helppo tapa p\u00e4ivitt\u00e4\u00e4 arkimeikki\u00e4 ja tehd\u00e4 huulistasi pehme\u00e4t.<\/b><b><\/b><\/p>\n<p class=\"p3\" style=\"text-align: left;\"><b>Valitse suosikkis\u00e4vysi ja lis\u00e4\u00e4 ostoskoriin.<\/b><\/p>","protected":false},"featured_media":5621,"template":"","meta":{"_acf_changed":false},"product_brand":[],"product_cat":[118,22,101,41,21],"product_tag":[],"class_list":{"0":"post-5619","1":"product","2":"type-product","3":"status-publish","4":"has-post-thumbnail","6":"product_cat-huuled","7":"product_cat-meik","8":"product_cat-muugihitid","9":"product_cat-pohi","10":"product_cat-uued","12":"first","13":"instock","14":"shipping-taxable","15":"purchasable","16":"product-type-variable"},"acf":[],"jetpack_sharing_enabled":true,"_links":{"self":[{"href":"https:\/\/purbeauty.eu\/fi\/wp-json\/wp\/v2\/product\/5619","targetHints":{"allow":["GET"]}}],"collection":[{"href":"https:\/\/purbeauty.eu\/fi\/wp-json\/wp\/v2\/product"}],"about":[{"href":"https:\/\/purbeauty.eu\/fi\/wp-json\/wp\/v2\/types\/product"}],"wp:featuredmedia":[{"embeddable":true,"href":"https:\/\/purbeauty.eu\/fi\/wp-json\/wp\/v2\/media\/5621"}],"wp:attachment":[{"href":"https:\/\/purbeauty.eu\/fi\/wp-json\/wp\/v2\/media?parent=5619"}],"wp:term":[{"taxonomy":"product_brand","embeddable":true,"href":"https:\/\/purbeauty.eu\/fi\/wp-json\/wp\/v2\/product_brand?post=5619"},{"taxonomy":"product_cat","embeddable":true,"href":"https:\/\/purbeauty.eu\/fi\/wp-json\/wp\/v2\/product_cat?post=5619"},{"taxonomy":"product_tag","embeddable":true,"href":"https:\/\/purbeauty.eu\/fi\/wp-json\/wp\/v2\/product_tag?post=5619"}],"curies":[{"name":"wp","href":"https:\/\/api.w.org\/{rel}","templated":true}]}}