{"id":6272,"date":"2025-10-29T10:44:43","date_gmt":"2025-10-29T08:44:43","guid":{"rendered":"https:\/\/purbeauty.eu\/?post_type=product&#038;p=6272"},"modified":"2026-04-15T06:20:02","modified_gmt":"2026-04-15T03:20:02","slug":"4-in-1-skin-tint-mineral-spf-50","status":"publish","type":"product","link":"https:\/\/purbeauty.eu\/fi\/tuote\/4-in-1-skin-tint-mineral-spf-50\/","title":{"rendered":"4-in-1 ihon s\u00e4vy mineraali SPF 50"},"content":{"rendered":"","protected":false},"excerpt":{"rendered":"<p class=\"p1\">4-in-1 Skin Tint Mineral Sunscreen SPF 50 on jokap\u00e4iv\u00e4inen all-in-one-seerumisi \u2013 se tarjoaa puhtaan SPF 50+ -suojan, ihoa hoitavia ainesosia ja kerrostettavan peitt\u00e4vyyden luonnollisen ja kauniin lopputuloksen saavuttamiseksi.<\/p>\n<p><strong>Mineraaliaurinkovoide 4-in-1 Skin Tint Mineral SPF 50<br \/>\n<\/strong><br \/>\nSis\u00e4lt\u00e4\u00e4 luonnollisia mineraaleja, kuten sinkkioksidia ja titaanidioksidia.<br \/>\nToimii heijastamalla ja sirottamalla UV-s\u00e4teit\u00e4 ihon pinnalta \u2013 kuin n\u00e4kym\u00e4t\u00f6n suojakilpi.<br \/>\nVaikuttaa heti iholle levitt\u00e4misen j\u00e4lkeen.<br \/>\nIhanteellinen herk\u00e4lle, \u00e4rtyneelle tai ongelmalliselle iholle.<br \/>\nSe ei imeydy elimist\u00f6\u00f6n, vaan j\u00e4\u00e4 ihon pinnalle.<br \/>\n100%:n mineraalikoostumus tekee siit\u00e4 puhtaan ja ihoyst\u00e4v\u00e4llisen \u2013 sopii jopa lapsille ja raskaana oleville naisille.<br \/>\nNanosinkkioksidi on moderni mineraalisuodatin, jossa on eritt\u00e4in hienojakoisia hiukkasia \u2013 t\u00e4m\u00e4n ansiosta voide ei j\u00e4t\u00e4 valkoista tahraa, vaan tarjoaa eritt\u00e4in korkean UVA- ja UVB-suojan.<\/p>\n<p>&nbsp;<\/p>","protected":false},"featured_media":6292,"template":"","meta":{"_acf_changed":false},"product_brand":[],"product_cat":[20,154,147,126,152,155,127,146,102,150,142,31,22,101,321,28,132,151,144,148,41,29,149,145,21],"product_tag":[],"class_list":{"0":"post-6272","1":"product","2":"type-product","3":"status-publish","4":"has-post-thumbnail","6":"product_cat-4in1","7":"product_cat-a-e","8":"product_cat-akne-plekid","9":"product_cat-ceretini-kompleks","10":"product_cat-ebauhtlane-nahatoon","11":"product_cat-f-z","12":"product_cat-kapseldatud-retinool","13":"product_cat-kombineeritud","14":"product_cat-koostise-jargi","15":"product_cat-kortsud","16":"product_cat-kuiv","17":"product_cat-meigipohi","18":"product_cat-meik","19":"product_cat-muugihitid","20":"product_cat-nahatuubid","21":"product_cat-naotuup","22":"product_cat-niatsiinamiid","23":"product_cat-niisutus","24":"product_cat-normaalne","25":"product_cat-paikesekaitse","26":"product_cat-pohi","27":"product_cat-probleem","28":"product_cat-punetus","29":"product_cat-tundlik","30":"product_cat-uued","32":"first","33":"instock","34":"shipping-taxable","35":"purchasable","36":"product-type-variable"},"acf":[],"jetpack_sharing_enabled":true,"_links":{"self":[{"href":"https:\/\/purbeauty.eu\/fi\/wp-json\/wp\/v2\/product\/6272","targetHints":{"allow":["GET"]}}],"collection":[{"href":"https:\/\/purbeauty.eu\/fi\/wp-json\/wp\/v2\/product"}],"about":[{"href":"https:\/\/purbeauty.eu\/fi\/wp-json\/wp\/v2\/types\/product"}],"wp:featuredmedia":[{"embeddable":true,"href":"https:\/\/purbeauty.eu\/fi\/wp-json\/wp\/v2\/media\/6292"}],"wp:attachment":[{"href":"https:\/\/purbeauty.eu\/fi\/wp-json\/wp\/v2\/media?parent=6272"}],"wp:term":[{"taxonomy":"product_brand","embeddable":true,"href":"https:\/\/purbeauty.eu\/fi\/wp-json\/wp\/v2\/product_brand?post=6272"},{"taxonomy":"product_cat","embeddable":true,"href":"https:\/\/purbeauty.eu\/fi\/wp-json\/wp\/v2\/product_cat?post=6272"},{"taxonomy":"product_tag","embeddable":true,"href":"https:\/\/purbeauty.eu\/fi\/wp-json\/wp\/v2\/product_tag?post=6272"}],"curies":[{"name":"wp","href":"https:\/\/api.w.org\/{rel}","templated":true}]}}