{"id":6949,"date":"2026-03-10T17:34:47","date_gmt":"2026-03-10T15:34:47","guid":{"rendered":"https:\/\/purbeauty.eu\/?post_type=product&#038;p=6949"},"modified":"2026-04-15T06:35:02","modified_gmt":"2026-04-15T03:35:02","slug":"2-in-1-foundation-finishing-brush-cream-to-powder-face-brush","status":"publish","type":"product","link":"https:\/\/purbeauty.eu\/fi\/tuote\/2-in-1-foundation-finishing-brush-cream-to-powder-face-brush\/","title":{"rendered":"2-IN-1 MEIKKIVOIDE- JA VIIMEISTELYSIVILJIN VOIDESTA PUUTERIKSI MUUTTUVALLE KASVOILJELIN"},"content":{"rendered":"","protected":false},"excerpt":{"rendered":"<p class=\"p1\"><b>Yksi sivellin, joka hoitaa kaiken \u2013 meikkivoiteesta puuteriin.<\/b><b><\/b><\/p>\n<p class=\"p2\">K\u00e4yt\u00e4 tihe\u00e4mp\u00e4\u00e4 puolta voidemaisille ja nestem\u00e4isille tuotteille ja pehme\u00e4mp\u00e4\u00e4 puolta puutereille saadaksesi tasaisen, virheett\u00f6m\u00e4n ja airbrush-maalatun lopputuloksen.<\/p>\n<p class=\"p1\">\u2022 Levitt\u00e4\u00e4 ja levitt\u00e4\u00e4 sek\u00e4 voide- ett\u00e4 puuterimaisia tuotteita<\/p>\n<p class=\"p1\">\u2022 Luo tasaisen, virheett\u00f6m\u00e4n ja airbrush-maalatun lopputuloksen<\/p>\n<p class=\"p1\">\u2022 Helpottaa koko kasvojen meikin levitt\u00e4mist\u00e4 yhdell\u00e4 siveltimell\u00e4<\/p>\n<p class=\"p1\">\u2022 Varmistaa tarkan ja tasaisen levityksen<\/p>\n<p class=\"p1\">\u2022 Voit tehd\u00e4 k\u00e4tev\u00e4sti nopeita korjauksia liikkeell\u00e4 ollessasi<\/p>","protected":false},"featured_media":6953,"template":"","meta":{"_acf_changed":false},"product_brand":[],"product_cat":[22,99,21],"product_tag":[],"class_list":{"0":"post-6949","1":"product","2":"type-product","3":"status-publish","4":"has-post-thumbnail","6":"product_cat-meik","7":"product_cat-tarvikud","8":"product_cat-uued","10":"first","11":"instock","12":"shipping-taxable","13":"purchasable","14":"product-type-simple"},"acf":[],"jetpack_sharing_enabled":true,"_links":{"self":[{"href":"https:\/\/purbeauty.eu\/fi\/wp-json\/wp\/v2\/product\/6949","targetHints":{"allow":["GET"]}}],"collection":[{"href":"https:\/\/purbeauty.eu\/fi\/wp-json\/wp\/v2\/product"}],"about":[{"href":"https:\/\/purbeauty.eu\/fi\/wp-json\/wp\/v2\/types\/product"}],"wp:featuredmedia":[{"embeddable":true,"href":"https:\/\/purbeauty.eu\/fi\/wp-json\/wp\/v2\/media\/6953"}],"wp:attachment":[{"href":"https:\/\/purbeauty.eu\/fi\/wp-json\/wp\/v2\/media?parent=6949"}],"wp:term":[{"taxonomy":"product_brand","embeddable":true,"href":"https:\/\/purbeauty.eu\/fi\/wp-json\/wp\/v2\/product_brand?post=6949"},{"taxonomy":"product_cat","embeddable":true,"href":"https:\/\/purbeauty.eu\/fi\/wp-json\/wp\/v2\/product_cat?post=6949"},{"taxonomy":"product_tag","embeddable":true,"href":"https:\/\/purbeauty.eu\/fi\/wp-json\/wp\/v2\/product_tag?post=6949"}],"curies":[{"name":"wp","href":"https:\/\/api.w.org\/{rel}","templated":true}]}}