{"id":72,"date":"2022-02-07T11:21:34","date_gmt":"2022-02-07T09:21:34","guid":{"rendered":"https:\/\/p\u00fcr.ee\/?post_type=product&#038;p=72"},"modified":"2026-04-15T06:10:02","modified_gmt":"2026-04-15T03:10:02","slug":"no-filter-primer-blurring-photography-primer","status":"publish","type":"product","link":"https:\/\/purbeauty.eu\/fi\/tuote\/no-filter-primer-blurring-photography-primer\/","title":{"rendered":"Ei Suodatinta Pohjamaali H\u00e4m\u00e4rt\u00e4\u00e4 Valokuvaus Pohjamaali"},"content":{"rendered":"","protected":false},"excerpt":{"rendered":"<p class=\"p1\"><b>Hehku ilman suodatinta \u2013 all-in-one-pohjustusvoide, joka viimeistelee ihonhoidon<\/b><b><\/b><\/p>\n<p class=\"p3\">Kosteuta, tasoita, valmistele ihosi meikki\u00e4 varten ja lis\u00e4\u00e4 luonnollinen hehku vain yhdell\u00e4 helpolla vaiheella! No Filter Primer on monik\u00e4ytt\u00f6inen ihon s\u00e4vy\u00e4 t\u00e4ydent\u00e4v\u00e4 pohjustusvoide, joka sis\u00e4lt\u00e4\u00e4 valoa heijastavia mikrohelmi\u00e4, jotka tasapainottavat ja tasoittavat ihons\u00e4vy\u00e4 ja j\u00e4tt\u00e4v\u00e4t ihollesi kauniin opaalinhohtoisen hehkun.<\/p>\n<p class=\"p3\">P\u00dcRin ainutlaatuisen Ceretin Complexin ja vitamiinipitoisen Energy Complexin ansiosta t\u00e4m\u00e4 ik\u00e4\u00e4ntymist\u00e4 ehk\u00e4isev\u00e4 koostumus ravitsee ihoa syv\u00e4lt\u00e4 ja lis\u00e4\u00e4 samalla elinvoimaa. V\u00e4ltt\u00e4m\u00e4tt\u00f6mill\u00e4 rasvahapoilla ja luonnollisilla \u00f6ljyill\u00e4, kuten hamppu-, kookos-, oliivi- ja sheavoilla, rikastettu pohjustusvoide antaa iholle v\u00e4litt\u00f6m\u00e4n hehkun \u2013 ilman liiallista kiiltoa.<\/p>\n<p class=\"p3\">Sopii kaikille ihons\u00e4vyille ja -tyypeille. K\u00e4yt\u00e4 sellaisenaan tai meikinpohjustusaineena. Tuloksena on kirkas, terve ja luonnollisen s\u00e4teilev\u00e4 iho.<\/p>\n<p class=\"p1\"><b>Pohjustusvoide ilman suodatinta \u2013 koska ihosi ansaitsee parasta!<\/b><\/p>\n<p class=\"\">","protected":false},"featured_media":1994,"template":"","meta":{"_acf_changed":false},"product_brand":[],"product_cat":[154,137,128,155,131,102,31,22,28,132,115,130,145,129],"product_tag":[],"class_list":{"0":"post-72","1":"product","2":"type-product","3":"status-publish","4":"has-post-thumbnail","6":"product_cat-a-e","7":"product_cat-e-vitamiin","8":"product_cat-energiakompleks","9":"product_cat-f-z","10":"product_cat-kanepiseemneoli","11":"product_cat-koostise-jargi","12":"product_cat-meigipohi","13":"product_cat-meik","14":"product_cat-naotuup","15":"product_cat-niatsiinamiid","16":"product_cat-primer","17":"product_cat-roheline-tee","18":"product_cat-tundlik","19":"product_cat-zenzenn","21":"first","22":"instock","23":"shipping-taxable","24":"purchasable","25":"product-type-variable"},"acf":[],"jetpack_sharing_enabled":true,"_links":{"self":[{"href":"https:\/\/purbeauty.eu\/fi\/wp-json\/wp\/v2\/product\/72","targetHints":{"allow":["GET"]}}],"collection":[{"href":"https:\/\/purbeauty.eu\/fi\/wp-json\/wp\/v2\/product"}],"about":[{"href":"https:\/\/purbeauty.eu\/fi\/wp-json\/wp\/v2\/types\/product"}],"wp:featuredmedia":[{"embeddable":true,"href":"https:\/\/purbeauty.eu\/fi\/wp-json\/wp\/v2\/media\/1994"}],"wp:attachment":[{"href":"https:\/\/purbeauty.eu\/fi\/wp-json\/wp\/v2\/media?parent=72"}],"wp:term":[{"taxonomy":"product_brand","embeddable":true,"href":"https:\/\/purbeauty.eu\/fi\/wp-json\/wp\/v2\/product_brand?post=72"},{"taxonomy":"product_cat","embeddable":true,"href":"https:\/\/purbeauty.eu\/fi\/wp-json\/wp\/v2\/product_cat?post=72"},{"taxonomy":"product_tag","embeddable":true,"href":"https:\/\/purbeauty.eu\/fi\/wp-json\/wp\/v2\/product_tag?post=72"}],"curies":[{"name":"wp","href":"https:\/\/api.w.org\/{rel}","templated":true}]}}