{"id":22,"date":"2022-05-04T08:40:22","date_gmt":"2022-05-04T08:40:22","guid":{"rendered":"https:\/\/p\u00fcr.ee\/?page_id=22"},"modified":"2025-10-04T17:27:39","modified_gmt":"2025-10-04T14:27:39","slug":"mineraal-kosmeetika","status":"publish","type":"page","link":"https:\/\/purbeauty.eu\/lt\/mineraal-kosmeetika\/","title":{"rendered":"Pardavimo s\u0105lygos"},"content":{"rendered":"<h3>\n\t\t\t\tPardavimo s\u0105lygos\n\t\t\t<\/h3>\n\t<p>&nbsp;<\/p>\n<strong>1. Pardavimo s\u0105lyg\u0173 galiojimas<\/strong>\n<p>1.1 Pardavimo s\u0105lygos taikomos teis\u0117ms ir pareigoms, atsirandan\u010dioms perkant prekes tarp P\u00dcR klient\u0173 (toliau Klientas) ir P\u00dcR Cosmetics O\u00dc, registro kodas 16421821, adresas Jaama 76, Tartu, 50605, Estija (toliau P\u00dcR).<\/p>\n<p>1.2 Be \u0161i\u0173 s\u0105lyg\u0173, teisinius santykius, kylan\u010dius perkant P\u00dcR gaminius, reglamentuoja Estijos Respublikoje galiojantys teis\u0117s aktai.<\/p>\n<p>1.3 P\u00dcR pasilieka teis\u0119 keisti pardavimo s\u0105lygas ir pardavimo kainas. Min\u0117ti pakeitimai bus atspind\u0117ti pyr.ee svetain\u0117je.<\/p>\n<p>&nbsp;<\/p>\n<p><strong>2. Kainos<\/strong><\/p>\n<p>&nbsp;<\/p>\n<p>2.1 Visos kainos P\u00dcR svetain\u0117je yra be PVM.<\/p>\n<p>2.2 Rodomi nuolaid\u0173 procentai yra suapvalinti iki sveik\u0173 skai\u010di\u0173.<\/p>\n<p>&nbsp;<\/p>\n<p><strong>3. U\u017esakymo formavimas<\/strong><\/p>\n<p>&nbsp;<\/p>\n<p>3.1 Nor\u0117dami u\u017esisakyti prekes, susiraskite tinkamas prekes ir \u012fd\u0117kite jas \u012f pirkini\u0173 krep\u0161el\u012f. Savo pirkini\u0173 krep\u0161elio turin\u012f galite per\u017ei\u016br\u0117ti paspaud\u0119 internetinio puslapio antra\u0161t\u0117je arba pora\u0161t\u0117je esan\u010di\u0105 krep\u0161elio piktogram\u0105.<\/p>\n<p>3.2 Galima keisti preki\u0173 kiekius preki\u0173 krep\u0161elyje, kiekio laukelyje \u012fra\u0161ant pageidaujam\u0105 preki\u0173 skai\u010di\u0173. Prekes i\u0161 krep\u0161elio galite i\u0161imti paspaud\u0119 toje pa\u010dioje eilut\u0117je esant\u012f kry\u017eel\u012f.<\/p>\n<p>3.3 Prie\u0161 pildydami u\u017esakym\u0105, pasirinkite tinkam\u0105 siuntos pristatymo b\u016bd\u0105.<\/p>\n<p>3.4 Nor\u0117dami pateikti u\u017esakym\u0105, paspauskite mygtuk\u0105 \u201epateikti u\u017esakym\u0105\u201c. Jei jau esate registruotas P\u00dcR vartotojas, prisijunkite prie savo paskyros. Jei prekes u\u017esisakote pirm\u0105 kart\u0105, paspauskite &quot;registruotis&quot; ir \u012fveskite savo kontaktin\u0119 informacij\u0105.<\/p>\n<p>3.5 Paspauskite mygtuk\u0105 \u201eu\u017esisakyti ir apmok\u0117ti\u201c, kad patvirtintum\u0117te u\u017esakym\u0105. Tada jums bus i\u0161ra\u0161yta i\u0161ankstin\u0117 s\u0105skaita, kuri\u0105 gal\u0117site i\u0161 karto apmok\u0117ti kreditine kortele, banko nuoroda arba banko pavedimu. J\u016bs\u0173 el. pa\u0161to adresu bus i\u0161si\u0173stas u\u017esakymo patvirtinimas ir s\u0105skaitos kopija. U\u017esakym\u0173 istorij\u0105 ir s\u0105skaitas fakt\u016bras galima tvarkyti po \u201es\u0105skaitos\u201c piktograma.<\/p>\n<p>3.6 Prekes i\u0161si\u0173sime po s\u0105skaitos apmok\u0117jimo.<\/p>\n<p>&nbsp;<\/p>\n<p><strong>4. Pardavimo sutarties \u012fsigaliojimas<\/strong><\/p>\n<p>&nbsp;<\/p>\n<p>4.1 Klientas prisiri\u0161a prie u\u017esakymo ir apmok\u0117jimo u\u017e j\u012f paspaud\u0119s mygtuk\u0105 \u201eu\u017esisakyti ir sumok\u0117ti\u201c.<\/p>\n<p>4.2 Pardavimo sutartis \u012fsigalioja nuo to momento, kai visa u\u017esakymo suma gaunama \u012f P\u00dcR Cosmetics O\u00dc atsiskaitom\u0105j\u0105 s\u0105skait\u0105.<\/p>\n<p>4.3. Klientas turi teis\u0119 per 14 dien\u0173 nuo preki\u0173 gavimo ar u\u017esakymo \u012fvykdymo, jeigu prek\u0117s dar nepasiek\u0117 kliento, prane\u0161ti P\u00dcR apie nor\u0105 atsisakyti sutarties ir reikalauti gr\u0105\u017einti vis\u0105 sumok\u0117t\u0105 sum\u0105. \u012esigytos prek\u0117s negali b\u016bti gr\u0105\u017einamos, jei u\u017esakytos prek\u0117s yra pagamintos kaip specialus u\u017esakymas, atsi\u017evelgiant \u012f asmeninius Kliento poreikius. Gr\u0105\u017einama prek\u0117 turi b\u016bti nenaudota ir turi b\u016bti originalioje pakuot\u0117je. Tiesiogines preki\u0173 gr\u0105\u017einimo i\u0161laidas turi padengti Klientas. Prek\u0117s turi b\u016bti gr\u0105\u017eintos per 14 dien\u0173 nuo pra\u0161ymo atsisakyti sutarties pateikimo.<\/p>\n<p>&nbsp;<\/p>\n<p><strong>5. Pristatymas<\/strong><\/p>\n<p>&nbsp;<\/p>\n<p>5.1. \u012esigaliojus pirkimo-pardavimo sutar\u010diai (u\u017esakovo s\u0105skaitos fakt\u016bros apmok\u0117jimas), P\u00dcR u\u017ebaigia u\u017esakym\u0105 ir perduoda j\u012f pristatyti P\u00dcR logistikos partneriui (-ams).<\/p>\n<p>5.2. Jeigu naudojot\u0117s vietine Omniva\/DPD\/Itella Smartpost siunt\u0173 automato paslauga, u\u017esakymas bus i\u0161ra\u0161ytas i\u0161 Kliento pasirinkto siunt\u0173 automato Estijos ribose per 1-3 darbo dienas. U\u017esakymui atvykus \u012f siunt\u0173 automat\u0105 \u012f Kliento mobil\u0173j\u012f telefon\u0105 i\u0161siun\u010diamas prane\u0161imas, kuriame nurodoma siunt\u0173 automato vieta, darbo laikas ir asmens dur\u0173 kodas. \u012evedus kod\u0105 siunt\u0173 automato jutikliniame ekrane, atsidaro siunt\u0173 automato durel\u0117s ir Klientas gauna siunt\u0105. Siuntos siunt\u0173 automate saugomos nemokamai 7 kalendorines dienas, skai\u010diuojant nuo prane\u0161imo gavimo \u012f Kliento mobil\u0173j\u012f telefon\u0105. Tada pakuot\u0117 gr\u0105\u017einama P\u00dcR.<\/p>\n<p>5.3. Jeigu naudojot\u0117s tarptautine Itella Smartpost siunt\u0173 automat\u0173 paslauga (taikoma tik Suomijos klientams), u\u017esakymas bus i\u0161ra\u0161ytas i\u0161 Kliento pasirinkto siunt\u0173 automato Suomijoje per 3-5 darbo dienas. U\u017esakymui atvykus \u012f siunt\u0173 automat\u0105 \u012f Kliento mobil\u0173j\u012f telefon\u0105 i\u0161siun\u010diamas prane\u0161imas, kuriame nurodoma siunt\u0173 automato vieta, darbo laikas ir asmens dur\u0173 kodas. \u012evedus kod\u0105 siunt\u0173 automato jutikliniame ekrane atsidaro siunt\u0173 automato durel\u0117s ir Klientas gauna siunt\u0105. Siuntos nemokamai saugomos SmartPOST siunt\u0173 automate 7 kalendorines dienas nuo prane\u0161imo gavimo \u012f Kliento mobil\u0173j\u012f telefon\u0105 momento. Tada pakuot\u0117 gr\u0105\u017einama P\u00dcR.<\/p>\n<p>5.4. Jeigu naudojot\u0117s tarptautine Itella Smartpost pa\u0161to paslauga (taikoma tik Suomijos klientams), u\u017esakymas bus i\u0161ra\u0161ytas i\u0161 kliento pasirinkto pa\u0161to skyriaus Suomijoje per 5-7 darbo dienas. Kai siuntinys pasieks paskirties viet\u0105, Klientas bus informuotas apie siuntos atve\u017eim\u0105 \u012f pa\u0161to d\u0117\u017eut\u0119. Siuntinys pa\u0161te saugomas 14 kalendorini\u0173 dien\u0173, nuo siuntos atve\u017eimo \u012f pa\u0161t\u0105. Tada pakuot\u0117 gr\u0105\u017einama P\u00dcR.<\/p>\n<p>5.5. Perve\u017eimo metu pa\u017eeisti gaminiai, bet ne prek\u0117s pakuot\u0117, Klientui pakei\u010diami. Tuo atveju, jei pasirodyt\u0173 ne\u012fmanoma pakeisti prek\u0117s, Pirk\u0117jui bus kompensuojamos prek\u0117s \u012fsigijimo i\u0161laidos.<\/p>\n<p>5.6. P\u00dcR neatsako u\u017e preki\u0173 pristatymo v\u0117lavim\u0105, jeigu prek\u0117s logistikos partneriui buvo perduotos laiku, ta\u010diau pristatymas v\u0117luoja d\u0117l aplinkybi\u0173, kuri\u0173 P\u00dcR negal\u0117jo \u012ftakoti ar numatyti.<\/p>\n<p>&nbsp;<\/p>\n<p><strong>6. Teis\u0117 atsisakyti sutarties<\/strong><\/p>\n<p>&nbsp;<\/p>\n<p>6.1 P\u00dcR svetain\u0117je \u012fsigytiems gaminiams taikoma 14 dien\u0173 teis\u0117 atsisakyti preki\u0173 gavimo. Jei i\u0161 e-parduotuv\u0117s u\u017esakyta prek\u0117 Klientui netiko, jis gali j\u0105 gr\u0105\u017einti \u012f e-parduotuv\u0119.<\/p>\n<p>6.2 Nor\u0117dami gr\u0105\u017einti prek\u0119, turite pateikti pra\u0161ym\u0105 d\u0117l prek\u0117s atsisakymo, kurio form\u0105 rasite \u010dia: pra\u0161ymas d\u0117l sutarties atsisakymo arba kreiptis \u012f P\u00dcR klient\u0173 aptarnavimo skyri\u0173 el. \u00a0<a tabindex=\"0\" href=\"mailto:info@p\u00fcr.ee\">info@p\u00fcr.ee<\/a>. Gavusi parei\u0161kim\u0105 apie atsisakym\u0105, P\u00dcR i\u0161siun\u010dia Klientui patvirtinim\u0105 apie atsisakymo parei\u0161kimo gavim\u0105.<\/p>\n<p>6.3 Nusipirkta prek\u0117 turi b\u016bti gr\u0105\u017einta nedelsiant, bet ne v\u0117liau kaip per 14 dien\u0173 nuo prek\u0117s gr\u0105\u017einimo pra\u0161ymo pateikimo.<\/p>\n<p>6.4 Norint pasinaudoti gr\u0105\u017einimo teise, gr\u0105\u017einama prek\u0117 turi b\u016bti nenaudota, o prek\u0117s pakuot\u0117 turi b\u016bti nepa\u017eeista ir nepa\u017eeista.<\/p>\n<p>6.5 14 dien\u0173 atsisakymo teis\u0117 netaikoma prek\u0117ms, jei:<\/p>\n<ol>\n<li>prek\u0117 negali b\u016bti gr\u0105\u017einta d\u0117l sveikatos apsaugos ar higienos prie\u017eas\u010di\u0173 (pvz., makia\u017eas, kosmetika, kvepalai, higienos prek\u0117s, maisto papildai ir maisto produktai, g\u0117rimai, antklod\u0117s, pagalv\u0117s ir kt.) arba prek\u0117 buvo naudota, atidaryta arba kurios naudojimas (arba nenaudojimo) negalima kontroliuoti;<\/li>\n<li>u\u017esakymo turinys yra g\u0117l\u0117s, g\u0117li\u0173 kompozicijos arba g\u0117li\u0173 puok\u0161t\u0117s pagal V\u00d5S \u00a7 53 (4) 4 p.;<\/li>\n<li>prek\u0117 sumai\u0161oma arba derinama su kokiu nors kitu gaminiu ar prek\u0117mis taip, kad jos nebegali b\u016bti atskirtos viena nuo kitos;<\/li>\n<li>prek\u0117 buvo naudojama ekonominiais ir profesiniais tikslais;<\/li>\n<li>gedimas atsirado d\u0117l netinkamo \u012frenginio naudojimo (instrukcij\u0173 nesilaikymo);<\/li>\n<li>prietaisas buvo naudojamas esant netinkamai \u012ftampai;<\/li>\n<li>prek\u0117 turi mechanini\u0173 pa\u017eeidim\u0173 arba sul\u016b\u017eusi (pvz., d\u0117l kritimo);<\/li>\n<li>tai yra esant \u012fprastam prietaiso nusid\u0117v\u0117jimui ir klaidoms, kurios nepablogina prietaiso vert\u0117s ar naudojimo;<\/li>\n<li>prietais\u0105 suremontavo importuotojo ne\u012fgaliotas technin\u0117s prie\u017ei\u016bros darbuotojas.<\/li>\n<\/ol>\n<p>6.6 Preki\u0173 gr\u0105\u017einimo i\u0161laidas apmoka Klientas, i\u0161skyrus atvejus, kai gr\u0105\u017einimo prie\u017eastis yra u\u017esakymo neatitikimas arba prek\u0117s i\u0161metimas.<\/p>\n<p>6.7 Preki\u0173 gr\u0105\u017einimo atveju u\u017e pirkin\u012f sumok\u0117ta suma Klientui gr\u0105\u017einama kuo grei\u010diau, bet ne v\u0117liau kaip per 14 dien\u0173 nuo pra\u0161ymo atsisakyti sutarties pateikimo. P\u00dcR gali atsisakyti gr\u0105\u017einti pinigus tol, kol nebus gr\u0105\u017einta prek\u0117s, kuri yra sutarties dalykas, arba kol Klientas nepateiks \u012frodym\u0173, kad gr\u0105\u017eino prek\u0119, priklausomai nuo to, kas \u012fvyksta anks\u010diau.<\/p>\n<p>6.8 P\u00dcR pasilieka teis\u0119 atsisakyti priimti u\u017esakym\u0105 arba atsisakyti vykdyti u\u017esakym\u0105, pavyzd\u017eiui, bet ne tik tuo atveju, kai kainora\u0161tis paskelbiamas d\u0117l klaidos ar techninio gedimo.<\/p>\n<p>&nbsp;<\/p>\n<p><strong>7. \u012esigyt\u0173 preki\u0173 \/ gamini\u0173 naudojimas ekonominiais ar profesiniais tikslais (\u012fskaitant juridin\u012f asmen\u012f)<\/strong><\/p>\n<p>&nbsp;<\/p>\n<p>7.1 Jeigu \u012fsigyta prek\u0117 buvo naudojama \u016bkin\u0117s ar profesin\u0117s veiklos tikslais arba pirk\u0117jas buvo juridinis asmuo, \u012fprasta pretenzij\u0173 teikimo tvarka netaikoma. Min\u0117tais atvejais pretenzij\u0173 pateikimo terminas paprastai yra 6 m\u0117nesiai ir daugiau, jei tai leid\u017eia gamintojas. Per \u0161\u012f laikotarp\u012f, atsiradus gamintojo defektams, prek\u0117 bus pakeista arba suremontuota.<\/p>\n<p>7.2 Produktai nebus kei\u010diami, jei:<\/p>\n<ol>\n<li>prek\u0117 netinkama naudoti d\u0117l sveikatos apsaugos ar higienos prie\u017eas\u010di\u0173 arba buvo naudota ar atidaryta (kosmetikos gaminiai ir pan.);<\/li>\n<li>prek\u0117 sumai\u0161oma arba derinama su kokiu nors kitu gaminiu ar prek\u0117mis taip, kad jos nebegali b\u016bti atskirtos viena nuo kitos;<\/li>\n<li>prek\u0117 buvo naudojama ekonominiais ir profesiniais tikslais;<\/li>\n<li>gedimas atsirado d\u0117l netinkamo prietaiso naudojimo (instrukcij\u0173 nesilaikymo);<\/li>\n<li>gaminys buvo naudojamas esant netinkamai \u012ftampai;<\/li>\n<li>prek\u0117 yra mechani\u0161kai pa\u017eeista arba sul\u016b\u017eusi (pvz., nukritus);<\/li>\n<li>esant normaliam gaminio susid\u0117v\u0117jimui ir klaidoms, kurios neblogina \u012frenginio vert\u0117s ar naudojimo;<\/li>\n<li>gamin\u012f suremontavo importuotojo ne\u012fgaliotas technin\u0117s prie\u017ei\u016bros darbuotojas.<\/li>\n<\/ol>\n<p>&nbsp;<\/p>\n<p><strong>8. Atsakomyb\u0117<\/strong><\/p>\n<p>&nbsp;<\/p>\n<p>P\u00dcR ir Klientas atsako u\u017e \u017eal\u0105, padaryt\u0105 kitai \u0161aliai pa\u017eeidus \u0161ias s\u0105lygas Estijos Respublikoje galiojan\u010di\u0173 teis\u0117s akt\u0173 nustatytais atvejais ir apimtimi.<\/p>\n<p>&nbsp;<\/p>\n<p><strong>9. Force majeure<\/strong><\/p>\n<p>&nbsp;<\/p>\n<p>P\u00dcR neatsako u\u017e padaryt\u0105 \u017eal\u0105 ar prek\u0117s pristatymo v\u0117lavim\u0105, jei \u017eala ar prek\u0117s pristatymo v\u0117lavimas atsirado d\u0117l aplinkybi\u0173, kuri\u0173 P\u00dcR negal\u0117jo tur\u0117ti \u012ftakos ar numatyti.<\/p>\n<p>&nbsp;<\/p>\n<p><strong>10. Asmens duomen\u0173 apsauga ir saugumas<\/strong><\/p>\n<p>&nbsp;<\/p>\n<p>Informacija ir asmens duomenys, surinkti lankantis P\u00dcR puslapyje ir pateikiant u\u017esakymus, yra laikomi konfidencialiais ir nebus atskleisti tre\u010diosioms \u0161alims. \u0160ifruotas duomen\u0173 ry\u0161ys su bankais atsiskaitant u\u017e pirkinius u\u017etikrina Kliento asmenini\u0173 banko kredencial\u0173 saugum\u0105.<\/p>\n<p>&nbsp;<\/p>\n<p><strong>11. Pretenzijos pateikimo tvarka<\/strong><\/p>\n<p>&nbsp;<\/p>\n<p>11.1 P\u00dcR atsako u\u017e Klientui parduot\u0173 preki\u0173 neatitikim\u0105 sutarties s\u0105lygoms ar defektus, kurie atsiranda per dvejus metus nuo prek\u0117s perdavimo Klientui. Prek\u0117s neatitikim\u0173 ar defekt\u0173 atveju pretenzij\u0105 pra\u0161ome persi\u0173sti el <a tabindex=\"0\" href=\"mailto:info@p\u00fcr.ee\">info@p\u00fcr.ee<\/a>.<\/p>\n<p>11.2 Pretenzijoje turi b\u016bti nurodyta:<\/p>\n<ol>\n<li>Kliento vardas ir pavard\u0117 bei kontaktiniai duomenys;<\/li>\n<li>skundo data ir u\u017esakymo\/s\u0105skaitos numeris;<\/li>\n<li>Preki\u0173 tr\u016bkumas;<\/li>\n<li>P\u00dcR pateikta pretenzija;<\/li>\n<li>Prie skundo turi b\u016bti nurodytas dokumentas, \u012frodantis sandorio ar garantijos \u012fvykdym\u0105 arba jo kopija.<\/li>\n<\/ol>\n<p>11.3 Pretenzija d\u0117l prek\u0117s neatitikimo ar tr\u016bkum\u0173 nustatymo turi b\u016bti pateikta per du m\u0117nesius nuo prek\u0117s neatitikimo ar defekto nustatymo.<\/p>\n<p>11.4 Atsiradus prek\u0117s tr\u016bkumui, pra\u0161ome nebenaudoti preki\u0173.<\/p>\n<p>11.5 P\u00dcR \u012f pretenzij\u0105 atsako ne v\u0117liau kaip per 15 dien\u0173 nuo Kliento pretenzijos gavimo.<\/p>\n<p>11.6 P\u00dcR neatsako u\u017e prek\u0117s tr\u016bkum\u0173 atsiradim\u0105 d\u0117l Kliento kalt\u0117s, u\u017e defektus, atsiradusius d\u0117l netinkamo prek\u0117s laikymo ar naudojimo. Prie defekt\u0173 priskiriami gaminio defektai, bet ne prek\u0117s pakuot\u0117s defektai.<\/p>\n<p>11.7 Tuo atveju, kai prek\u0117 neatitinka sutarties s\u0105lyg\u0173, turi tr\u016bkum\u0173 ar gedim\u0173, Klientas turi teis\u0119 reikalauti pataisyti arba pakeisti prek\u0119. Tuo atveju, kai prek\u0117s taisymas ar pakeitimas ne\u012fmanomas, nepavyksta arba sukelia Klientui nepagr\u012fst\u0173 nepatogum\u0173, Klientas turi teis\u0119 atsisakyti sutarties ir reikalauti gr\u0105\u017einti sumok\u0117tus pinigus.<\/p>\n<p>&nbsp;<\/p>\n<p><strong>12. Kliento asmens duomen\u0173 tvarkymas<\/strong><\/p>\n<p>&nbsp;<\/p>\n<p>12.1. P\u00dcR Kliento pateiktus asmens duomenis tvarko pagal Asmens duomen\u0173 apsaugos \u012fstatyme nustatytus reikalavimus. I\u0161samesn\u0119 informacij\u0105 apie asmens duomen\u0173 tvarkymo proces\u0105 rasite \u0161iame puslapyje.<\/p>\n<p>12.2. Tvarkomi asmens duomenys \u2013 tai duomenys, kuri\u0173 pra\u0161oma i\u0161 Kliento prisijungiant prie lojalumo programos, registruojant elektronin\u0117s parduotuv\u0117s paskyr\u0105 ir\/ar pateikiant u\u017esakym\u0105 (vardas ir pavard\u0117, adresas, telefono numeris, el. pa\u0161to adresas, atsiskaitomosios s\u0105skaitos numeris, apsiperkant). krep\u0161elio turin\u012f ir pirkimo istorij\u0105).<\/p>\n<p>12.3. P\u00dcR tvarko Kliento asmens duomenis u\u017esakymo \u012fvykdymui (\u012fskaitant su u\u017esakymu susijusi\u0173 prane\u0161im\u0173 pristatym\u0105), apmok\u0117jimui u\u017e prekes, preki\u0173 pristatymui, pasi\u016blym\u0173 ir naujien\u0173 rengimui ir pristatymui.<\/p>\n<p>12.4. Elektronin\u0117 parduotuv\u0117 www.p\u00fcr.ee Kliento asmens duomen\u0173 valdytojas yra P\u00dcR Cosmetics O\u00dc, kurios registracijos kodas 16421821, adresas Jaama 76, Tartu, 50605 Estijos Respublika, telefonas +372 5398 1101, el.\u00a0<a href=\"mailto: info@p\u00fcr.ee\">info@p\u00fcr.ee<\/a><\/p>\n<p>12.5. P\u00dcR neperduoda Kliento asmens duomen\u0173 tretiesiems asmenims, i\u0161skyrus:<\/p>\n<p>12.5.1. kurjerio paslaug\u0105 teikian\u010diai \u012fmonei tiek, kiek b\u016btina preki\u0173 pristatymui Klientui ar paslaugos sunaudojimui;<\/p>\n<p>12.5.2. \u012f u\u017esakym\u0105 \u012ftraukt\u0173 preki\u0173 tiek\u0117jams (kliento vardas ir telefono numeris), kad \u012fvykdyt\u0173 u\u017esakym\u0105 ir u\u017etikrint\u0173 klient\u0173 aptarnavim\u0105.<\/p>\n<p>12.5.3. 12.5.1 ir 12.5.2 punktuose numatytais atvejais Kliento asmens duomenys tvarkomi tik u\u017esakymo \u012fvykdymo tikslu, o \u012fgalioti duomen\u0173 tvarkytojai u\u017etikrina tok\u012f pat\u012f asmens duomen\u0173 apsaugos lyg\u012f kaip ir P\u00dcR.<\/p>\n<p>12.6. Klientas turi teis\u0119 bet kada susipa\u017einti su savo asmens duomenimis ir reikalauti, kad \u0161ie duomenys b\u016bt\u0173 pakeisti ar i\u0161trinti, jeigu \u012fstatymai nenustato kitaip, kreipdamasis \u012f P\u00dcR el. <a href=\"mailto:info@p\u00fcr.ee\">info@p\u00fcr.ee<\/a>.<\/p>\n<p>12.7. Jeigu Klientas parei\u0161k\u0117 nor\u0105 ir sutiko gauti P\u00dcR parengtus naujienlai\u0161kius ir\/ar asmeninius pasi\u016blymus, Klientas visada turi teis\u0119 at\u0161aukti \u0161\u012f sutikim\u0105 i\u0161si\u0173sdamas atitinkam\u0105 prane\u0161im\u0105 P\u00dcR el. <a href=\"mailto:info@p\u00fcr.ee\">info@p\u00fcr.ee<\/a>\u00a0arba paspaud\u0119 ant kiekvieno elektroniniu pa\u0161tu ar SMS \u017einute atsi\u0173sto pasi\u016blymo nurodyt\u0105 nuorod\u0105.<\/p>\n<p>12.8. Klientas turi teis\u0119 bet kada kreiptis d\u0117l jo asmens duomen\u0173 perdavimo kitam duomen\u0173 tvarkytojui, kreipdamasis \u012f P\u00dcR su skaitmeniniu para\u0161u para\u0161u pra\u0161ymu el. <a tabindex=\"0\" href=\"mailto:info@p\u00fcr.ee\">info@p\u00fcr.ee<\/a>. P\u00dcR turi teis\u0119 atsisakyti tiesioginio asmens duomen\u0173 perdavimo kitam duomen\u0173 tvarkytojui tuo atveju, jei duomen\u0173 perdavimas tre\u010diajai \u0161aliai, P\u00dcR nuomone, n\u0117ra saugus.<\/p>\n<p>12.9. Tuo atveju, kai Klientas nustato, kad asmens duomen\u0173 tvarkymas lojalumo programoje ar elektronin\u0117s parduotuv\u0117s apsipirkimo aplinkoje pa\u017eeid\u017eia jo teises, Klientas turi teis\u0119 kreiptis \u012f Duomen\u0173 apsaugos inspekcij\u0105 ir teism\u0105.<\/p>\n<p>&nbsp;<\/p>\n<p><strong>13. Gin\u010d\u0173 sprendimo tvarka<\/strong><\/p>\n<p>&nbsp;<\/p>\n<p>Jei Klientas turi nusiskundim\u0173 d\u0117l P\u00dcR, juos reikia si\u0173sti el <a tabindex=\"0\" href=\"mailto:info@p\u00fcr.ee\">info@p\u00fcr.ee<\/a>. Jei Klientas ir P\u00dcR negali i\u0161spr\u0119sti gin\u010do susitarimu, pirk\u0117jas gali kreiptis \u012f Vartotoj\u0173 gin\u010d\u0173 komisij\u0105. Susipa\u017einti su proced\u016brin\u0117mis s\u0105lygomis ir pateikti pra\u0161ym\u0105 galite \u010dia. Vartotoj\u0173 gin\u010d\u0173 komisijos kompetencija yra spr\u0119sti gin\u010dus, kylan\u010dius i\u0161 Kliento ir P\u00dcr sudarytos sutarties. Kliento skundo nagrin\u0117jimas komisijoje yra nemokamas. Klientas gali kreiptis \u012f Europos S\u0105jungos vartotoj\u0173 gin\u010d\u0173 sprendimo platform\u0105.<\/p>","protected":false},"excerpt":{"rendered":"<p>Pardavimo s\u0105lygos 1. Pardavimo s\u0105lyg\u0173 galiojimas 1.1 Pardavimo s\u0105lygos taikomos teis\u0117ms ir pareigoms, kylan\u010dioms perkant prekes tarp P\u00dcR klient\u0173 (toliau \u2013 Klientas) ir P\u00dcR Cosmetics O\u00dc, registracijos kodas 16421821, adresas Jaama 76, Tartu, 50605, Estija (toliau \u2013 P\u00dcR). 1.2 Be \u0161i\u0173 s\u0105lyg\u0173, teisinius santykius, kylan\u010dius perkant P\u00dcR produktus, reglamentuoja Estijos Respublikoje galiojantys teis\u0117s aktai. 1.3 P\u00dcR pasilieka teis\u0119\u2026<\/p>","protected":false},"author":1,"featured_media":0,"parent":0,"menu_order":0,"comment_status":"closed","ping_status":"closed","template":"","meta":{"_acf_changed":false,"footnotes":""},"class_list":["post-22","page","type-page","status-publish","hentry"],"acf":[],"jetpack_sharing_enabled":true,"_links":{"self":[{"href":"https:\/\/purbeauty.eu\/lt\/wp-json\/wp\/v2\/pages\/22","targetHints":{"allow":["GET"]}}],"collection":[{"href":"https:\/\/purbeauty.eu\/lt\/wp-json\/wp\/v2\/pages"}],"about":[{"href":"https:\/\/purbeauty.eu\/lt\/wp-json\/wp\/v2\/types\/page"}],"author":[{"embeddable":true,"href":"https:\/\/purbeauty.eu\/lt\/wp-json\/wp\/v2\/users\/1"}],"replies":[{"embeddable":true,"href":"https:\/\/purbeauty.eu\/lt\/wp-json\/wp\/v2\/comments?post=22"}],"version-history":[{"count":0,"href":"https:\/\/purbeauty.eu\/lt\/wp-json\/wp\/v2\/pages\/22\/revisions"}],"wp:attachment":[{"href":"https:\/\/purbeauty.eu\/lt\/wp-json\/wp\/v2\/media?parent=22"}],"curies":[{"name":"wp","href":"https:\/\/api.w.org\/{rel}","templated":true}]}}