{"id":2284,"date":"2022-09-13T10:59:48","date_gmt":"2022-09-13T10:59:48","guid":{"rendered":"https:\/\/purestonia.ee\/?page_id=2284"},"modified":"2025-10-04T17:26:10","modified_gmt":"2025-10-04T14:26:10","slug":"mineraal-kosmeetika-2","status":"publish","type":"page","link":"https:\/\/purbeauty.eu\/lt\/mineraal-kosmeetika-2\/","title":{"rendered":"Pristatymas"},"content":{"rendered":"<h3>\n\t\t\t\tPristatymas\n\t\t\t<\/h3>\n\t<p>&nbsp;<\/p>\n<p><strong>NEMOKAMAS pristatymas \u012f pa\u0161tomatus perkant u\u017e 69 \u20ac.<\/strong><\/p>\nU\u017esakymus siun\u010diame Estijoje <strong>1-3 darbo dienas<\/strong> per 3-7 darbo dienas \u012f kitas \u0161alis!<br \/>\nSavaitgaliais pateikti u\u017esakymai i\u0161siun\u010diami nuo pirmos darbo dienos. Akcijos metu pristatymas gali v\u0117luoti!\n<p>&nbsp;<\/p>\n<figure data-content-type=\"image\" data-appearance=\"full-width\" data-element=\"main\" data-pb-style=\"MR0CB2F\"><img decoding=\"async\" title=\"\" src=\"https:\/\/www.mactabeauty.com\/media\/wysiwyg\/smartpost_logo.png\" alt=\"\" data-element=\"desktop_image\" data-pb-style=\"AX97NM5\" \/><\/figure>\n<h5 data-content-type=\"heading\" data-appearance=\"default\" data-element=\"main\"><\/h5>\n<p>&nbsp;<\/p>\n<h5 data-content-type=\"heading\" data-appearance=\"default\" data-element=\"main\">SMARTPOST (PAKAVIMO MA\u0160INA)<\/h5>\n<p>Kaina 3,00 \u20ac<\/p>\n<p>\u2013 Jei perkate po 15:00 val., siuntinys bus i\u0161si\u0173stas kit\u0105 darbo dien\u0105. Penktadien\u012f, \u0161e\u0161tadien\u012f, sekmadien\u012f ir valstybini\u0173 \u0161ven\u010di\u0173 dienomis po 15:00 \u012fsigytos prek\u0117s i\u0161duodamos i\u0161siuntimui kit\u0105 darbo dien\u0105.<\/p>\n<p>\u2013 Siuntai atvykus \u012f paskirties siunt\u0173 automat\u0105, u\u017esakyme nurodytu mobiliuoju telefonu i\u0161siun\u010diama SMS \u017einut\u0117.<\/p>\n<p>\u2013 Gav\u0119 SMS, eikite prie aparato ir \u012fveskite dur\u0173 kod\u0105, esant\u012f SMS \u017einut\u0117je.<\/p>\n<p>\u2013 Siunt\u0105 reikia atsiimti per 7 dienas nuo jos at\u0117jimo \u012f siunt\u0173 automat\u0105.<\/p>\n<p><a tabindex=\"0\" href=\"https:\/\/www.smartpost.ee\/pakiautomaatide-asukohad\" target=\"_blank\" rel=\"noopener\">Smartpost automat\u0173 vietos ir darbo valandos<\/a><\/p>\n<p><a tabindex=\"0\" href=\"https:\/\/www.smartpost.ee\/pakkide-saatmine\/pakkide-liikumise-graafik\" target=\"_blank\" rel=\"noopener\">Pildymo ma\u0161in\u0173 valandos<\/a><\/p>\n<h5 data-content-type=\"heading\" data-appearance=\"default\" data-element=\"main\"><\/h5>\n<h5 data-content-type=\"heading\" data-appearance=\"default\" data-element=\"main\">\u00a0<img decoding=\"async\" title=\"\" src=\"https:\/\/www.mactabeauty.com\/media\/wysiwyg\/omniva_logo.png\" alt=\"\" data-element=\"desktop_image\" data-pb-style=\"G5CQAMT\" \/><\/h5>\n<h5 data-content-type=\"heading\" data-appearance=\"default\" data-element=\"main\"><\/h5>\n<h5 data-content-type=\"heading\" data-appearance=\"default\" data-element=\"main\"><\/h5>\n<h5 data-content-type=\"heading\" data-appearance=\"default\" data-element=\"main\"><\/h5>\n<h5 data-content-type=\"heading\" data-appearance=\"default\" data-element=\"main\">OMNIVA (BAGA\u017dO AUTOMATIKA)<\/h5>\n<p>Kaina 3,00 \u20ac<\/p>\n<p>\u2013 Jei perkate po 15:00 val., siuntinys bus i\u0161si\u0173stas kit\u0105 darbo dien\u0105. Penktadien\u012f, \u0161e\u0161tadien\u012f, sekmadien\u012f ir valstybini\u0173 \u0161ven\u010di\u0173 dienomis po 15:00 \u012fsigytos prek\u0117s i\u0161duodamos i\u0161siuntimui kit\u0105 darbo dien\u0105.<\/p>\n<p>\u2013 Norint naudotis Omniva siunt\u0173 automatu, nereikia \u012feiti \u012f prekybos centr\u0105. Prie siunt\u0173 automato nesunkiai pasieksite automobil\u012f, dvirat\u012f, ve\u017eim\u0117l\u012f ar \u0161un\u012f.<\/p>\n\u2013 Siuntai atvykus \u012f paskirties siunt\u0173 automat\u0105, u\u017esakyme nurodytu mobiliuoju telefonu i\u0161siun\u010diama SMS \u017einut\u0117.\n<p>\u2013 Gav\u0119 SMS, eikite prie aparato ir \u012fveskite dur\u0173 kod\u0105, esant\u012f SMS \u017einut\u0117je.<\/p>\n<p><a tabindex=\"0\" href=\"https:\/\/www.omniva.ee\/abi\/kaart\" target=\"_blank\" rel=\"noopener\">Omniva automat\u0173 vietos<\/a><\/p>\n<h5 data-content-type=\"heading\" data-appearance=\"default\" data-element=\"main\"><\/h5>\n<h5 data-content-type=\"heading\" data-appearance=\"default\" data-element=\"main\"><\/h5>\n<h5 data-content-type=\"heading\" data-appearance=\"default\" data-element=\"main\">PRISTATYMO B\u016aDAI \u012e \u0160ALIS PRIE ESTIJAS:<\/h5>\n<ol>\n<li>\u012e Suomij\u0105 siuntas siun\u010diame \u012f Itella SmartPOST siunt\u0173 automatus, kuri\u0173 siuntimo kaina 11,00 \u20ac.<\/li>\n<li>Siuntinius \u012f Latvij\u0105 siun\u010diame \u012f Omniva pa\u0161tomatus, kuri\u0173 siuntimo kaina 9,60\u20ac ir \u012f Itella SmartPOST siunt\u0173 automatus su 7\u20ac siuntimo kaina.<\/li>\n<li>Lietuvoje siuntas siun\u010diame \u012f Omniva pa\u0161tomatus u\u017e 9,60 \u20ac ir \u012f Itella SmartPOST siunt\u0173 automatus su 8 \u20ac siuntimo kaina.<\/li>\n<\/ol>\n<p>&nbsp;<\/p>","protected":false},"excerpt":{"rendered":"<p>Pristatymas NEMOKAMAS pristatymas \u012f pa\u0161tomatus nuo 69 \u20ac perkant. U\u017esakymus Estijoje i\u0161siun\u010diame per 1-3 darbo dienas, \u012f kitas \u0161alis per 3-7 darbo dienas! Savaitgaliais pateikti u\u017esakymai i\u0161siun\u010diami nuo pirmos darbo dienos. Akcijos metu pristatymas gali v\u0117luoti!   SMARTPOST (SIUNT\u0172 AUTOMATIKA) Kaina 3,00 \u20ac \u2013 perkant po 15:00, siuntinys bus i\u0161si\u0173stas kit\u0105 darbo dien\u0105. Penktadien\u012f po\u2026<\/p>","protected":false},"author":1,"featured_media":0,"parent":0,"menu_order":0,"comment_status":"closed","ping_status":"closed","template":"","meta":{"_acf_changed":false,"footnotes":""},"class_list":["post-2284","page","type-page","status-publish","hentry"],"acf":[],"jetpack_sharing_enabled":true,"_links":{"self":[{"href":"https:\/\/purbeauty.eu\/lt\/wp-json\/wp\/v2\/pages\/2284","targetHints":{"allow":["GET"]}}],"collection":[{"href":"https:\/\/purbeauty.eu\/lt\/wp-json\/wp\/v2\/pages"}],"about":[{"href":"https:\/\/purbeauty.eu\/lt\/wp-json\/wp\/v2\/types\/page"}],"author":[{"embeddable":true,"href":"https:\/\/purbeauty.eu\/lt\/wp-json\/wp\/v2\/users\/1"}],"replies":[{"embeddable":true,"href":"https:\/\/purbeauty.eu\/lt\/wp-json\/wp\/v2\/comments?post=2284"}],"version-history":[{"count":0,"href":"https:\/\/purbeauty.eu\/lt\/wp-json\/wp\/v2\/pages\/2284\/revisions"}],"wp:attachment":[{"href":"https:\/\/purbeauty.eu\/lt\/wp-json\/wp\/v2\/media?parent=2284"}],"curies":[{"name":"wp","href":"https:\/\/api.w.org\/{rel}","templated":true}]}}