{"id":2935,"date":"2023-02-17T16:21:02","date_gmt":"2023-02-17T14:21:02","guid":{"rendered":"https:\/\/purestonia.ee\/?page_id=2935"},"modified":"2023-12-10T19:06:04","modified_gmt":"2023-12-10T17:06:04","slug":"rohkeminfot","status":"publish","type":"page","link":"https:\/\/purbeauty.eu\/lt\/rohkeminfot\/","title":{"rendered":"Slapuk\u0173 naudojimo P\u00dcR elektronin\u0117je parduotuv\u0117je tvarka"},"content":{"rendered":"<h3>\n\t\t\t\tSlapuk\u0173 naudojimo P\u00dcR elektronin\u0117je parduotuv\u0117je tvarka\n\t\t\t<\/h3>\n\t\t\t\t\t\t<h5 tabindex=\"0\">Kas yra sausainis?<\/h5>\n\t\t\t<p>Sarnaselt paljudele teistele kasutab ka P\u00dcR &#8221;k\u00fcpsisteks&#8221; kutsutavaid tekstifaile, mille eesm\u00e4rk on aidata meil lehte arendada ja tagada parim kasutajakogemus. K\u00fcpsis (cookie) on v\u00e4iksemahuline tekstifail, mille veebiserver saadab kasutaja veebilehitsejale, mis seej\u00e4rel salvestatakse kasutaja arvuti k\u00f5vakettale. K\u00fcpsised ise kasutaja seadmest informatsiooni ei loe ega levita seda ka internetiavarustes.<\/p>\n\t\t\t\t\t\t<h5 tabindex=\"0\">Kokius slapukus naudoja P\u00dcR?<\/h5>\n\t\t\t<p>Svetain\u0117s naudoja slapukus, kad suteikt\u0173 vartotojui individualizuot\u0105 vartotojo patirt\u012f ir patogesn\u0119 nar\u0161ym\u0105 puslapyje. D\u0117l apsilankymo \u0161ioje svetain\u0117je j\u016bs\u0173 nar\u0161ykl\u0117 gali saugoti \u0161i\u0173 kategorij\u0173 slapukus:<\/p>\n\t\t\t\t\t\t<h5 tabindex=\"0\">Slapukai, b\u016btini pagrindiniams svetain\u0117s tikslams pasiekti<\/h5>\n\t\t\t<p>\u0160ie slapukai yra b\u016btini siekiant u\u017etikrinti, kad vartotojas tur\u0117t\u0173 prieig\u0105 prie \u0161ioje svetain\u0117je si\u016blom\u0173 \u012f klientus orientuot\u0173 paslaug\u0173 ir gal\u0117t\u0173 naudotis kai kuriomis funkcijomis, pavyzd\u017eiui, prieiga prie saugi\u0173 sri\u010di\u0173. Be \u0161i\u0173 slapuk\u0173 neb\u016bt\u0173 \u012fmanomos norimos paslaugos, tokios kaip mok\u0117jimo b\u016bdai, saugus prisijungimas prie paskyros ir kitos priemokos, teikiamos turint kliento paskyr\u0105. \u0160ie slapukai taip pat svarb\u016bs, kad klient\u0105 pasiekt\u0173 informacija apie produktus, pristatymo informacij\u0105 ir pan.<\/p>\n\t\t\t\t\t\t<h5 tabindex=\"0\">Funkcionalumo ir na\u0161umo slapukai<\/h5>\n\t\t\t<p>\u0160ie slapukai palaiko m\u016bs\u0173 svetain\u0117s veikim\u0105 ir funkcionalum\u0105, ta\u010diau neb\u016btinai yra b\u016btini, kad svetain\u0117 veikt\u0173. \u0160i\u0173 slapuk\u0173 pagalba svetain\u0117 identifikuoja vartotoj\u0105 ir (jei pageidaujama) \u012fsimena kliento prisijungimo duomenis, suteikia galimyb\u0119 tam tikr\u0105 laik\u0105 saugoti \u012f pirkini\u0173 krep\u0161el\u012f \u012fd\u0117tas prekes ir pan.<\/p>\n\t\t\t\t\t\t<h5 tabindex=\"0\">Analiz\u0117<\/h5>\n\t\t\t<p>P\u00dcR naudoja pla\u010diai naudojam\u0105 \u201eGoogle\u201c analiz\u0117s programin\u0119 \u012frang\u0105 ir naudoja j\u0105 svetain\u0117s srautui ir elgsenos modeliams \u017eem\u0117lapiuose matuoti. Gauti duomenys padeda geriau suprasti lankytoj\u0173 elges\u012f internetin\u0117je parduotuv\u0117je bei suteikia galimyb\u0119 pasi\u016blyti vartotojui geriausius techninius sprendimus. \u0160ie slapukai naudojami tik statistiniais tikslais ir neidentifikuoja atskir\u0173 lankytoj\u0173.<\/p>\n\t\t\t\t\t\t<h5 tabindex=\"0\">Tre\u010diosios \u0161alys \/ Reklama ir socialin\u0117 \u017einiasklaida<\/h5>\n\t\t\t<p>P\u00dcR veebilehel kasutatakse mitmeid usaldusv\u00e4\u00e4rseid kolmandate osapoolte k\u00fcpsiseid. See v\u00f5imaldab kasutajal jagada lehti sotsiaalv\u00f5rgustikes ning kuvada personaliseeritud ja asjakohast reklaami. N\u00f5nda v\u00f5imaldavad need k\u00fcpsiseid kuvada reklaame n\u00e4iteks erinevatel Google&#8217;i ja Google&#8217;i partnerettev\u00f5tete platvormidel. Nende k\u00fcpsiste kasutamine ei h\u00f5lma isikuandmete k\u00e4sitlemist.<\/p>\n\t\t\t\t\t\t<h5 tabindex=\"0\">Kaip apriboti arba panaikinti slapuk\u0173 naudojim\u0105?<\/h5>\n\t\t\t<p>Daugeliu atvej\u0173 interneto nar\u0161ykl\u0119 galima sukonfig\u016bruoti taip, kad slapuk\u0173 naudojimas b\u016bt\u0173 apribotas arba nutrauktas. Visos \u0161iuolaikin\u0117s interneto nar\u0161ykl\u0117s leid\u017eia optimizuoti su slapukais susijusius nustatymus. Ta\u010diau verta atminti, kad slapuk\u0173, b\u016btin\u0173 pagrindiniams svetain\u0117s tikslams \u012fgyvendinti, naudojimo apribojimas gali tur\u0117ti \u012ftakos vartotojo patir\u010diai ir (arba) m\u016bs\u0173 si\u016blomoms paslaug\u0173 galimyb\u0117ms internetin\u0117je parduotuv\u0117je. Daugiau informacijos apie slapukus ir j\u0173 naudojimo apribojim\u0105 rasite svetain\u0117je www.youronlinechoices.com.<\/p>","protected":false},"excerpt":{"rendered":"<p>K\u00fcpsiste kasutamise kord P\u00dcR e-poes Mis on k\u00fcpsis? Sarnaselt paljudele teistele kasutab ka P\u00dcR &#8221;k\u00fcpsisteks&#8221; kutsutavaid tekstifaile, mille eesm\u00e4rk on aidata meil lehte arendada ja tagada parim kasutajakogemus. K\u00fcpsis (cookie) on v\u00e4iksemahuline tekstifail, mille veebiserver saadab kasutaja veebilehitsejale, mis seej\u00e4rel salvestatakse kasutaja arvuti k\u00f5vakettale. K\u00fcpsised ise kasutaja seadmest informatsiooni ei loe ega levita seda ka&hellip;<\/p>","protected":false},"author":1,"featured_media":0,"parent":0,"menu_order":0,"comment_status":"closed","ping_status":"closed","template":"","meta":{"_acf_changed":false,"footnotes":""},"class_list":["post-2935","page","type-page","status-publish","hentry"],"acf":[],"jetpack_sharing_enabled":true,"_links":{"self":[{"href":"https:\/\/purbeauty.eu\/lt\/wp-json\/wp\/v2\/pages\/2935","targetHints":{"allow":["GET"]}}],"collection":[{"href":"https:\/\/purbeauty.eu\/lt\/wp-json\/wp\/v2\/pages"}],"about":[{"href":"https:\/\/purbeauty.eu\/lt\/wp-json\/wp\/v2\/types\/page"}],"author":[{"embeddable":true,"href":"https:\/\/purbeauty.eu\/lt\/wp-json\/wp\/v2\/users\/1"}],"replies":[{"embeddable":true,"href":"https:\/\/purbeauty.eu\/lt\/wp-json\/wp\/v2\/comments?post=2935"}],"version-history":[{"count":0,"href":"https:\/\/purbeauty.eu\/lt\/wp-json\/wp\/v2\/pages\/2935\/revisions"}],"wp:attachment":[{"href":"https:\/\/purbeauty.eu\/lt\/wp-json\/wp\/v2\/media?parent=2935"}],"curies":[{"name":"wp","href":"https:\/\/api.w.org\/{rel}","templated":true}]}}