{"id":3,"date":"2022-02-03T11:30:39","date_gmt":"2022-02-03T11:30:39","guid":{"rendered":"https:\/\/xn--pr-xka.ee\/?page_id=3"},"modified":"2025-10-04T17:29:21","modified_gmt":"2025-10-04T14:29:21","slug":"privaatsuspoliitika","status":"publish","type":"page","link":"https:\/\/purbeauty.eu\/lt\/privaatsuspoliitika\/","title":{"rendered":"Privatumo politika"},"content":{"rendered":"<h3>\n\t\t\t\tPrivatumo politika\n\t\t\t<\/h3>\n\t<p>Elektronin\u0117s parduotuv\u0117s pyr.ee asmens duomen\u0173 valdytojas yra P\u00dcR Cosmetics O\u00dc, registro kodas 16421821, adresas Estija, Tartumaa, Tartu, Jaama 76, 50605, telefonas +372 5398 1101 ir el. pa\u0161tas info@p\u00fcr.ee (toliau) <strong>&quot;prekybininkas&quot;<\/strong>).<\/p>\n<p><strong>Kokie asmens duomenys yra tvarkomi<\/strong><\/p>\n<ul>\n<li>vardas;<\/li>\n<li>kontaktin\u0117 informacija, pvz., telefono numeris ir el. pa\u0161to adresas;<\/li>\n<li>mok\u0117tojo ir pristatymo adresas;<\/li>\n<li>Banko s\u0105skaitos numeris;<\/li>\n<li>preki\u0173 ir paslaug\u0173 savikaina bei su mok\u0117jimais susij\u0119 duomenys (pirkimo istorija);<\/li>\n<li>klient\u0173 aptarnavimo duomenys;<\/li>\n<li>kita informacija, susijusi su klient\u0173 apklausomis ir\/ar pasi\u016blymais.<\/li>\n<\/ul>\n<p>Daugiau apie slapuk\u0173 naudojim\u0105 ir saugojim\u0105 galite perskaityti \u0161iame puslapyje.<\/p>\n<strong>Kokiu tikslu tvarkomi asmens duomenys?<\/strong><br \/>\nAsmens duomenys tvarkomi su klientu sudarytos sutarties vykdymo tikslu. Asmens duomenys tvarkomi siekiant \u012fvykdyti teisin\u0119 prievol\u0119 (pvz., buhalterin\u0117 apskaita ir vartotoj\u0173 gin\u010d\u0173 sprendimas).<br \/>\nAsmens duomenys naudojami klient\u0173 u\u017esakymams tvarkyti ir prek\u0117ms pristatyti.<br \/>\nPirkim\u0173 istorijos duomenys (pirkimo data, prek\u0117, kiekis, klient\u0173 duomenys) naudojami \u012fsigyt\u0173 preki\u0173 ir paslaug\u0173 ap\u017evalgai kurti bei klient\u0173 pageidavimams analizuoti.<br \/>\nBanko s\u0105skaitos numeris naudojamas gr\u0105\u017einant mok\u0117jimus klientui.<br \/>\nAsmens duomenys, tokie kaip elektroninio pa\u0161to adresas, telefono numeris, kliento vardas, tvarkomi siekiant i\u0161spr\u0119sti su preki\u0173 ir paslaug\u0173 teikimu (pagalba klientams) susijusius klausimus, taip pat rengti ir perduoti pasi\u016blymus bei naujienas.<br \/>\nElektronin\u0117s parduotuv\u0117s naudotojo IP adresas ar kiti tinklo identifikatoriai tvarkomi elektronin\u0117s parduotuv\u0117s kaip informacin\u0117s visuomen\u0117s paslaugos teikimui ir naudojimosi internetu statistikai.\n<strong>Asmens duomen\u0173 perdavimas \u012fgaliotiems tvarkytojams<\/strong><br \/>\nPrekybininkas kliento asmens duomenis, kurie jam tapo \u017einomi registruojantis ir naudojantis vartotojo paskyra, laiko konfidencialum\u0105 ir atskleid\u017eia juos tretiesiems asmenims tik gav\u0119s kliento sutikim\u0105, i\u0161skyrus atvejus, kai pareiga ar teis\u0117 atskleisti duomenis kyla i\u0161 teis\u0117s akt\u0173. E-parduotuv\u0117s vartotojas sutinka, kad prekybininkas turi teis\u0119 tvarkyti jo duomenis, siekdamas suteikti klientui tinkamas paslaugas, \u012fskaitant kliento duomen\u0173 perdavim\u0105 asmenims, susijusiems su prekybininko paslaug\u0173 teikimu klientui. \u012egaliot\u0173j\u0173 tvarkytoj\u0173 s\u0105ra\u0161as:\n<p>Informacini\u0173 technologij\u0173 paslaug\u0173 teik\u0117jai \u2013 Asmens duomenys perduodami informacini\u0173 technologij\u0173 paslaug\u0173 teik\u0117jams, nes tai b\u016btina elektronin\u0117s parduotuv\u0117s funkcionalumui ir duomen\u0173 saugojimui u\u017etikrinti.<\/p>\n<ol>\n<li>Zone.ee<\/li>\n<\/ol>\n<p>Finansin\u0117 ir sand\u0117lio programin\u0117 \u012franga \u2013 skirta apskaitai ir sand\u0117lio operacijoms<\/p>\n<ol>\n<li>SmartAccounts<\/li>\n<\/ol>\n<p>Tiek\u0117jai \u2013 pristatyti u\u017esakymus klientui:<\/p>\n<ol>\n<li>DPD<\/li>\n<li>Itella<\/li>\n<li>Omniva<\/li>\n<\/ol>\n<p>Mok\u0117jimo tarpininkai \u2013 apmok\u0117ti u\u017esakymus<\/p>\n<ol>\n<li>Swedbank<\/li>\n<li>SEB<\/li>\n<li>Danija<\/li>\n<li>Luminor<\/li>\n<li>LHV<\/li>\n<li>Coop<\/li>\n<li>Citadel\u0117<\/li>\n<li>PayPal<\/li>\n<li>Montonio<\/li>\n<\/ol>\n<p>Statistikos rinkimas \u2013 informacijos rinkimas, siekiant pagerinti elektronin\u0117s parduotuv\u0117s vartotojo patirt\u012f:<\/p>\n<ol>\n<li>Google analiz\u0117<\/li>\n<li>Facebook<\/li>\n<li>MailChimp<\/li>\n<\/ol>\n<strong>Saugumas ir prieiga prie duomen\u0173<\/strong><br \/>\nAsmens duomenys saugomi Zone.ee serveriuose, kurie yra Europos S\u0105jungos valstyb\u0117s nar\u0117s ar prie Europos ekonomin\u0117s erdv\u0117s prisijungusi\u0173 \u0161ali\u0173 teritorijoje. Duomenys gali b\u016bti perduodami \u012f \u0161alis, kuri\u0173 duomen\u0173 apsaugos lyg\u012f Europos Komisija \u012fvertino kaip tinkam\u0105, ir JAV \u012fmon\u0117ms, kurios yra susijusios su Privatumo skydo sistema.\n<p>Elektronin\u0117 parduotuv\u0117 diegia tinkamas fizines, organizacines ir IT saugumo priemones, skirtas apsaugoti asmens duomenis nuo atsitiktinio ar neteis\u0117to sunaikinimo, praradimo, pakeitimo ar neteis\u0117tos prieigos ir atskleidimo.<\/p>\n<p>Asmens duomen\u0173 perdavimas elektronin\u0117s parduotuv\u0117s \u012fgaliotiems tvarkytojams \u2013 asmens duomen\u0173 tvarkymas vyksta su e-parduotuve ir \u012fgaliotais duomen\u0173 tvarkytojais sudaryt\u0173 sutar\u010di\u0173 pagrindu. \u012egalioti duomen\u0173 tvarkytojai, tvarkydami asmens duomenis, privalo u\u017etikrinti tinkamas apsaugos priemones.<\/p>\n<strong>Asmens duomen\u0173 per\u017ei\u016bra ir taisymas<\/strong><br \/>\nSu elektronin\u0117je parduotuv\u0117je saugomais asmens duomenimis galima susipa\u017einti ir atlikti pataisymus elektronin\u0117s parduotuv\u0117s paskyros valdyme.\n<strong>Sutikimo at\u0161aukimas<\/strong><br \/>\nJeigu asmens duomen\u0173 tvarkymas vyksta kliento sutikimo pagrindu, klientas turi teis\u0119 at\u0161aukti sutikim\u0105 elektronin\u0117s parduotuv\u0117s paskyros tvarkyme.\n<strong>Sand\u0117liavimas<\/strong><br \/>\nU\u017edarius elektronin\u0117s parduotuv\u0117s kliento paskyr\u0105, asmens duomenys i\u0161trinami, i\u0161skyrus atvejus, kai tokius duomenis reikia saugoti apskaitos tikslais ar vartotoj\u0173 gin\u010dams spr\u0119sti.\n<p>Perkant elektronin\u0117je parduotuv\u0117je sve\u010dio teis\u0117mis (be vartotojo abonemento), suasmeninta pirkini\u0173 istorija saugoma trejus metus.<\/p>\n<p>Kilus gin\u010dams, susijusiems su mok\u0117jimais ir vartotoj\u0173 gin\u010dais, asmens duomenys bus saugomi iki ie\u0161kinio \u012fvykdymo arba iki ie\u0161kinio senaties termino pabaigos (trejus metus).<\/p>\n<p>Apskaitai b\u016btini asmens duomenys saugomi septynerius metus.<\/p>\n<strong>I\u0161trynimas<\/strong><br \/>\nAsmens duomenys, saugomi elektronin\u0117je parduotuv\u0117je kartu su vartotojo paskyra, gali b\u016bti i\u0161trinti elektronin\u0117s parduotuv\u0117s paskyros valdyme.\n<p>Pra\u0161yti i\u0161trinti kitus asmens duomenis galite naudodami duomen\u0173 u\u017eklausos form\u0105. \u012e pra\u0161ym\u0105 i\u0161trinti duomenis bus atsakyta ne v\u0117liau kaip per m\u0117nes\u012f, o prireikus bus patikslintas duomen\u0173 i\u0161trynimo laikotarpis.<\/p>\n<strong>Perdavimas<\/strong><br \/>\nElektronin\u0119 elektronin\u0117je parduotuv\u0117je saugom\u0173 asmens duomen\u0173 i\u0161ra\u0161\u0105 galite atsisi\u0173sti elektronin\u0117s parduotuv\u0117s paskyros tvarkyme.\n<p>Pra\u0161yti kit\u0173 asmens duomen\u0173 perdavimo galite naudodami duomen\u0173 u\u017eklausos form\u0105. \u012e pra\u0161ym\u0105 d\u0117l duomen\u0173 perdavimo bus atsakyta ne v\u0117liau kaip per m\u0117nes\u012f, per kur\u012f klient\u0173 aptarnavimo tarnyba nustato asmens tapatyb\u0119 ir informuoja apie perdavimui taikomus asmens duomenis.<\/p>\n<strong>Tiesiogin\u0117s rinkodaros prane\u0161imai<\/strong><br \/>\nPa\u0161to adresas ir telefono numeris naudojami tiesiogin\u0117s rinkodaros \u017einut\u0117ms si\u0173sti, jei klientas dav\u0117 sutikim\u0105. Jei klientas nenori gauti tiesiogin\u0117s rinkodaros prane\u0161im\u0173, jis turi pasirinkti atitinkam\u0105 nuorod\u0105 el. lai\u0161ko antra\u0161t\u0117je arba kreiptis \u012f klient\u0173 aptarnavimo skyri\u0173.\n<p>Jei asmens duomenys tvarkomi tiesiogin\u0117s rinkodaros (profiliavimo) tikslu, klientas turi teis\u0119 bet kada nesutikti, kad b\u016bt\u0173 tvarkomi tiek pirminiai, tiek tolesni jo asmens duomenys, \u012fskaitant profilio analiz\u0119, susijusi\u0105 su tiesiogine rinkodara, apie tai prane\u0161damas klient\u0173 aptarnavimo tarnybai iki pa\u0161tu.<\/p>\n<strong>Argument\u0173 sprendimas<\/strong><br \/>\nGin\u010dai, susij\u0119 su asmens duomen\u0173 tvarkymu, sprend\u017eiami per klient\u0173 aptarnavimo tarnyb\u0105. Prie\u017ei\u016bros institucija yra Estijos duomen\u0173 apsaugos inspekcija (info@aki.ee). Vartotoj\u0173 teisi\u0173 apsaugos komisija ir GES platforma.","protected":false},"excerpt":{"rendered":"<p>Privatumo politika Elektronin\u0117s parduotuv\u0117s pyr.ee asmens duomen\u0173 valdytojas yra P\u00dcR Cosmetics O\u00dc, registracijos kodas 16421821, adresas Estija, Tartumaa, Tartu, Jaama 76, 50605, telefonas +372 5398 1101 ir el. pa\u0161tas info@p\u00fcr.ee ( toliau \u201eprekybininkas\u201c). Kokie asmens duomenys tvarkomi, vardas ir pavard\u0117; kontaktin\u0117 informacija, pvz., telefono numeris ir el. pa\u0161to adresas; mok\u0117tojo ir pristatymo adresas; Banko s\u0105skaitos numeris; preki\u0173 ir paslaug\u0173 savikaina bei su mok\u0117jimais susij\u0119 duomenys (pirkimo istorija); klient\u0173 aptarnavimo duomenys; parduoti\u2026<\/p>","protected":false},"author":1,"featured_media":0,"parent":0,"menu_order":0,"comment_status":"closed","ping_status":"closed","template":"","meta":{"_acf_changed":false,"footnotes":""},"class_list":["post-3","page","type-page","status-publish","hentry"],"acf":[],"jetpack_sharing_enabled":true,"_links":{"self":[{"href":"https:\/\/purbeauty.eu\/lt\/wp-json\/wp\/v2\/pages\/3","targetHints":{"allow":["GET"]}}],"collection":[{"href":"https:\/\/purbeauty.eu\/lt\/wp-json\/wp\/v2\/pages"}],"about":[{"href":"https:\/\/purbeauty.eu\/lt\/wp-json\/wp\/v2\/types\/page"}],"author":[{"embeddable":true,"href":"https:\/\/purbeauty.eu\/lt\/wp-json\/wp\/v2\/users\/1"}],"replies":[{"embeddable":true,"href":"https:\/\/purbeauty.eu\/lt\/wp-json\/wp\/v2\/comments?post=3"}],"version-history":[{"count":0,"href":"https:\/\/purbeauty.eu\/lt\/wp-json\/wp\/v2\/pages\/3\/revisions"}],"wp:attachment":[{"href":"https:\/\/purbeauty.eu\/lt\/wp-json\/wp\/v2\/media?parent=3"}],"curies":[{"name":"wp","href":"https:\/\/api.w.org\/{rel}","templated":true}]}}