{"id":178,"date":"2022-02-11T13:06:01","date_gmt":"2022-02-11T13:06:01","guid":{"rendered":"https:\/\/p\u00fcr.ee\/?post_type=product&#038;p=178"},"modified":"2026-04-15T06:45:02","modified_gmt":"2026-04-15T03:45:02","slug":"4-in-love-your-selfie-longwear-foundation-concealer","status":"publish","type":"product","link":"https:\/\/purbeauty.eu\/lt\/produktas\/4-in-love-your-selfie-longwear-foundation-concealer\/","title":{"rendered":"Keturi viename \u201eLove Your Selfie\u201c \u2013 \u201eLongwear\u201c makia\u017eo pagrindas ir maskuoklis"},"content":{"rendered":"","protected":false},"excerpt":{"rendered":"<p class=\"p1\">Laikas pamilti savo od\u0105, asmenukes ir kiekvien\u0105 nuostabaus makia\u017eo kampel\u012f. \u201e4-in-1 Love Your Selfie\u2122\u201c \u2013 tai novatori\u0161kas makia\u017eo pagrindas ir maskuoklis, kuris ne tik padengia odos tr\u016bkumus, bet ir tuo pa\u010diu metu maitina od\u0105. Sen\u0117jim\u0105 stabdantis poveikis. <span class=\"s1\"><b>Ceretino kompleksas<\/b><\/span> ir gausu antioksidant\u0173 <span class=\"s1\"><b>Energetikos kompleksas<\/b><\/span> (\u017ealioji arbata, \u017een\u0161enis, vitaminas B) paver\u010dia \u0161\u012f makia\u017eo pagrind\u0105 tikru odos prie\u017ei\u016bros stebuklu.<\/p>\n<p class=\"p1\">Vidutinio arba visi\u0161ko padengimo formul\u0117 padeda apsaugoti od\u0105 nuo m\u0117lynosios \u0161viesos ir kasdieni\u0173 aplinkos agresori\u0173. Daugiau nei 80 veganams tinkam\u0173 atspalvi\u0173 \u2013 rausvi, neutral\u016bs ir auksiniai \u2013 puikiai dera su oda, kad rezultatas b\u016bt\u0173 nepriekai\u0161tingas.<\/p>\n<p class=\"p1\">Pasl\u0117pkite d\u0117meles, tamsias d\u0117mes ir netobulumus patogiu aplikatoriumi arba naudokite su pompute, kad padengtum\u0117te vis\u0105 veid\u0105.<\/p>\n<p class=\"p1\"><span class=\"s1\"><b>Filtro nereikia!<\/b><\/span><\/p>\n<p class=\"\">\u00a0<\/p>","protected":false},"featured_media":4313,"template":"","meta":{"_acf_changed":false},"product_brand":[],"product_cat":[20,154,147,136,126,152,128,155,127,113,102,150,31,22,101,28,151,144,41,29,130,123,124,129],"product_tag":[],"class_list":{"0":"post-178","1":"product","2":"type-product","3":"status-publish","4":"has-post-thumbnail","6":"product_cat-4in1","7":"product_cat-a-e","8":"product_cat-akne-plekid","9":"product_cat-b-vitamiin","10":"product_cat-ceretini-kompleks","11":"product_cat-ebauhtlane-nahatoon","12":"product_cat-energiakompleks","13":"product_cat-f-z","14":"product_cat-kapseldatud-retinool","15":"product_cat-konsiiler","16":"product_cat-koostise-jargi","17":"product_cat-kortsud","18":"product_cat-meigipohi","19":"product_cat-meik","20":"product_cat-muugihitid","21":"product_cat-naotuup","22":"product_cat-niisutus","23":"product_cat-normaalne","24":"product_cat-pohi","25":"product_cat-probleem","26":"product_cat-roheline-tee","27":"product_cat-saastusevastane","28":"product_cat-sinise-valguse-kaitse","29":"product_cat-zenzenn","31":"first","32":"instock","33":"shipping-taxable","34":"purchasable","35":"product-type-variable"},"acf":[],"jetpack_sharing_enabled":true,"_links":{"self":[{"href":"https:\/\/purbeauty.eu\/lt\/wp-json\/wp\/v2\/product\/178","targetHints":{"allow":["GET"]}}],"collection":[{"href":"https:\/\/purbeauty.eu\/lt\/wp-json\/wp\/v2\/product"}],"about":[{"href":"https:\/\/purbeauty.eu\/lt\/wp-json\/wp\/v2\/types\/product"}],"wp:featuredmedia":[{"embeddable":true,"href":"https:\/\/purbeauty.eu\/lt\/wp-json\/wp\/v2\/media\/4313"}],"wp:attachment":[{"href":"https:\/\/purbeauty.eu\/lt\/wp-json\/wp\/v2\/media?parent=178"}],"wp:term":[{"taxonomy":"product_brand","embeddable":true,"href":"https:\/\/purbeauty.eu\/lt\/wp-json\/wp\/v2\/product_brand?post=178"},{"taxonomy":"product_cat","embeddable":true,"href":"https:\/\/purbeauty.eu\/lt\/wp-json\/wp\/v2\/product_cat?post=178"},{"taxonomy":"product_tag","embeddable":true,"href":"https:\/\/purbeauty.eu\/lt\/wp-json\/wp\/v2\/product_tag?post=178"}],"curies":[{"name":"wp","href":"https:\/\/api.w.org\/{rel}","templated":true}]}}