{"id":214,"date":"2022-02-11T16:22:31","date_gmt":"2022-02-11T16:22:31","guid":{"rendered":"https:\/\/p\u00fcr.ee\/?post_type=product&#038;p=214"},"modified":"2026-04-15T06:30:02","modified_gmt":"2026-04-15T03:30:02","slug":"push-up-4-in-1-sculpting-concealer","status":"publish","type":"product","link":"https:\/\/purbeauty.eu\/lt\/produktas\/push-up-4-in-1-sculpting-concealer\/","title":{"rendered":"4-in-1 Sculpting korektorius"},"content":{"rendered":"","protected":false},"excerpt":{"rendered":"<p><b>4 viename formuojamasis maskuoklis \u2013 maskuoja, skaistina, dr\u0117kina ir kont\u016bruoja<\/b><\/p>\n<p class=\"p3\">\u201e4 viename\u201c formuojamasis maskuoklis yra veiksmingas ir universalus maskuoklis, padedantis pasiekti nepriekai\u0161ting\u0105 veido spalv\u0105. Lengvai tepama, sluoksniuojama formul\u0117 u\u017etikrina vidutin\u012f arba visi\u0161k\u0105 padengim\u0105 ir puikiai tinka odos netobulumams pasl\u0117pti, paaki\u0173 ratilams pa\u0161viesinti ir veidui formuoti.<\/p>\n<p class=\"p3\">D\u0117l dr\u0117gm\u0119 i\u0161laikan\u010dio natrio hialuronato, kofeino ir antioksidantais praturtinto energijos komplekso \u0161i priemon\u0117 ne tik padengia, bet ir r\u016bpinasi \u2013 lygina, dr\u0117kina ir gaivina od\u0105 vis\u0105 dien\u0105.<\/p>","protected":false},"featured_media":419,"template":"","meta":{"_acf_changed":false},"product_brand":[],"product_cat":[20,154,136,126,152,128,155,127,113,102,142,134,31,22,101,28,144,29,130,129],"product_tag":[],"class_list":{"0":"post-214","1":"product","2":"type-product","3":"status-publish","4":"has-post-thumbnail","6":"product_cat-4in1","7":"product_cat-a-e","8":"product_cat-b-vitamiin","9":"product_cat-ceretini-kompleks","10":"product_cat-ebauhtlane-nahatoon","11":"product_cat-energiakompleks","12":"product_cat-f-z","13":"product_cat-kapseldatud-retinool","14":"product_cat-konsiiler","15":"product_cat-koostise-jargi","16":"product_cat-kuiv","17":"product_cat-kurkum","18":"product_cat-meigipohi","19":"product_cat-meik","20":"product_cat-muugihitid","21":"product_cat-naotuup","22":"product_cat-normaalne","23":"product_cat-probleem","24":"product_cat-roheline-tee","25":"product_cat-zenzenn","27":"first","28":"instock","29":"shipping-taxable","30":"purchasable","31":"product-type-variable"},"acf":[],"jetpack_sharing_enabled":true,"_links":{"self":[{"href":"https:\/\/purbeauty.eu\/lt\/wp-json\/wp\/v2\/product\/214","targetHints":{"allow":["GET"]}}],"collection":[{"href":"https:\/\/purbeauty.eu\/lt\/wp-json\/wp\/v2\/product"}],"about":[{"href":"https:\/\/purbeauty.eu\/lt\/wp-json\/wp\/v2\/types\/product"}],"wp:featuredmedia":[{"embeddable":true,"href":"https:\/\/purbeauty.eu\/lt\/wp-json\/wp\/v2\/media\/419"}],"wp:attachment":[{"href":"https:\/\/purbeauty.eu\/lt\/wp-json\/wp\/v2\/media?parent=214"}],"wp:term":[{"taxonomy":"product_brand","embeddable":true,"href":"https:\/\/purbeauty.eu\/lt\/wp-json\/wp\/v2\/product_brand?post=214"},{"taxonomy":"product_cat","embeddable":true,"href":"https:\/\/purbeauty.eu\/lt\/wp-json\/wp\/v2\/product_cat?post=214"},{"taxonomy":"product_tag","embeddable":true,"href":"https:\/\/purbeauty.eu\/lt\/wp-json\/wp\/v2\/product_tag?post=214"}],"curies":[{"name":"wp","href":"https:\/\/api.w.org\/{rel}","templated":true}]}}