{"id":2329,"date":"2022-09-30T08:32:43","date_gmt":"2022-09-30T05:32:43","guid":{"rendered":"https:\/\/purestonia.ee\/?post_type=product&#038;p=2329"},"modified":"2026-04-15T06:40:02","modified_gmt":"2026-04-15T03:40:02","slug":"on-point-eyeshadow-palettes","status":"publish","type":"product","link":"https:\/\/purbeauty.eu\/lt\/produktas\/on-point-eyeshadow-palettes\/","title":{"rendered":"Ant Point aki\u0173 \u0161e\u0161\u0117li\u0173 palet\u0117s"},"content":{"rendered":"","protected":false},"excerpt":{"rendered":"<p class=\"p1\"><b>\u201eOn Point\u201c blizgu\u010di\u0173 kombinuot\u0173 aki\u0173 \u0161e\u0161\u0117li\u0173 palet\u0117<\/b><b><\/b><\/p>\n<p class=\"p2\">Aki\u0173 \u0161e\u0161\u0117li\u0173 palet\u0117 su \u0161e\u0161iais lengvai mai\u0161omais matiniais, blizgan\u010diais ir metaliniais atspalviais, praturtinta odos prie\u017ei\u016bros ingredientais. Puikiai tinka tiek dienai, tiek savaitgaliui, leid\u017eia sukurti \u012fvairius intensyvius ir individualiai pritaikomus makia\u017eo \u012fvaizd\u017eius.<\/p>","protected":false},"featured_media":2337,"template":"","meta":{"_acf_changed":false},"product_brand":[],"product_cat":[155,102,134,290,22,34],"product_tag":[],"class_list":{"0":"post-2329","1":"product","2":"type-product","3":"status-publish","4":"has-post-thumbnail","6":"product_cat-f-z","7":"product_cat-koostise-jargi","8":"product_cat-kurkum","9":"product_cat-lauvarvid","10":"product_cat-meik","11":"product_cat-silmad","13":"first","14":"outofstock","15":"shipping-taxable","16":"purchasable","17":"product-type-variable"},"acf":[],"jetpack_sharing_enabled":true,"_links":{"self":[{"href":"https:\/\/purbeauty.eu\/lt\/wp-json\/wp\/v2\/product\/2329","targetHints":{"allow":["GET"]}}],"collection":[{"href":"https:\/\/purbeauty.eu\/lt\/wp-json\/wp\/v2\/product"}],"about":[{"href":"https:\/\/purbeauty.eu\/lt\/wp-json\/wp\/v2\/types\/product"}],"wp:featuredmedia":[{"embeddable":true,"href":"https:\/\/purbeauty.eu\/lt\/wp-json\/wp\/v2\/media\/2337"}],"wp:attachment":[{"href":"https:\/\/purbeauty.eu\/lt\/wp-json\/wp\/v2\/media?parent=2329"}],"wp:term":[{"taxonomy":"product_brand","embeddable":true,"href":"https:\/\/purbeauty.eu\/lt\/wp-json\/wp\/v2\/product_brand?post=2329"},{"taxonomy":"product_cat","embeddable":true,"href":"https:\/\/purbeauty.eu\/lt\/wp-json\/wp\/v2\/product_cat?post=2329"},{"taxonomy":"product_tag","embeddable":true,"href":"https:\/\/purbeauty.eu\/lt\/wp-json\/wp\/v2\/product_tag?post=2329"}],"curies":[{"name":"wp","href":"https:\/\/api.w.org\/{rel}","templated":true}]}}