{"id":2370,"date":"2022-10-05T16:25:19","date_gmt":"2022-10-05T13:25:19","guid":{"rendered":"https:\/\/purestonia.ee\/?post_type=product&#038;p=2370"},"modified":"2026-04-15T07:40:01","modified_gmt":"2026-04-15T04:40:01","slug":"silky-pout-creamy-lip-chubby","status":"publish","type":"product","link":"https:\/\/purbeauty.eu\/lt\/produktas\/silky-pout-creamy-lip-chubby\/","title":{"rendered":"Silky Pout Kremin\u0117s l\u016bpos putli"},"content":{"rendered":"","protected":false},"excerpt":{"rendered":"<p class=\"p1\">Atraskite savo P\u00dcR-tobul\u0173 l\u016bp\u0173 paslapt\u012f! \u201eCreamy Lip Chubby\u201c itin dr\u0117kina ir yra patogus naudoti \u2013 puikus pagalbininkas kasdienai ir ypatingoms progoms. M\u0117gaukit\u0117s sodriais spalv\u0173 pigmentais ir r\u016bpestinga formule, kuri maitina ir apsaugo j\u016bs\u0173 l\u016bpas. Pasiruo\u0161kite viliojan\u010diai ir sveikai l\u016bp\u0173 spalvai, kuri i\u0161lieka ir atrodo nat\u016braliai!<\/p>","protected":false},"featured_media":2377,"template":"","meta":{"_acf_changed":false},"product_brand":[],"product_cat":[18,118,22,41,305],"product_tag":[],"class_list":{"0":"post-2370","1":"product","2":"type-product","3":"status-publish","4":"has-post-thumbnail","6":"product_cat-best-sellers","7":"product_cat-huuled","8":"product_cat-meik","9":"product_cat-pohi","10":"product_cat-soodustus","12":"first","13":"outofstock","14":"sale","15":"shipping-taxable","16":"purchasable","17":"product-type-variable"},"acf":[],"jetpack_sharing_enabled":true,"_links":{"self":[{"href":"https:\/\/purbeauty.eu\/lt\/wp-json\/wp\/v2\/product\/2370","targetHints":{"allow":["GET"]}}],"collection":[{"href":"https:\/\/purbeauty.eu\/lt\/wp-json\/wp\/v2\/product"}],"about":[{"href":"https:\/\/purbeauty.eu\/lt\/wp-json\/wp\/v2\/types\/product"}],"wp:featuredmedia":[{"embeddable":true,"href":"https:\/\/purbeauty.eu\/lt\/wp-json\/wp\/v2\/media\/2377"}],"wp:attachment":[{"href":"https:\/\/purbeauty.eu\/lt\/wp-json\/wp\/v2\/media?parent=2370"}],"wp:term":[{"taxonomy":"product_brand","embeddable":true,"href":"https:\/\/purbeauty.eu\/lt\/wp-json\/wp\/v2\/product_brand?post=2370"},{"taxonomy":"product_cat","embeddable":true,"href":"https:\/\/purbeauty.eu\/lt\/wp-json\/wp\/v2\/product_cat?post=2370"},{"taxonomy":"product_tag","embeddable":true,"href":"https:\/\/purbeauty.eu\/lt\/wp-json\/wp\/v2\/product_tag?post=2370"}],"curies":[{"name":"wp","href":"https:\/\/api.w.org\/{rel}","templated":true}]}}