{"id":2420,"date":"2022-10-05T17:58:34","date_gmt":"2022-10-05T14:58:34","guid":{"rendered":"https:\/\/purestonia.ee\/?post_type=product&#038;p=2420"},"modified":"2026-04-15T06:40:01","modified_gmt":"2026-04-15T03:40:01","slug":"4-in-1-cloud-cream-gel-to-water-hydrating-essence-moisturizer","status":"publish","type":"product","link":"https:\/\/purbeauty.eu\/lt\/produktas\/4-in-1-cloud-cream-gel-to-water-hydrating-essence-moisturizer\/","title":{"rendered":"4 viename debes\u0173 kremas-gelis-vandens dr\u0117kinamoji esencija"},"content":{"rendered":"","protected":false},"excerpt":{"rendered":"<h2><b>P\u00dcR 4 viename debes\u0173 kremas \u2013 dr\u0117kinanti prabanga j\u016bs\u0173 odai<\/b><\/h2>\n<p>&nbsp;<\/p>\n<p class=\"p3\">\u012ekv\u0117ptas gaivumo ir lengvumo, <span class=\"s2\"><b>P\u00dcR 4 viename debes\u0173 kremas<\/b><\/span> I\u0161skirtinai dr\u0117kinantis, ta\u010diau \u0161velnus ir lengvas gelinis dr\u0117kiklis, kuris palieka od\u0105 \u0161velni\u0105 ir \u0161ilkin\u0119.<\/p>\n<p class=\"p3\">\u0160is novatori\u0161kas dr\u0117kinamasis kremas ant odos i\u0161 gelio virsta vandens pagrindo esencija, suteikdamas akimirksniu gaivumo ir gilaus dr\u0117kinimo.<\/p>\n<p class=\"p3\">Praturtintas <span class=\"s2\"><b>su sen\u0117jim\u0105 stabdan\u010diu Ceretin\u2122 kompleksu<\/b><\/span>, kuris padeda i\u0161lyginti odos tekst\u016br\u0105, suma\u017einti sausum\u0105 ir puikiai paruo\u0161ia od\u0105 makia\u017eui.<\/p>\n<p class=\"p3\">Idealiai tinka kasdienei odos prie\u017ei\u016bros rutinai \u2013 patogus pasirinkimas, jei ie\u0161kote produkto, kuris <span class=\"s2\"><b>dr\u0117kina, puosel\u0117ja ir sukuria tobul\u0105 makia\u017eo pagrind\u0105.<\/b><\/span><\/p>\n<p>&nbsp;<\/p>\n<p class=\"p4\"><b>Tinka kasdienei odos prie\u017ei\u016brai \u2013 patogus pasirinkimas, jei norite dr\u0117kinamosios ir makia\u017eui paruo\u0161tos priemon\u0117s viename.<\/b><b><\/b><\/p>\n<p class=\"p4\"><b>\u012ed\u0117kite \u012f krep\u0161el\u012f ir i\u0161bandykite.<\/b><\/p>\n<p><b>Svoris:<\/b>\u00a0 50 g<\/p>","protected":false},"featured_media":3721,"template":"","meta":{"_acf_changed":false},"product_brand":[],"product_cat":[147,152,146,150,101,153,321,23,42,28,151,144,143,29,149,145],"product_tag":[],"class_list":{"0":"post-2420","1":"product","2":"type-product","3":"status-publish","4":"has-post-thumbnail","6":"product_cat-akne-plekid","7":"product_cat-ebauhtlane-nahatoon","8":"product_cat-kombineeritud","9":"product_cat-kortsud","10":"product_cat-muugihitid","11":"product_cat-nagu-naohooldus","12":"product_cat-nahatuubid","13":"product_cat-naohooldus","14":"product_cat-naokreemid","15":"product_cat-naotuup","16":"product_cat-niisutus","17":"product_cat-normaalne","18":"product_cat-oline","19":"product_cat-probleem","20":"product_cat-punetus","21":"product_cat-tundlik","23":"first","24":"instock","25":"shipping-taxable","26":"purchasable","27":"product-type-simple"},"acf":[],"jetpack_sharing_enabled":true,"_links":{"self":[{"href":"https:\/\/purbeauty.eu\/lt\/wp-json\/wp\/v2\/product\/2420","targetHints":{"allow":["GET"]}}],"collection":[{"href":"https:\/\/purbeauty.eu\/lt\/wp-json\/wp\/v2\/product"}],"about":[{"href":"https:\/\/purbeauty.eu\/lt\/wp-json\/wp\/v2\/types\/product"}],"wp:featuredmedia":[{"embeddable":true,"href":"https:\/\/purbeauty.eu\/lt\/wp-json\/wp\/v2\/media\/3721"}],"wp:attachment":[{"href":"https:\/\/purbeauty.eu\/lt\/wp-json\/wp\/v2\/media?parent=2420"}],"wp:term":[{"taxonomy":"product_brand","embeddable":true,"href":"https:\/\/purbeauty.eu\/lt\/wp-json\/wp\/v2\/product_brand?post=2420"},{"taxonomy":"product_cat","embeddable":true,"href":"https:\/\/purbeauty.eu\/lt\/wp-json\/wp\/v2\/product_cat?post=2420"},{"taxonomy":"product_tag","embeddable":true,"href":"https:\/\/purbeauty.eu\/lt\/wp-json\/wp\/v2\/product_tag?post=2420"}],"curies":[{"name":"wp","href":"https:\/\/api.w.org\/{rel}","templated":true}]}}