{"id":2434,"date":"2022-10-10T19:18:21","date_gmt":"2022-10-10T16:18:21","guid":{"rendered":"https:\/\/purestonia.ee\/?post_type=product&#038;p=2434"},"modified":"2026-04-15T06:25:01","modified_gmt":"2026-04-15T03:25:01","slug":"mellow-eyes-hemp-infused-eye-patches","status":"publish","type":"product","link":"https:\/\/purbeauty.eu\/lt\/produktas\/mellow-eyes-hemp-infused-eye-patches\/","title":{"rendered":"\u201eMellow Eyes\u201c aki\u0173 pleistrai su kanap\u0117mis"},"content":{"rendered":"","protected":false},"excerpt":{"rendered":"<p class=\"p1\">\n<p><b>\u201eMellow Eyes\u201c aki\u0173 pagalv\u0117l\u0117s<\/b><\/p>\n<p class=\"p3\"><b>Maitinamoji prie\u017ei\u016bra pavargusioms ir patinusioms akims \u2013 30 por\u0173<\/b><b><\/b><\/p>\n<p class=\"p4\">Ar j\u016bs\u0173 akys atrodo pavargusios ir patinusios? <span class=\"s2\"><b>\u0160velnios akys<\/b><\/span> Aki\u0173 pagalv\u0117l\u0117s yra b\u016btent tai, ko jums reikia! \u0160ios <span class=\"s2\"><b>i\u0161 kanapi\u0173<\/b><\/span> hidrogelio \u012fklotai padeda <span class=\"s2\"><b>suma\u017einti patinim\u0105, i\u0161lyginti<\/b><\/span> oda po akimis ir <span class=\"s2\"><b>suteikti skaistesn\u0119 veido spalv\u0105<\/b><\/span>.<\/p>\n<p class=\"p4\">Naudokite juos po ilgo vakaro lauke, prie\u0161 svarb\u0173 \u012fvyk\u012f arba ram\u0173 sekmadien\u012f namuose.<\/p>","protected":false},"featured_media":4300,"template":"","meta":{"_acf_changed":false},"product_brand":[],"product_cat":[18,152,146,150,142,101,153,321,23,119,28,151,144,143,29,149,120,43,145],"product_tag":[],"class_list":{"0":"post-2434","1":"product","2":"type-product","3":"status-publish","4":"has-post-thumbnail","6":"product_cat-best-sellers","7":"product_cat-ebauhtlane-nahatoon","8":"product_cat-kombineeritud","9":"product_cat-kortsud","10":"product_cat-kuiv","11":"product_cat-muugihitid","12":"product_cat-nagu-naohooldus","13":"product_cat-nahatuubid","14":"product_cat-naohooldus","15":"product_cat-naomaskid","16":"product_cat-naotuup","17":"product_cat-niisutus","18":"product_cat-normaalne","19":"product_cat-oline","20":"product_cat-probleem","21":"product_cat-punetus","22":"product_cat-silmaalla","23":"product_cat-silmakreemid","24":"product_cat-tundlik","26":"first","27":"instock","28":"shipping-taxable","29":"purchasable","30":"product-type-simple"},"acf":[],"jetpack_sharing_enabled":true,"_links":{"self":[{"href":"https:\/\/purbeauty.eu\/lt\/wp-json\/wp\/v2\/product\/2434","targetHints":{"allow":["GET"]}}],"collection":[{"href":"https:\/\/purbeauty.eu\/lt\/wp-json\/wp\/v2\/product"}],"about":[{"href":"https:\/\/purbeauty.eu\/lt\/wp-json\/wp\/v2\/types\/product"}],"wp:featuredmedia":[{"embeddable":true,"href":"https:\/\/purbeauty.eu\/lt\/wp-json\/wp\/v2\/media\/4300"}],"wp:attachment":[{"href":"https:\/\/purbeauty.eu\/lt\/wp-json\/wp\/v2\/media?parent=2434"}],"wp:term":[{"taxonomy":"product_brand","embeddable":true,"href":"https:\/\/purbeauty.eu\/lt\/wp-json\/wp\/v2\/product_brand?post=2434"},{"taxonomy":"product_cat","embeddable":true,"href":"https:\/\/purbeauty.eu\/lt\/wp-json\/wp\/v2\/product_cat?post=2434"},{"taxonomy":"product_tag","embeddable":true,"href":"https:\/\/purbeauty.eu\/lt\/wp-json\/wp\/v2\/product_tag?post=2434"}],"curies":[{"name":"wp","href":"https:\/\/api.w.org\/{rel}","templated":true}]}}