{"id":257,"date":"2022-02-11T16:38:29","date_gmt":"2022-02-11T14:38:29","guid":{"rendered":"https:\/\/p\u00fcr.ee\/?post_type=product&#038;p=257"},"modified":"2026-04-15T06:30:01","modified_gmt":"2026-04-15T03:30:01","slug":"skin-perfecting-powder-blushing-act","status":"publish","type":"product","link":"https:\/\/purbeauty.eu\/lt\/produktas\/skin-perfecting-powder-blushing-act\/","title":{"rendered":"Skin Perfecting Powder \u2013 Blushing Act"},"content":{"rendered":"","protected":false},"excerpt":{"rendered":"<p class=\"p1\">Suteikite savo veidui spindesio ir gaivumo su \u201eBlushing Act\u201c skaistalais. \u0160is od\u0105 puosel\u0117jantis pudros atspalvis praturtintas odos prie\u017ei\u016br\u0105 palaikan\u010diais ingredientais, \u012fskaitant maitinam\u0105j\u012f \u201eEnergy Complex\u201c ir \u201eCeretin Complex\u201c \u2013 i\u0161skirtin\u012f P\u00dcR dr\u0117kinam\u0173j\u0173 keramin\u0173 mi\u0161in\u012f. \u201eSkin Perfecting Powder\u201c pagerina odos i\u0161vaizd\u0105 kiekvien\u0105 kart\u0105, kai da\u017eai \u0161velniai tepami ant skruosto. Nuostabusis persik\u0173 atspalvis suteikia daugiasluoksn\u012f ir nat\u016braliai gra\u017e\u0173 matin\u012f atspalv\u012f, idealiai tinkant\u012f visiems odos tonams. Lengva ir lengvai paskirstoma formul\u0117 leid\u017eia sukurti subtil\u0173 skaistal\u0105 arba intensyvesn\u012f, dr\u0105sesn\u012f \u012fvaizd\u012f.<\/p>\n<p class=\"p1\"><span class=\"s1\"><b>Grynasis kiekis:<\/b><\/span> 8 g \/ 0,28 uncijos<\/p>\n<p class=\"\">","protected":false},"featured_media":258,"template":"","meta":{"_acf_changed":false},"product_brand":[],"product_cat":[154,136,126,128,155,127,102,142,22,28,132,151,41,116,29,130,129],"product_tag":[],"class_list":{"0":"post-257","1":"product","2":"type-product","3":"status-publish","4":"has-post-thumbnail","6":"product_cat-a-e","7":"product_cat-b-vitamiin","8":"product_cat-ceretini-kompleks","9":"product_cat-energiakompleks","10":"product_cat-f-z","11":"product_cat-kapseldatud-retinool","12":"product_cat-koostise-jargi","13":"product_cat-kuiv","14":"product_cat-meik","15":"product_cat-naotuup","16":"product_cat-niatsiinamiid","17":"product_cat-niisutus","18":"product_cat-pohi","19":"product_cat-posepuna","20":"product_cat-probleem","21":"product_cat-roheline-tee","22":"product_cat-zenzenn","24":"first","25":"instock","26":"shipping-taxable","27":"purchasable","28":"product-type-simple"},"acf":[],"jetpack_sharing_enabled":true,"_links":{"self":[{"href":"https:\/\/purbeauty.eu\/lt\/wp-json\/wp\/v2\/product\/257","targetHints":{"allow":["GET"]}}],"collection":[{"href":"https:\/\/purbeauty.eu\/lt\/wp-json\/wp\/v2\/product"}],"about":[{"href":"https:\/\/purbeauty.eu\/lt\/wp-json\/wp\/v2\/types\/product"}],"wp:featuredmedia":[{"embeddable":true,"href":"https:\/\/purbeauty.eu\/lt\/wp-json\/wp\/v2\/media\/258"}],"wp:attachment":[{"href":"https:\/\/purbeauty.eu\/lt\/wp-json\/wp\/v2\/media?parent=257"}],"wp:term":[{"taxonomy":"product_brand","embeddable":true,"href":"https:\/\/purbeauty.eu\/lt\/wp-json\/wp\/v2\/product_brand?post=257"},{"taxonomy":"product_cat","embeddable":true,"href":"https:\/\/purbeauty.eu\/lt\/wp-json\/wp\/v2\/product_cat?post=257"},{"taxonomy":"product_tag","embeddable":true,"href":"https:\/\/purbeauty.eu\/lt\/wp-json\/wp\/v2\/product_tag?post=257"}],"curies":[{"name":"wp","href":"https:\/\/api.w.org\/{rel}","templated":true}]}}