{"id":264,"date":"2022-02-11T16:43:16","date_gmt":"2022-02-11T14:43:16","guid":{"rendered":"https:\/\/p\u00fcr.ee\/?post_type=product&#038;p=264"},"modified":"2026-04-15T07:45:01","modified_gmt":"2026-04-15T04:45:01","slug":"4-in-1-loose-setting-powder","status":"publish","type":"product","link":"https:\/\/purbeauty.eu\/lt\/produktas\/4-in-1-loose-setting-powder\/","title":{"rendered":"Keturi viename bir\u016bs pudra"},"content":{"rendered":"","protected":false},"excerpt":{"rendered":"<p class=\"p1\">Atraskite kasdien\u0119 4 viename biri\u0105 fiksuojan\u010di\u0105 pudr\u0105, kuri ilgiau i\u0161laiko makia\u017e\u0105 ir maskuokl\u012f, palikdama nat\u016brali\u0105 ir lengv\u0105 apdail\u0105 \u2013 be gumul\u0117li\u0173 ar sluoksnio. \u0160velni ir smulkiagr\u016bd\u0117 pudra suteikia permatom\u0105 matin\u012f atspalv\u012f, kuris nenus\u0117da smulkiose rauk\u0161lel\u0117se ar porose ir skland\u017eiai susilieja su oda, pad\u0117dama i\u0161vengti smulki\u0173 rauk\u0161leli\u0173 atsiradimo.<\/p>\n<p class=\"p1\">D\u0117l \u017een\u0161enio, \u017ealiosios arbatos ir vitamino B derinio \u0161i pudra atgaivina od\u0105 ir suma\u017eina por\u0173 matomum\u0105, veikdama tarsi nematomas \u0161ydas, kuris vis\u0105 dien\u0105 i\u0161laiko j\u016bs\u0173 makia\u017e\u0105 nepriekai\u0161ting\u0105.<\/p>","protected":false},"featured_media":265,"template":"","meta":{"_acf_changed":false},"product_brand":[],"product_cat":[147,152,146,150,142,31,22,321,46,28,151,144,143,148,41,29,149,145],"product_tag":[],"class_list":{"0":"post-264","1":"product","2":"type-product","3":"status-publish","4":"has-post-thumbnail","6":"product_cat-akne-plekid","7":"product_cat-ebauhtlane-nahatoon","8":"product_cat-kombineeritud","9":"product_cat-kortsud","10":"product_cat-kuiv","11":"product_cat-meigipohi","12":"product_cat-meik","13":"product_cat-nahatuubid","14":"product_cat-naospreid","15":"product_cat-naotuup","16":"product_cat-niisutus","17":"product_cat-normaalne","18":"product_cat-oline","19":"product_cat-paikesekaitse","20":"product_cat-pohi","21":"product_cat-probleem","22":"product_cat-punetus","23":"product_cat-tundlik","25":"first","26":"instock","27":"shipping-taxable","28":"purchasable","29":"product-type-simple"},"acf":[],"jetpack_sharing_enabled":true,"_links":{"self":[{"href":"https:\/\/purbeauty.eu\/lt\/wp-json\/wp\/v2\/product\/264","targetHints":{"allow":["GET"]}}],"collection":[{"href":"https:\/\/purbeauty.eu\/lt\/wp-json\/wp\/v2\/product"}],"about":[{"href":"https:\/\/purbeauty.eu\/lt\/wp-json\/wp\/v2\/types\/product"}],"wp:featuredmedia":[{"embeddable":true,"href":"https:\/\/purbeauty.eu\/lt\/wp-json\/wp\/v2\/media\/265"}],"wp:attachment":[{"href":"https:\/\/purbeauty.eu\/lt\/wp-json\/wp\/v2\/media?parent=264"}],"wp:term":[{"taxonomy":"product_brand","embeddable":true,"href":"https:\/\/purbeauty.eu\/lt\/wp-json\/wp\/v2\/product_brand?post=264"},{"taxonomy":"product_cat","embeddable":true,"href":"https:\/\/purbeauty.eu\/lt\/wp-json\/wp\/v2\/product_cat?post=264"},{"taxonomy":"product_tag","embeddable":true,"href":"https:\/\/purbeauty.eu\/lt\/wp-json\/wp\/v2\/product_tag?post=264"}],"curies":[{"name":"wp","href":"https:\/\/api.w.org\/{rel}","templated":true}]}}