{"id":301,"date":"2022-02-18T18:10:54","date_gmt":"2022-02-18T16:10:54","guid":{"rendered":"https:\/\/p\u00fcr.ee\/?post_type=product&#038;p=301"},"modified":"2026-04-15T06:30:01","modified_gmt":"2026-04-15T03:30:01","slug":"big-look-ripsmeid-pikendav-ripsmetuss-argaania-oliga","status":"publish","type":"product","link":"https:\/\/purbeauty.eu\/lt\/produktas\/big-look-ripsmeid-pikendav-ripsmetuss-argaania-oliga\/","title":{"rendered":"Big Look tu\u0161as"},"content":{"rendered":"","protected":false},"excerpt":{"rendered":"<p class=\"p1\">Pakelkite savo blakstienas \u012f kit\u0105 lyg\u012f su P\u00dcR Long Luxe Lashes tu\u0161u! Jei ie\u0161kote tobulo tu\u0161o be gumul\u0117li\u0173, j\u012f radote. Praturtintas argano aliejumi, \u0161is apimties suteikiantis tu\u0161as padengia blakstienas maitinan\u010dia, intensyvia spalva, suteikdamas apimties ir gaiv\u0173, dr\u0117gn\u0105 blizges\u012f. I\u0161skirtinis nesulip\u0119s \u0161epet\u0117lis leid\u017eia lygiai ir skland\u017eiai padengti net ir sunkiai pasiekiamus vidinius blakstien\u0173 kampu\u010dius! Tikras gro\u017eio stebuklas kiekvienai blakstienai.<\/p>\n<p class=\"\">","protected":false},"featured_media":5410,"template":"","meta":{"_acf_changed":false},"product_brand":[],"product_cat":[154,137,102,22,28,144,139,34],"product_tag":[],"class_list":{"0":"post-301","1":"product","2":"type-product","3":"status-publish","4":"has-post-thumbnail","6":"product_cat-a-e","7":"product_cat-e-vitamiin","8":"product_cat-koostise-jargi","9":"product_cat-meik","10":"product_cat-naotuup","11":"product_cat-normaalne","12":"product_cat-ripsmetusid","13":"product_cat-silmad","15":"first","16":"instock","17":"shipping-taxable","18":"purchasable","19":"product-type-simple"},"acf":[],"jetpack_sharing_enabled":true,"_links":{"self":[{"href":"https:\/\/purbeauty.eu\/lt\/wp-json\/wp\/v2\/product\/301","targetHints":{"allow":["GET"]}}],"collection":[{"href":"https:\/\/purbeauty.eu\/lt\/wp-json\/wp\/v2\/product"}],"about":[{"href":"https:\/\/purbeauty.eu\/lt\/wp-json\/wp\/v2\/types\/product"}],"wp:featuredmedia":[{"embeddable":true,"href":"https:\/\/purbeauty.eu\/lt\/wp-json\/wp\/v2\/media\/5410"}],"wp:attachment":[{"href":"https:\/\/purbeauty.eu\/lt\/wp-json\/wp\/v2\/media?parent=301"}],"wp:term":[{"taxonomy":"product_brand","embeddable":true,"href":"https:\/\/purbeauty.eu\/lt\/wp-json\/wp\/v2\/product_brand?post=301"},{"taxonomy":"product_cat","embeddable":true,"href":"https:\/\/purbeauty.eu\/lt\/wp-json\/wp\/v2\/product_cat?post=301"},{"taxonomy":"product_tag","embeddable":true,"href":"https:\/\/purbeauty.eu\/lt\/wp-json\/wp\/v2\/product_tag?post=301"}],"curies":[{"name":"wp","href":"https:\/\/api.w.org\/{rel}","templated":true}]}}