{"id":3149,"date":"2023-03-17T12:54:10","date_gmt":"2023-03-17T10:54:10","guid":{"rendered":"https:\/\/purbeauty.eu\/toode\/pm-go-with-the-glow-niacinamid\/"},"modified":"2026-04-15T07:50:01","modified_gmt":"2026-04-15T04:50:01","slug":"pm-go-with-the-glow-niacinamid","status":"publish","type":"product","link":"https:\/\/purbeauty.eu\/lt\/produktas\/pm-go-with-the-glow-niacinamid\/","title":{"rendered":"Eik su \u0161vyt\u0117jimo niacinamidais"},"content":{"rendered":"","protected":false},"excerpt":{"rendered":"<p class=\"p1\"><b>\u0160viesinantis serumas su niacinamidu, vitaminu C ir skvalanu<\/b><\/p>\n<p class=\"p4\">Pajuskite savo odos \u0161vyt\u0117jim\u0105! \u0160is daugiafunkcis serumas padeda <span class=\"s2\"><b>atgaivinti pavargusi\u0105 ir papilk\u0117jusi\u0105 od\u0105<\/b><\/span>, suma\u017einti <span class=\"s2\"><b>pigmentacija<\/b><\/span> ir suderinti <span class=\"s2\"><b>odos tonas<\/b><\/span> \u2013 viskas viename butelyje.<\/p>","protected":false},"featured_media":3151,"template":"","meta":{"_acf_changed":false},"product_brand":[],"product_cat":[147,152,146,150,142,153,321,23,45,28,151,144,143,29,149,121,145],"product_tag":[],"class_list":{"0":"post-3149","1":"product","2":"type-product","3":"status-publish","4":"has-post-thumbnail","6":"product_cat-akne-plekid","7":"product_cat-ebauhtlane-nahatoon","8":"product_cat-kombineeritud","9":"product_cat-kortsud","10":"product_cat-kuiv","11":"product_cat-nagu-naohooldus","12":"product_cat-nahatuubid","13":"product_cat-naohooldus","14":"product_cat-naoseerumid-olid","15":"product_cat-naotuup","16":"product_cat-niisutus","17":"product_cat-normaalne","18":"product_cat-oline","19":"product_cat-probleem","20":"product_cat-punetus","21":"product_cat-seerumid","22":"product_cat-tundlik","24":"first","25":"instock","26":"shipping-taxable","27":"purchasable","28":"product-type-simple"},"acf":[],"jetpack_sharing_enabled":true,"_links":{"self":[{"href":"https:\/\/purbeauty.eu\/lt\/wp-json\/wp\/v2\/product\/3149","targetHints":{"allow":["GET"]}}],"collection":[{"href":"https:\/\/purbeauty.eu\/lt\/wp-json\/wp\/v2\/product"}],"about":[{"href":"https:\/\/purbeauty.eu\/lt\/wp-json\/wp\/v2\/types\/product"}],"wp:featuredmedia":[{"embeddable":true,"href":"https:\/\/purbeauty.eu\/lt\/wp-json\/wp\/v2\/media\/3151"}],"wp:attachment":[{"href":"https:\/\/purbeauty.eu\/lt\/wp-json\/wp\/v2\/media?parent=3149"}],"wp:term":[{"taxonomy":"product_brand","embeddable":true,"href":"https:\/\/purbeauty.eu\/lt\/wp-json\/wp\/v2\/product_brand?post=3149"},{"taxonomy":"product_cat","embeddable":true,"href":"https:\/\/purbeauty.eu\/lt\/wp-json\/wp\/v2\/product_cat?post=3149"},{"taxonomy":"product_tag","embeddable":true,"href":"https:\/\/purbeauty.eu\/lt\/wp-json\/wp\/v2\/product_tag?post=3149"}],"curies":[{"name":"wp","href":"https:\/\/api.w.org\/{rel}","templated":true}]}}