{"id":319,"date":"2022-02-18T19:17:35","date_gmt":"2022-02-18T17:17:35","guid":{"rendered":"https:\/\/p\u00fcr.ee\/?post_type=product&#038;p=319"},"modified":"2026-04-15T06:30:01","modified_gmt":"2026-04-15T03:30:01","slug":"chisel-brush","status":"publish","type":"product","link":"https:\/\/purbeauty.eu\/lt\/produktas\/chisel-brush\/","title":{"rendered":"Kaltas \u0161epetys"},"content":{"rendered":"","protected":false},"excerpt":{"rendered":"<p class=\"p1\">\u201eChisel Brush\u201c yra profesionalus makia\u017eo \u0161epet\u0117lis, specialiai sukurtas tobulam P\u00dcR 4-in-1 presuoto mineralinio makia\u017eo \u0161epet\u0117liui u\u017etepti. Ergonomi\u0161ka forma ir tankiai i\u0161d\u0117styti \u0161ereliai u\u017etikrina tolyg\u0173, glotn\u0173 ir nepriekai\u0161ting\u0105 rezultat\u0105, kuris i\u0161lieka vis\u0105 dien\u0105. Jis taip pat puikiai tinka naudoti su kitais P\u00dcR pudros makia\u017eo produktais, norint pasiekti profesional\u0173 rezultat\u0105 namuose ar studijoje.<\/p>","protected":false},"featured_media":320,"template":"","meta":{"_acf_changed":false},"product_brand":[],"product_cat":[31,22,41,99],"product_tag":[],"class_list":{"0":"post-319","1":"product","2":"type-product","3":"status-publish","4":"has-post-thumbnail","6":"product_cat-meigipohi","7":"product_cat-meik","8":"product_cat-pohi","9":"product_cat-tarvikud","11":"first","12":"instock","13":"shipping-taxable","14":"purchasable","15":"product-type-simple"},"acf":[],"jetpack_sharing_enabled":true,"_links":{"self":[{"href":"https:\/\/purbeauty.eu\/lt\/wp-json\/wp\/v2\/product\/319","targetHints":{"allow":["GET"]}}],"collection":[{"href":"https:\/\/purbeauty.eu\/lt\/wp-json\/wp\/v2\/product"}],"about":[{"href":"https:\/\/purbeauty.eu\/lt\/wp-json\/wp\/v2\/types\/product"}],"wp:featuredmedia":[{"embeddable":true,"href":"https:\/\/purbeauty.eu\/lt\/wp-json\/wp\/v2\/media\/320"}],"wp:attachment":[{"href":"https:\/\/purbeauty.eu\/lt\/wp-json\/wp\/v2\/media?parent=319"}],"wp:term":[{"taxonomy":"product_brand","embeddable":true,"href":"https:\/\/purbeauty.eu\/lt\/wp-json\/wp\/v2\/product_brand?post=319"},{"taxonomy":"product_cat","embeddable":true,"href":"https:\/\/purbeauty.eu\/lt\/wp-json\/wp\/v2\/product_cat?post=319"},{"taxonomy":"product_tag","embeddable":true,"href":"https:\/\/purbeauty.eu\/lt\/wp-json\/wp\/v2\/product_tag?post=319"}],"curies":[{"name":"wp","href":"https:\/\/api.w.org\/{rel}","templated":true}]}}