{"id":332,"date":"2022-02-18T19:49:20","date_gmt":"2022-02-18T19:49:20","guid":{"rendered":"https:\/\/p\u00fcr.ee\/?post_type=product&#038;p=332"},"modified":"2026-04-15T06:30:01","modified_gmt":"2026-04-15T03:30:01","slug":"forever-clean-naopuhastusvahend","status":"publish","type":"product","link":"https:\/\/purbeauty.eu\/lt\/produktas\/forever-clean-naopuhastusvahend\/","title":{"rendered":"Forever Clean \u2013 \u0161velnus putojantis valiklis"},"content":{"rendered":"","protected":false},"excerpt":{"rendered":"<p class=\"p1\">Pakelkite savo odos prie\u017ei\u016bros rutin\u0105 \u012f kit\u0105 lyg\u012f su \u201eForever Clean\u201c \u2013 \u0161velniu ir gaivinan\u010diu valikliu, kuris efektyviai pa\u0161alina ne\u0161varumus, riebal\u0173 pertekli\u0173 ir liku\u010dius, sudr\u0117kindamas ir nuramindamas od\u0105. Antioksidantais praturtinta formul\u0117 su \u017ealiosios arbatos ir alavijo ekstraktais padeda giliai dr\u0117kinti ir raminti od\u0105. Specialus drugelio med\u017eio ekstraktas apsaugo od\u0105 nuo kenksmingos m\u0117lynos \u0161viesos, tod\u0117l ji atrodo jaunesn\u0117 ir sveikesn\u0117. Puikiai tinka kasdieniam naudojimui, padeda suma\u017einti netolyg\u0173 odos atspalv\u012f ir prie\u0161laikinio sen\u0117jimo po\u017eymius. \u201eForever Clean\u201c dabar si\u016blo nauj\u0105, ekologi\u0161kesn\u0119 ir perdirbamesn\u0119 pakuot\u0119, kuri padeda suma\u017einti pakuo\u010di\u0173 atliekas.<\/p>","protected":false},"featured_media":5370,"template":"","meta":{"_acf_changed":false},"product_brand":[],"product_cat":[152,24,146,150,101,153,321,23,28,151,144,29,44,145],"product_tag":[],"class_list":{"0":"post-332","1":"product","2":"type-product","3":"status-publish","4":"has-post-thumbnail","6":"product_cat-ebauhtlane-nahatoon","7":"product_cat-eripakkumised","8":"product_cat-kombineeritud","9":"product_cat-kortsud","10":"product_cat-muugihitid","11":"product_cat-nagu-naohooldus","12":"product_cat-nahatuubid","13":"product_cat-naohooldus","14":"product_cat-naotuup","15":"product_cat-niisutus","16":"product_cat-normaalne","17":"product_cat-probleem","18":"product_cat-puhastusvahendid","19":"product_cat-tundlik","21":"first","22":"instock","23":"shipping-taxable","24":"purchasable","25":"product-type-simple"},"acf":[],"jetpack_sharing_enabled":true,"_links":{"self":[{"href":"https:\/\/purbeauty.eu\/lt\/wp-json\/wp\/v2\/product\/332","targetHints":{"allow":["GET"]}}],"collection":[{"href":"https:\/\/purbeauty.eu\/lt\/wp-json\/wp\/v2\/product"}],"about":[{"href":"https:\/\/purbeauty.eu\/lt\/wp-json\/wp\/v2\/types\/product"}],"wp:featuredmedia":[{"embeddable":true,"href":"https:\/\/purbeauty.eu\/lt\/wp-json\/wp\/v2\/media\/5370"}],"wp:attachment":[{"href":"https:\/\/purbeauty.eu\/lt\/wp-json\/wp\/v2\/media?parent=332"}],"wp:term":[{"taxonomy":"product_brand","embeddable":true,"href":"https:\/\/purbeauty.eu\/lt\/wp-json\/wp\/v2\/product_brand?post=332"},{"taxonomy":"product_cat","embeddable":true,"href":"https:\/\/purbeauty.eu\/lt\/wp-json\/wp\/v2\/product_cat?post=332"},{"taxonomy":"product_tag","embeddable":true,"href":"https:\/\/purbeauty.eu\/lt\/wp-json\/wp\/v2\/product_tag?post=332"}],"curies":[{"name":"wp","href":"https:\/\/api.w.org\/{rel}","templated":true}]}}