{"id":344,"date":"2022-02-18T20:03:44","date_gmt":"2022-02-18T18:03:44","guid":{"rendered":"https:\/\/p\u00fcr.ee\/?post_type=product&#038;p=344"},"modified":"2026-04-15T06:30:02","modified_gmt":"2026-04-15T03:30:02","slug":"joystick-exfoliating-sugav-pooride-puhastaja","status":"publish","type":"product","link":"https:\/\/purbeauty.eu\/lt\/produktas\/joystick-exfoliating-sugav-pooride-puhastaja\/","title":{"rendered":"Joystick \u0161vei\u010diamasis giluminis por\u0173 valiklis"},"content":{"rendered":"","protected":false},"excerpt":{"rendered":"<p class=\"p1\"><b>P\u00dcR \u201eSee No More Deep Pore Cleanser Stick\u201c \u2013 giliai valantis \u0161vei\u010diamasis veido valiklis<\/b><b><\/b><\/p>\n<p class=\"p3\">Pasiekite lygesn\u0119, skaistesn\u0119 ir sveikesn\u0119 veido od\u0105 su \u201eP\u00dcR See No More Deep Cleansing Cleansing Stick\u201c. \u0160is 3 viename veido valiklis valo, \u0161vei\u010dia ir tonizuoja od\u0105 vienu metu, pad\u0117damas efektyviai pa\u0161alinti ne\u0161varumus, riebal\u0173 pertekli\u0173 ir u\u017esikim\u0161imus. Putojanti formul\u0117 suaktyv\u0117ja kontaktuodama su vandeniu, giliai i\u0161valo poras ir palieka od\u0105 gaivi\u0105 bei subalansuot\u0105. Idealiai tinka kasdieniam naudojimui visiems odos tipams, bet ypa\u010d tinka probleminei ir \u012f akn\u0119 linkusiai odai.<\/p>","protected":false},"featured_media":345,"template":"","meta":{"_acf_changed":false},"product_brand":[],"product_cat":[147,152,146,150,142,153,321,23,119,28,151,144,143,29,44,145],"product_tag":[],"class_list":{"0":"post-344","1":"product","2":"type-product","3":"status-publish","4":"has-post-thumbnail","6":"product_cat-akne-plekid","7":"product_cat-ebauhtlane-nahatoon","8":"product_cat-kombineeritud","9":"product_cat-kortsud","10":"product_cat-kuiv","11":"product_cat-nagu-naohooldus","12":"product_cat-nahatuubid","13":"product_cat-naohooldus","14":"product_cat-naomaskid","15":"product_cat-naotuup","16":"product_cat-niisutus","17":"product_cat-normaalne","18":"product_cat-oline","19":"product_cat-probleem","20":"product_cat-puhastusvahendid","21":"product_cat-tundlik","23":"first","24":"instock","25":"shipping-taxable","26":"purchasable","27":"product-type-simple"},"acf":[],"jetpack_sharing_enabled":true,"_links":{"self":[{"href":"https:\/\/purbeauty.eu\/lt\/wp-json\/wp\/v2\/product\/344","targetHints":{"allow":["GET"]}}],"collection":[{"href":"https:\/\/purbeauty.eu\/lt\/wp-json\/wp\/v2\/product"}],"about":[{"href":"https:\/\/purbeauty.eu\/lt\/wp-json\/wp\/v2\/types\/product"}],"wp:featuredmedia":[{"embeddable":true,"href":"https:\/\/purbeauty.eu\/lt\/wp-json\/wp\/v2\/media\/345"}],"wp:attachment":[{"href":"https:\/\/purbeauty.eu\/lt\/wp-json\/wp\/v2\/media?parent=344"}],"wp:term":[{"taxonomy":"product_brand","embeddable":true,"href":"https:\/\/purbeauty.eu\/lt\/wp-json\/wp\/v2\/product_brand?post=344"},{"taxonomy":"product_cat","embeddable":true,"href":"https:\/\/purbeauty.eu\/lt\/wp-json\/wp\/v2\/product_cat?post=344"},{"taxonomy":"product_tag","embeddable":true,"href":"https:\/\/purbeauty.eu\/lt\/wp-json\/wp\/v2\/product_tag?post=344"}],"curies":[{"name":"wp","href":"https:\/\/api.w.org\/{rel}","templated":true}]}}